{"id":2194,"date":"2017-09-07T13:30:21","date_gmt":"2017-09-07T11:30:21","guid":{"rendered":"http:\/\/ms-advocats.com\/?page_id=2194\/"},"modified":"2020-11-03T17:28:20","modified_gmt":"2020-11-03T15:28:20","slug":"%e9%9a%90%e7%a7%81%e6%94%bf%e7%ad%96","status":"publish","type":"page","link":"https:\/\/ms-advocats.com\/zh-hans\/%e9%9a%90%e7%a7%81%e6%94%bf%e7%ad%96\/","title":{"rendered":"\u9690\u79c1\u653f\u7b56"},"content":{"rendered":"<p class=\"p1\">Para <b>MITJANS ADVOCATS<\/b> es muy importante garantizar el tratamiento de los datos personales de los interesados en los servicios que ofrecemos, y dar cumplimiento al Reglamento (UE) 2016\/679 del Parlamento Europeo y del Consejo de 27 de abril de 2016, relativo a la protecci\u00f3n de las personas f\u00edsicas en lo que respecta al tratamiento de datos personales y a la libre circulaci\u00f3n de estos datos, denominado Reglamento General de Protecci\u00f3n de Datos, (en lo sucesivo RGPD).<\/p>\n<p class=\"p1\">Queremos ofrecerte toda la informaci\u00f3n necesaria de una forma transparente y sencilla, por lo que te recomendamos leer tranquilamente esta pol\u00edtica de privacidad, y as\u00ed poder conocer y entender los tratamientos de datos que ejecutamos.<\/p>\n<p class=\"p1\">Nuestro m\u00e1ximo compromiso es la confidencialidad y seguridad de tus datos, de forma que nos esforzamos d\u00eda a d\u00eda en mejorar nuestros procesos de tratamiento de datos personales.<\/p>\n<p class=\"p1\">La pol\u00edtica de privacidad puede ser modificada por decisi\u00f3n unilateral de MITJANS ADVOCATS, por lo que se recomienda su consulta de forma regular.<\/p>\n<p class=\"p1\">Si tienes cualquier duda relativa al tratamiento de tus datos personales, no dudes en contactar con nosotros por medio del email: <a href=\"mailto:info@ms-advocats.com\"><span class=\"s1\">info@ms-advocats.com<\/span><\/a><\/p>\n<p class=\"p2\"><b>\u00bfQui\u00e9n es el responsable del tratamiento de tus datos?<\/b><\/p>\n<p class=\"p1\">El responsable de tratamiento de datos personales de <b>MITJANS ADVOCATS<\/b> es:<\/p>\n<ul class=\"ul1\">\n<li class=\"li1\">MITJANS ADVOCATS SL<span class=\"Apple-converted-space\">\u00a0 <\/span>con CIF<\/li>\n<\/ul>\n<p class=\"p1\">Como punto de contacto \u00fanico para los interesados se designa el siguiente:<\/p>\n<ul class=\"ul1\">\n<li class=\"li1\">C.<span class=\"Apple-converted-space\">\u00a0 <\/span>Enric Granados n\u00fam 86.88-<span class=\"Apple-converted-space\">\u00a0 <\/span>Barcelona<\/li>\n<li class=\"li3\"><span class=\"s2\">Email <a href=\"mailto:info@ms-advocats.com\"><span class=\"s1\">info@ms-advocats.com<\/span><\/a><\/span><\/li>\n<li class=\"li1\">Tel\u00e9fono: 932688740<\/li>\n<\/ul>\n<p class=\"p2\"><b>\u00bfQu\u00e9 hacemos con tus datos personales?<\/b><\/p>\n<p class=\"p1\">A continuaci\u00f3n, te informamos de las finalidades para la cual tratamos tus datos personales, y que sin ser una relaci\u00f3n exhaustiva se pueden concretar en:<\/p>\n<ol class=\"ol1\">\n<li class=\"li1\">Atenci\u00f3n a interesados o consultas sobre los servicios propios de MITJANS ADVOCATS.<\/li>\n<li class=\"li1\">Gesti\u00f3n de la relaci\u00f3n contractual con los clientes y proveedores de MITJANS ADVOCATS: gesti\u00f3n econ\u00f3mica, facturaci\u00f3n y administraci\u00f3n.<\/li>\n<li class=\"li1\">Gesti\u00f3n y seguimiento para env\u00edos de comunicaciones de car\u00e1cter comercial, informativo o servicios que puedan ser de inter\u00e9s para los interesados.<\/li>\n<\/ol>\n<p class=\"p1\"><b>\u00bfQu\u00e9 datos personales recogemos?<\/b><\/p>\n<p class=\"p1\">Los datos que recogemos son los estrictamente necesarios para la realizaci\u00f3n de las finalidades descritas con anterioridad y que se pueden concretar con:<\/p>\n<ol class=\"ol1\">\n<li class=\"li1\">Datos identificativos necesarios para establecer la relaci\u00f3n contractual tales como nombre y apellidos, NIF y otros datos fiscales.<\/li>\n<li class=\"li1\">Datos identificativos para poder comunicarnos tales como tel\u00e9fono, correo electr\u00f3nico.<\/li>\n<\/ol>\n<p class=\"p1\">Cuando nos proporcionas tu informaci\u00f3n, te comprometes a que la informaci\u00f3n y los datos que facilitas son exactos y veraces y no contenga errores.<\/p>\n<p class=\"p1\">Recuerda que es muy importante que nos comuniques, a la mayor brevedad posible, posibles modificaciones y\/o rectificaciones de tus datos de car\u00e1cter personal al correo electr\u00f3nico <a href=\"mailto:info@ms-advocats.com\"><span class=\"s1\">info@ms-advocats.com<\/span><\/a>.<\/p>\n<p class=\"p2\"><b>\u00bfCu\u00e1l es la base jur\u00eddica por la que tratamos tus datos?<\/b><\/p>\n<p class=\"p1\">Las bases jur\u00eddicas que habilitan el tratamiento de tus datos personales en relaci\u00f3n con las finalidades descritas anteriormente son:<\/p>\n<p class=\"p1\"><span class=\"s3\"><b>Interesados en los servicios de MITJANS ADVOCATS:<span class=\"Apple-converted-space\">\u00a0 <\/span><\/b><\/span>la base de legitimaci\u00f3n para el tratamiento de datos de contactos interesados es el consentimiento<b> <\/b>expreso e inequ\u00edvoco otorgado por los mismos.<\/p>\n<p class=\"p1\"><span class=\"s3\"><b>Clientes de MITJANS ADVOCATS:<span class=\"Apple-converted-space\">\u00a0 <\/span><\/b><\/span>la base de legitimaci\u00f3n es<b> <\/b>la relaci\u00f3n contractual que se formaliza al solicitar los servicios propios de MITJANS ADVOCATS.<\/p>\n<p class=\"p2\">\u00bf<b>A qui\u00e9n comunicamos tus datos personales?<\/b><\/p>\n<p class=\"p2\">No se ceder\u00e1n tus datos a terceros, salvo que fuera necesario para un cumplir con un requerimiento legal.<\/p>\n<p class=\"p2\"><b>\u00bfRealizamos transferencias internacionales de tus datos?<\/b><\/p>\n<p class=\"p2\">No realizaremos transferencias internacionales de tus datos personales para ninguna de las finalidades indicadas.<\/p>\n<p class=\"p2\">\u00bf<b>Durante cu\u00e1nto tiempo conservamos tus datos?<\/b><\/p>\n<p class=\"p1\">Dependiendo de cada una de las finalidades de tratamiento que hagamos de tus datos conservamos los datos con relaci\u00f3n a los plazos de conservaci\u00f3n marcados en la normativa vigente de aplicaci\u00f3n, y hasta que revoques tu consentimiento en su caso.<\/p>\n<p class=\"p1\">Te informamos que tus datos se conservar\u00e1n bloqueados al finalizar el tratamiento al que se destinan y durante los plazos de prescripci\u00f3n de obligaciones definidos para cada finalidad del tratamiento indicadas.<\/p>\n<p class=\"p2\"><b>\u00bfCu\u00e1les son tus derechos como interesado?<\/b><\/p>\n<p class=\"p1\">Desde MITJANS ADVOCATS queremos garantizar plenamente el ejercicio de derechos que dispones en virtud del RGPD. En este sentido, te informamos que dispones de los siguientes derechos:<\/p>\n<p class=\"p1\">Derecho de acceso a tus datos personales:<span class=\"Apple-converted-space\">\u00a0 <\/span>para conocer qu\u00e9 datos personales tratamos y las operaciones de tratamiento que llevamos a cabo.<\/p>\n<p class=\"p1\">Derecho de rectificaci\u00f3n de cualquier dato personal inexacto.<\/p>\n<p class=\"p1\">Derecho de supresi\u00f3n de tus datos personales: cuando esto sea posible y sin perjuicio del bloqueo de la informaci\u00f3n con reserva legal.<\/p>\n<p class=\"p1\">Derecho a solicitar la limitaci\u00f3n del tratamiento de tus datos personales cuando la exactitud, la legalidad o la necesidad del tratamiento de los datos resulte dudosa, en cuyo caso, podremos conservarlos bloqueados para el ejercicio o la defensa de reclamaciones.<\/p>\n<p class=\"p1\">Derecho de oposici\u00f3n al tratamiento de tus datos personales, cuando la base legal que nos habilite para su tratamiento de las indicadas sea nuestro inter\u00e9s leg\u00edtimo dejar\u00e1 de tratar tus datos salvo que tenga un inter\u00e9s leg\u00edtimo o sea necesario para la defensa de reclamaciones.<\/p>\n<p class=\"p1\">Derecho a la portabilidad de tus datos.<\/p>\n<p class=\"p1\">Puedes ejercitar cualquiera de los derechos cuando lo creas oportuno y de forma gratuita enviando un correo electr\u00f3nico a <a href=\"mailto:info@ms-advocats.com\"><span class=\"s1\">info@ms-advocats.com<\/span><\/a>.<span class=\"Apple-converted-space\">\u00a0 <\/span>indicando el derecho que deseas ejercitar y tus datos identificativos.<\/p>\n<p class=\"p1\">Tambi\u00e9n te informamos que tienes derecho a presentar una reclamaci\u00f3n ante la Agencia Espa\u00f1ola de Protecci\u00f3n de Datos si consideras que se ha cometido una infracci\u00f3n de la legislaci\u00f3n en materia de protecci\u00f3n de datos respecto al tratamiento de tus datos personales.<\/p>\n<p>&nbsp;<\/p>\n","protected":false},"excerpt":{"rendered":"<p>Para MITJANS ADVOCATS es muy importante garantizar el t [&hellip;]<\/p>\n","protected":false},"author":2,"featured_media":0,"parent":0,"menu_order":0,"comment_status":"closed","ping_status":"closed","template":"","meta":{"_et_pb_use_builder":"","_et_pb_old_content":"","_et_gb_content_width":"","footnotes":""},"class_list":["post-2194","page","type-page","status-publish","hentry"],"_links":{"self":[{"href":"https:\/\/ms-advocats.com\/zh-hans\/wp-json\/wp\/v2\/pages\/2194","targetHints":{"allow":["GET"]}}],"collection":[{"href":"https:\/\/ms-advocats.com\/zh-hans\/wp-json\/wp\/v2\/pages"}],"about":[{"href":"https:\/\/ms-advocats.com\/zh-hans\/wp-json\/wp\/v2\/types\/page"}],"author":[{"embeddable":true,"href":"https:\/\/ms-advocats.com\/zh-hans\/wp-json\/wp\/v2\/users\/2"}],"replies":[{"embeddable":true,"href":"https:\/\/ms-advocats.com\/zh-hans\/wp-json\/wp\/v2\/comments?post=2194"}],"version-history":[{"count":1,"href":"https:\/\/ms-advocats.com\/zh-hans\/wp-json\/wp\/v2\/pages\/2194\/revisions"}],"predecessor-version":[{"id":2896,"href":"https:\/\/ms-advocats.com\/zh-hans\/wp-json\/wp\/v2\/pages\/2194\/revisions\/2896"}],"wp:attachment":[{"href":"https:\/\/ms-advocats.com\/zh-hans\/wp-json\/wp\/v2\/media?parent=2194"}],"curies":[{"name":"wp","href":"https:\/\/api.w.org\/{rel}","templated":true}]}}