{"id":1924,"date":"2017-04-04T09:29:57","date_gmt":"2017-04-04T09:29:57","guid":{"rendered":"http:\/\/ms-advocats.com\/zh-hans\/?page_id=1924"},"modified":"2020-11-03T17:21:27","modified_gmt":"2020-11-03T15:21:27","slug":"%e5%85%8d%e8%b4%a3%e5%a3%b0%e6%98%8e","status":"publish","type":"page","link":"https:\/\/ms-advocats.com\/zh-hans\/%e5%85%8d%e8%b4%a3%e5%a3%b0%e6%98%8e\/","title":{"rendered":"\u514d\u8d23\u58f0\u660e"},"content":{"rendered":"<p class=\"p1\"><strong><span class=\"s1\">INFORMACI\u00d3N DEL TITULAR<\/span><\/strong><\/p>\n<p class=\"p1\">En cumplimiento de lo establecido por el art\u00edculo 10 de la Ley 34\/2002, de 11 de julio, de servicios de la sociedad de la informaci\u00f3n y de comercio electr\u00f3nico (en adelante, \u201cLSSICE\u201d), a continuaci\u00f3n, ofrecemos la informaci\u00f3n general del sitio web https:\/\/ms-advocats.com\/<\/p>\n<p class=\"p1\"><strong><span class=\"s1\">1. Responsables del sitio:<\/span><\/strong><\/p>\n<p class=\"p2\">MITJANS ADVOCATS SL<br \/>\nNIF B62930581<br \/>\nTel\u00e9fono: 932688740<br \/>\nC.\/<span class=\"Apple-converted-space\">\u00a0 <\/span>ENRIC GRANADOS, 86-88 5P.<br \/>\n08008<span class=\"Apple-converted-space\">\u00a0 <\/span>Barcelona<br \/>\n<span class=\"s1\">E-mail:<\/span><span class=\"Apple-converted-space\">\u00a0 <\/span>info@MS-ADVOCATS.COM<\/p>\n<p class=\"p1\"><strong><span class=\"s1\">OBJETO DE LAS CONDICIONES DE USO<\/span><\/strong><\/p>\n<p class=\"p1\">Las presentes Condiciones de Uso (en adelante las Condiciones) tienen por objeto regular el acceso, la navegaci\u00f3n y el uso de sitio web https:\/\/ms-advocats.com\/<\/p>\n<p class=\"p1\">El acceso y la navegaci\u00f3n por el usuario implican la aceptaci\u00f3n de la totalidad de las condiciones previstas, junto a lo establecido en la Pol\u00edtica de Privacidad y Pol\u00edtica de Cookies.<\/p>\n<p class=\"p1\"><strong><span class=\"s1\">USUARIO<\/span><\/strong><\/p>\n<p class=\"p1\">Tiene la consideraci\u00f3n de Usuario la persona que accede navegue y utilice el sitio web, y los contenidos albergados en el mismo<b>.<\/b><\/p>\n<p class=\"p1\">El Usuario se obliga en su navegaci\u00f3n a seguir lo establecido en la ley, la moral, el orden p\u00fablico y las presentes Condiciones. Asimismo, se obliga hacer un uso adecuado de los servicios y\/o contenidos de MITJANS ADVOCATS y a no emplearlos para realizar actividades il\u00edcitas o constitutivas de delito, que atenten contra los derechos de terceros y\/o que infrinjan la regulaci\u00f3n sobre propiedad intelectual e industrial, o cualesquiera otras normas del ordenamiento jur\u00eddico aplicable.<\/p>\n<p class=\"p1\"><span class=\"s1\">CONDICIONES DE USO<\/span><\/p>\n<p class=\"p1\">El Usuario se obliga a no transmitir, introducir, difundir y poner a disposici\u00f3n de terceros, cualquier tipo de material e informaci\u00f3n (datos, contenidos, mensajes, dibujos, archivos de sonido e imagen, fotograf\u00edas, software, etc.) que sean contrarios a la ley, la moral, el orden p\u00fablico y las presentes Condiciones. A t\u00edtulo enunciativo, y en ning\u00fan caso limitativo o excluyente, el Usuario se compromete a:<\/p>\n<p class=\"p1\">I.- No introducir o difundir contenidos o propaganda de car\u00e1cter racista, xen\u00f3fobo, pornogr\u00e1fico, de apolog\u00eda del terrorismo o que atenten contra los derechos humanos.<\/p>\n<p class=\"p1\">II.- No introducir o difundir en la red programas de datos (virus y software nocivo) susceptibles de provocar da\u00f1os en los sistemas inform\u00e1ticos del proveedor de acceso, sus proveedores o terceros Usuarios de la red Internet.<\/p>\n<p class=\"p1\">III.- No difundir, transmitir o poner a disposici\u00f3n de terceros cualquier tipo de informaci\u00f3n, elemento o contenido que atente contra los derechos fundamentales y las libertades p\u00fablicas reconocidos constitucionalmente y en los tratados internacionales.<\/p>\n<p class=\"p1\">IV.- No difundir, transmitir o poner a disposici\u00f3n de terceros cualquier tipo de informaci\u00f3n, elemento o contenido que constituya publicidad il\u00edcita o desleal.<\/p>\n<p class=\"p1\">V.- No transmitir publicidad no solicitada o autorizada, material publicitario, &#8220;correo basura&#8221;, &#8220;cartas en cadena&#8221;, &#8220;estructuras piramidales&#8221;, o cualquier otra forma de solicitaci\u00f3n, excepto en aquellas \u00e1reas (tales como espacios comerciales) que hayan sido exclusivamente concebidas para ello.<\/p>\n<p class=\"p1\">VI.- No introducir o difundir cualquier informaci\u00f3n y contenidos falsos, ambiguos o inexactos de forma que induzca a error a los receptores de la informaci\u00f3n.<\/p>\n<p class=\"p1\">VII.- No difundir, transmitir o poner a disposici\u00f3n de terceros cualquier tipo de informaci\u00f3n, elemento o contenido que suponga una violaci\u00f3n de los derechos de propiedad intelectual e industrial, patentes, marcas o copyright que correspondan a los titulares de la P\u00e1gina Web o a terceros.<\/p>\n<p class=\"p1\">VIII.- No difundir, transmitir o poner a disposici\u00f3n de terceros cualquier tipo de informaci\u00f3n, elemento o contenido que suponga una violaci\u00f3n del secreto de las comunicaciones y la legislaci\u00f3n de datos de car\u00e1cter personal.<\/p>\n<p class=\"p1\">El Usuario se obliga a mantener indemne a los titulares del sitio web ante cualquier posible reclamaci\u00f3n, multa, pena o sanci\u00f3n que pueda venir obligada a soportar como consecuencia del incumplimiento por parte del Usuario de cualquiera de las normas de utilizaci\u00f3n antes indicadas, reserv\u00e1ndose, adem\u00e1s, el titular del sitio web derecho a solicitar la indemnizaci\u00f3n por da\u00f1os y perjuicios que corresponda.<\/p>\n<p class=\"p1\"><strong><span class=\"s1\">EXCLUSI\u00d3N DE RESPONSABILIDAD<\/span><\/strong><\/p>\n<p class=\"p1\">El Titular del sitio no asume ninguna responsabilidad sobre la actualizaci\u00f3n del sitio web para mantener la informaci\u00f3n actualizada, ni garantiza que la informaci\u00f3n publicada sea precisa ni completa. Por lo tanto, el Usuario debe confirmar que la informaci\u00f3n publicada sea precisa y completa antes de tomar ninguna decisi\u00f3n relacionada con cualquier producto o contenido descrito en esta Plataforma.<\/p>\n<p class=\"p1\">El acceso del Usuario al servicio no implica para el Titular la obligaci\u00f3n de controlar la ausencia de virus, gusanos o cualquier otro elemento inform\u00e1tico da\u00f1ino. Corresponde al Usuario, en todo caso, la disponibilidad de herramientas adecuadas para la detecci\u00f3n y desinfecci\u00f3n de programas inform\u00e1ticos da\u00f1inos.<\/p>\n<p class=\"p1\">MITJANS ADVOCATS no se responsabiliza de los da\u00f1os producidos en el software y equipos inform\u00e1ticos de los Usuarios o de terceros durante la utilizaci\u00f3n de los servicios ofrecidos.<\/p>\n<p class=\"p1\">El Titular no se responsabiliza de los da\u00f1os o perjuicios de cualquier tipo producidos en el Usuario que traigan causa de fallos o desconexiones en las redes de telecomunicaciones que produzcan la suspensi\u00f3n, cancelaci\u00f3n o interrupci\u00f3n del servicio del sitio web durante la prestaci\u00f3n del mismo o con car\u00e1cter previo.<\/p>\n<p class=\"p1\"><strong><span class=\"s1\">PROPIEDAD INTELECTUAL E INDUSTRIAL<\/span><\/strong><\/p>\n<p class=\"p1\">Todos los contenidos que se pueden consultar en MITJANS ADVOCATS, entendiendo por \u00e9stos, a t\u00edtulo meramente enunciativo, los textos, fotograf\u00edas, gr\u00e1ficos, im\u00e1genes, iconos, tecnolog\u00eda, software, links y dem\u00e1s contenidos audiovisuales o sonoros, as\u00ed como su dise\u00f1o gr\u00e1fico y c\u00f3digos fuente, son propiedad intelectual de los titulares del sitio web, sin que puedan entenderse cedidos a los visitantes ninguno de los derechos de explotaci\u00f3n reconocidos por la normativa vigente en materia de propiedad intelectual sobre los mismos.<\/p>\n<p class=\"p1\"><strong><span class=\"s1\">NAVEGACI\u00d3N, COOKIES Y POL\u00cdTICA DE COOKIES<\/span><\/strong><\/p>\n<p class=\"p1\">Os informamos que la Pol\u00edtica de Cookies de MITJANS ADVOCATSS est\u00e1 a vuestra disposici\u00f3n en <a href=\"https:\/\/ms-advocats.com\/zh-hans\/politica-de-cookies\/\">Pol\u00edtica de Cookies<\/a><\/p>\n<p class=\"p1\">Para dar cumplimiento a la vigente normativa aplicable en materia de cookies, autoriza de forma expresa la referida pol\u00edtica si continua con la navegaci\u00f3n en este sitio web.<\/p>\n<p class=\"p1\"><strong><span class=\"s1\">LEGISLACI\u00d3N APLICABLE Y JURISDICCI\u00d3N COMPETENTE<\/span><\/strong><\/p>\n<p class=\"p1\">Estas Condiciones se regir\u00e1n o interpretar\u00e1n conforme a la legislaci\u00f3n espa\u00f1ola en aquello que no est\u00e9 expresamente establecido. El Titular del sitio y el Usuario podr\u00e1n someter cualquier controversia que pudiera suscitarse de la prestaci\u00f3n de los productos o servicios objeto de estas Condiciones, a los Juzgados y Tribunales del domicilio del Titular, a menos que legalmente se establezca lo contrario.<\/p>\n<p>&nbsp;<\/p>\n","protected":false},"excerpt":{"rendered":"<p>INFORMACI\u00d3N DEL TITULAR En cumplimiento de lo estableci [&hellip;]<\/p>\n","protected":false},"author":2,"featured_media":0,"parent":0,"menu_order":0,"comment_status":"closed","ping_status":"closed","template":"","meta":{"_et_pb_use_builder":"","_et_pb_old_content":"","_et_gb_content_width":"","footnotes":""},"class_list":["post-1924","page","type-page","status-publish","hentry"],"_links":{"self":[{"href":"https:\/\/ms-advocats.com\/zh-hans\/wp-json\/wp\/v2\/pages\/1924","targetHints":{"allow":["GET"]}}],"collection":[{"href":"https:\/\/ms-advocats.com\/zh-hans\/wp-json\/wp\/v2\/pages"}],"about":[{"href":"https:\/\/ms-advocats.com\/zh-hans\/wp-json\/wp\/v2\/types\/page"}],"author":[{"embeddable":true,"href":"https:\/\/ms-advocats.com\/zh-hans\/wp-json\/wp\/v2\/users\/2"}],"replies":[{"embeddable":true,"href":"https:\/\/ms-advocats.com\/zh-hans\/wp-json\/wp\/v2\/comments?post=1924"}],"version-history":[{"count":1,"href":"https:\/\/ms-advocats.com\/zh-hans\/wp-json\/wp\/v2\/pages\/1924\/revisions"}],"predecessor-version":[{"id":2892,"href":"https:\/\/ms-advocats.com\/zh-hans\/wp-json\/wp\/v2\/pages\/1924\/revisions\/2892"}],"wp:attachment":[{"href":"https:\/\/ms-advocats.com\/zh-hans\/wp-json\/wp\/v2\/media?parent=1924"}],"curies":[{"name":"wp","href":"https:\/\/api.w.org\/{rel}","templated":true}]}}