{"id":1497,"date":"2016-08-16T11:46:03","date_gmt":"2016-08-16T10:46:03","guid":{"rendered":"http:\/\/ms-advocats.com\/zh-hans\/?page_id=1497"},"modified":"2019-12-23T18:02:30","modified_gmt":"2019-12-23T16:02:30","slug":"%e6%8a%95%e8%b5%84%e5%92%8c%e5%95%86%e5%8a%a1%e9%a2%86%e5%9f%9f","status":"publish","type":"page","link":"https:\/\/ms-advocats.com\/zh-hans\/%e6%8a%95%e8%b5%84%e5%92%8c%e5%95%86%e5%8a%a1%e9%a2%86%e5%9f%9f\/","title":{"rendered":"\u6295\u8d44\u548c\u5546\u52a1\u9886\u57df"},"content":{"rendered":"<p>[et_pb_section fb_built=&#8221;1&#8243; custom_padding_last_edited=&#8221;on|desktop&#8221; admin_label=&#8221;Section&#8221; _builder_version=&#8221;3.22&#8243; background_color=&#8221;#ffffff&#8221; background_image=&#8221;https:\/\/ms-advocats.com\/wp-content\/uploads\/2016\/07\/bonsai.jpg&#8221; custom_padding=&#8221;100px||100px|&#8221; custom_padding_tablet=&#8221;50px|0|50px|0&#8243; custom_padding_phone=&#8221;&#8221; transparent_background=&#8221;off&#8221; padding_mobile=&#8221;off&#8221; make_fullwidth=&#8221;off&#8221; use_custom_width=&#8221;off&#8221; width_unit=&#8221;on&#8221;][et_pb_row padding_mobile=&#8221;off&#8221; column_padding_mobile=&#8221;on&#8221; admin_label=&#8221;Row&#8221; module_class=&#8221; et_pb_row_fullwidth&#8221; _builder_version=&#8221;3.25&#8243; background_size=&#8221;initial&#8221; background_position=&#8221;top_left&#8221; background_repeat=&#8221;repeat&#8221; width=&#8221;89%&#8221; width_tablet=&#8221;80%&#8221; width_last_edited=&#8221;on|desktop&#8221; max_width=&#8221;89%&#8221; max_width_tablet=&#8221;80%&#8221; max_width_last_edited=&#8221;on|desktop&#8221; make_fullwidth=&#8221;on&#8221; use_custom_width=&#8221;off&#8221; width_unit=&#8221;on&#8221;][et_pb_column type=&#8221;4_4&#8243; _builder_version=&#8221;3.25&#8243; custom_padding=&#8221;|||&#8221; custom_padding__hover=&#8221;|||&#8221;][et_pb_text admin_label=&#8221;Text&#8221; _builder_version=&#8221;3.27.4&#8243; text_font=&#8221;Open Sans Light||||&#8221; text_text_color=&#8221;#ffffff&#8221; text_font_size=&#8221;40&#8243; header_font=&#8221;Open Sans||||&#8221; header_font_size=&#8221;40px&#8221; background_size=&#8221;initial&#8221; background_position=&#8221;top_left&#8221; background_repeat=&#8221;repeat&#8221; text_orientation=&#8221;center&#8221; module_alignment=&#8221;center&#8221; use_border_color=&#8221;off&#8221; border_color=&#8221;#ffffff&#8221; border_style=&#8221;solid&#8221;]\u5b9e\u8df5\u9886\u57df<br \/>\n[\/et_pb_text][\/et_pb_column][\/et_pb_row][\/et_pb_section][et_pb_section fb_built=&#8221;1&#8243; custom_padding_last_edited=&#8221;on|desktop&#8221; admin_label=&#8221;section&#8221; _builder_version=&#8221;3.22&#8243; background_color=&#8221;#283139&#8243; custom_padding_tablet=&#8221;50px|0|50px|0&#8243; custom_padding_phone=&#8221;&#8221; transparent_background=&#8221;off&#8221; padding_mobile=&#8221;off&#8221; make_fullwidth=&#8221;off&#8221; use_custom_width=&#8221;off&#8221; width_unit=&#8221;on&#8221;][et_pb_row admin_label=&#8221;Row&#8221; _builder_version=&#8221;3.25&#8243; background_size=&#8221;initial&#8221; background_position=&#8221;top_left&#8221; background_repeat=&#8221;repeat&#8221;][et_pb_column type=&#8221;4_4&#8243; _builder_version=&#8221;3.25&#8243; custom_padding=&#8221;|||&#8221; custom_padding__hover=&#8221;|||&#8221;][et_pb_text admin_label=&#8221;Laboral&#8221; module_class=&#8221;titol-area&#8221; _builder_version=&#8221;3.27.4&#8243; text_text_color=&#8221;#dddddd&#8221; text_font_size=&#8221;45&#8243; background_size=&#8221;initial&#8221; background_position=&#8221;top_left&#8221; background_repeat=&#8221;repeat&#8221; custom_css_main_element=&#8221;h2 {||font-size:40px;||}||h2 span {||color: rgba(11, 148, 214, 0.25);||font-weight: 100;||letter-spacing: -2px;||}||&#8221; use_border_color=&#8221;off&#8221; border_color=&#8221;#ffffff&#8221; border_style=&#8221;solid&#8221; saved_tabs=&#8221;all&#8221;]&nbsp;<\/p>\n<h2><strong>\u5b9e\u8df5\u9886\u57df \/<\/strong>\u00a0\u6295\u8d44\u548c\u5546\u52a1\u9886\u57df<\/h2>\n<p>&nbsp;<br \/>\n[\/et_pb_text][et_pb_text admin_label=&#8221;Text&#8221; _builder_version=&#8221;3.27.4&#8243; text_text_color=&#8221;#ffffff&#8221; text_font_size=&#8221;16&#8243; background_size=&#8221;initial&#8221; background_position=&#8221;top_left&#8221; background_repeat=&#8221;repeat&#8221; use_border_color=&#8221;off&#8221; border_color=&#8221;#ffffff&#8221; border_style=&#8221;solid&#8221;]<\/p>\n<p style=\"text-align: justify;\"><span style=\"font-weight: 400;\">\u6211\u4eec\u7684\u4e8b\u52a1\u6240\u4e0d\u4ec5\u4e3a\u5ba2\u6237\u63d0\u4f9b\u6cd5\u5f8b\u548c\u7ecf\u6d4e\u54a8\u8be2\uff0c\u800c\u4e14\u4e3a\u6709\u610f\u6295\u8d44\u7684\u5ba2\u6237\u63d0\u4f9b\u5176\u4ed6\u9886\u57df\u7684\u670d\u52a1\u3002 <\/span><\/p>\n<p style=\"text-align: justify;\"><span style=\"font-weight: 400;\">\u7531\u4e8e\u6211\u4eec\u4e86\u89e3\u6295\u8d44\u9886\u57df\u7684\u76f8\u5173\u77e5\u8bc6<\/span><span style=\"font-weight: 400;\">\uff0c\u5f88\u591a\u65f6\u5019\u5ba2\u6237\u5411\u6211\u4eec\u54a8\u8be2\u5728\u54ea\u91cc\u6295\u8d44\u53ef\u4ee5\u83b7\u5f97\u66f4\u9ad8\u7684\u6536\u76ca\u3002\u6211\u4eec\u7684\u4e8b\u52a1\u6240\u4e2d\u6709\u4e13\u95e8\u8d1f\u8d23\u6295\u8d44\u54a8\u8be2\u7684\u4eba\u5458\uff0c\u4e3a\u5ba2\u6237\u63d0\u4f9b\u5546\u52a1\u548c\u6295\u8d44\u76f8\u5173\u7684\u54a8\u8be2\uff0c\u4ee5\u5e2e\u52a9\u4ed6\u4eec\u8d62\u5f97\u66f4\u9ad8\u7684\u6295\u8d44\u56de\u62a5\uff0c\u540c\u65f6\u5145\u5206\u5229\u7528\u7a0e\u6536\u4f18\u60e0\u653f\u7b56\u3002<\/span><\/p>\n<p style=\"text-align: justify;\"><span style=\"font-weight: 400;\">\u6211\u4eec\u63d0\u4f9b\u7684\u5546\u52a1\u54a8\u8be2\u6d89\u53ca\u9762\u5f88\u5e7f\uff0c\u5176\u4e2d\u5305\u62ec\uff1a<\/span><\/p>\n<p>[\/et_pb_text][\/et_pb_column][\/et_pb_row][et_pb_row admin_label=&#8221;Row&#8221; _builder_version=&#8221;3.25&#8243; background_size=&#8221;initial&#8221; background_position=&#8221;top_left&#8221; background_repeat=&#8221;repeat&#8221; column_structure=&#8221;1_4,1_4,1_4,1_4&#8243;][et_pb_column type=&#8221;1_4&#8243; _builder_version=&#8221;3.25&#8243; custom_padding=&#8221;|||&#8221; custom_padding__hover=&#8221;|||&#8221;][et_pb_blurb title=&#8221;\u623f\u5730\u4ea7\u6295\u8d44&#8221; use_icon=&#8221;on&#8221; font_icon=&#8221;R&#8221; icon_color=&#8221;#1fa0e3&#8243; icon_placement=&#8221;left&#8221; admin_label=&#8221;Blurb&#8221; _builder_version=&#8221;4.0.7&#8243; background_size=&#8221;initial&#8221; background_position=&#8221;top_left&#8221; background_repeat=&#8221;repeat&#8221; background_layout=&#8221;dark&#8221; animation=&#8221;right&#8221; hover_enabled=&#8221;0&#8243; use_border_color=&#8221;off&#8221; border_color=&#8221;#ffffff&#8221; border_style=&#8221;solid&#8221;]<span style=\"font-weight: 400; color: #999999;\">\u516c\u5bd3\u3001\u5efa\u7b51\u7269\u3001\u5f85\u5efa\u7a7a\u5730\u3001\u8c6a\u534e\u5730\u4ea7\u3001\u5e97\u94fa\u8f6c\u8ba9\u3001\u9152\u5e97\u7b49<\/span><br \/>\n[\/et_pb_blurb][\/et_pb_column][et_pb_column type=&#8221;1_4&#8243; _builder_version=&#8221;3.25&#8243; custom_padding=&#8221;|||&#8221; custom_padding__hover=&#8221;|||&#8221;][et_pb_blurb title=&#8221;\u83b7\u53d6\u901a\u8fc7\u503a\u6743\u4eba\u534f\u8bae\u6240\u4ea7\u751f\u7684\uff0c\u53ef\u5e26\u6765\u6536\u76ca\u7684\u8d44\u4ea7&#8221; use_icon=&#8221;on&#8221; font_icon=&#8221;R&#8221; icon_color=&#8221;#1fa0e3&#8243; icon_placement=&#8221;left&#8221; admin_label=&#8221;Blurb&#8221; _builder_version=&#8221;4.0.7&#8243; background_size=&#8221;initial&#8221; background_position=&#8221;top_left&#8221; background_repeat=&#8221;repeat&#8221; background_layout=&#8221;dark&#8221; animation=&#8221;right&#8221; hover_enabled=&#8221;0&#8243; use_border_color=&#8221;off&#8221; border_color=&#8221;#ffffff&#8221; border_style=&#8221;solid&#8221;][\/et_pb_blurb][\/et_pb_column][et_pb_column type=&#8221;1_4&#8243; _builder_version=&#8221;3.25&#8243; custom_padding=&#8221;|||&#8221; custom_padding__hover=&#8221;|||&#8221;][et_pb_blurb title=&#8221;\u53c2\u52a0\u73b0\u573a\u548c\u7535\u5b50\u5f62\u5f0f\u7684\u53f8\u6cd5\u62cd\u5356\uff0c\u6216\u4e3a\u5ba2\u6237\u63d0\u4f9b\u54a8\u8be2&#8221; use_icon=&#8221;on&#8221; font_icon=&#8221;R&#8221; icon_color=&#8221;#1fa0e3&#8243; icon_placement=&#8221;left&#8221; admin_label=&#8221;Blurb&#8221; _builder_version=&#8221;4.0.7&#8243; background_size=&#8221;initial&#8221; background_position=&#8221;top_left&#8221; background_repeat=&#8221;repeat&#8221; background_layout=&#8221;dark&#8221; animation=&#8221;right&#8221; hover_enabled=&#8221;0&#8243; use_border_color=&#8221;off&#8221; border_color=&#8221;#ffffff&#8221; border_style=&#8221;solid&#8221;][\/et_pb_blurb][\/et_pb_column][et_pb_column type=&#8221;1_4&#8243; _builder_version=&#8221;3.25&#8243; custom_padding=&#8221;|||&#8221; custom_padding__hover=&#8221;|||&#8221;][et_pb_blurb title=&#8221;\u4e3a\u4e8b\u52a1\u6240\u7684\u5ba2\u6237\u4e4b\u95f4\u5efa\u7acb\u8054\u7cfb\uff0c\u4fc3\u8fdb\u5176\u751f\u610f\u5f80\u6765&#8221; use_icon=&#8221;on&#8221; font_icon=&#8221;R&#8221; icon_color=&#8221;#1fa0e3&#8243; icon_placement=&#8221;left&#8221; admin_label=&#8221;Blurb&#8221; _builder_version=&#8221;4.0.7&#8243; background_size=&#8221;initial&#8221; background_position=&#8221;top_left&#8221; background_repeat=&#8221;repeat&#8221; background_layout=&#8221;dark&#8221; animation=&#8221;right&#8221; hover_enabled=&#8221;0&#8243; use_border_color=&#8221;off&#8221; border_color=&#8221;#ffffff&#8221; border_style=&#8221;solid&#8221;][\/et_pb_blurb][\/et_pb_column][\/et_pb_row][et_pb_row admin_label=&#8221;Row&#8221; _builder_version=&#8221;3.25&#8243; background_size=&#8221;initial&#8221; background_position=&#8221;top_left&#8221; background_repeat=&#8221;repeat&#8221;][et_pb_column type=&#8221;4_4&#8243; _builder_version=&#8221;3.25&#8243; custom_padding=&#8221;|||&#8221; custom_padding__hover=&#8221;|||&#8221;][et_pb_text admin_label=&#8221;Text&#8221; _builder_version=&#8221;3.27.4&#8243; text_text_color=&#8221;#ffffff&#8221; text_font_size=&#8221;16&#8243; background_size=&#8221;initial&#8221; background_position=&#8221;top_left&#8221; background_repeat=&#8221;repeat&#8221; use_border_color=&#8221;off&#8221;]<\/p>\n<p style=\"text-align: justify;\"><span style=\"font-weight: 400;\">\u53e6\u5916\uff0c\u6211\u4eec\u4e8b\u52a1\u6240\u8fd8\u8bbe\u6709\u4e00\u4e2a\u91cd\u8981\u90e8\u95e8\u81f4\u529b\u4e8e\u4e3a\u5916\u56fd\u4eba\u901a\u8fc7\u6295\u8d44\u9014\u5f84\u529e\u7406\u5bb6\u5ead\u5c45\u7559\uff08\u9ec4\u91d1\u7b7e\u8bc1\uff09\u3002\u6839\u636e14\/20\u53f7\u6cd5\u5f8b\u6761\u6587\u7684\u76f8\u5173\u89c4\u5b9a\uff0c\u901a\u8fc7\u4e0d\u540c\u7684\u6295\u8d44\u9014\u5f84\uff0c\u4e3a\u5916\u56fd\u4eba\u529e\u7406\u5c45\u7559\u624b\u7eed\u3002\u6211\u4eec\u7279\u522b\u4e3a\u6b64\u5728\u51e0\u5e74\u524d\u6210\u7acb\u4e86\u4e2d\u56fd\u4e1a\u52a1\u90e8\u95e8\u3002\u6211\u4eec\u4e8b\u52a1\u6240\u6210\u7acb\u4e86\u4e13\u95e8\u7684\u90e8\u95e8\u548c\u76f8\u5173\u7ec4\u7ec7\u673a\u6784\u5efa\u7acb\u8054\u7cfb\uff0c\u81f4\u529b\u4e8e\u5f00\u53d1\u4e2d\u56fd\u4e1a\u52a1\u3002\u4e1a\u52a1\u4e3b\u8981\u9488\u5bf9\u4e3a\u7533\u8bf7\u4eba\u53ca\u5176\u5bb6\u4eba\u901a\u8fc7\u6295\u8d44\u9014\u5f84\u529e\u7406\u5c45\u7559\uff0c\u5404\u79cd\u623f\u5730\u4ea7\u76f8\u5173\u4e1a\u52a1\uff08\u4f4f\u5b85\u3001\u5efa\u7b51\u3001\u9152\u5e97\u7b49\uff09\uff0c\u4e3a\u5728\u897f\u73ed\u7259\u7684\u4e2d\u56fd\u4f01\u4e1a\u63d0\u4f9b\u4f01\u4e1a\u6210\u7acb\u548c\u521b\u4e1a\u540e\u7684\u6cd5\u5f8b\u53ca\u7a0e\u52a1\u54a8\u8be2\uff0c\u53e6\u5916\u8fd8\u4e3a\u4e2d\u897f\u4e24\u56fd\u95f4\u5546\u8d38\u548c\u7a0e\u52a1\u5173\u7cfb\u63d0\u4f9b\u54a8\u8be2\u3002<\/span><\/p>\n<p style=\"text-align: justify;\"><span style=\"font-weight: 400;\">\u8fd9\u4e00\u5207\u90fd\u662f\u56e0\u4e3a\u6211\u4eec\u9009\u62e9\u4e9a\u6d32\uff0c\u5c24\u5176\u662f\u4e2d\u56fd\u8fd9\u6837\u7684\u5927\u56fd\u4f5c\u4e3a\u91cd\u70b9\u5f00\u53d1\u7684\u76ee\u6807\u5e02\u573a\u3002\u6211\u4eec\u662f\u4e2d\u897f\u4e24\u56fd\u95f4\u5546\u8d38\u548c\u6295\u8d44\u5f80\u6765\u9886\u57df\u9886\u5148\u7684\u4e8b\u52a1\u6240\uff0c\u6211\u4eec\u7684\u56e2\u961f\u4e2d\u6709\u4e0d\u5c11\u6765\u81ea\u4e2d\u56fd\u7684\u6210\u5458\u3002<\/span><\/p>\n<p style=\"text-align: justify;\">\n<p>[\/et_pb_text][\/et_pb_column][\/et_pb_row][\/et_pb_section]<\/p>\n","protected":false},"excerpt":{"rendered":"<p>\u5b9e\u8df5\u9886\u57df &nbsp; \u5b9e\u8df5\u9886\u57df \/\u00a0\u6295\u8d44\u548c\u5546\u52a1\u9886\u57df &nbsp; \u6211\u4eec\u7684\u4e8b\u52a1\u6240\u4e0d\u4ec5\u4e3a\u5ba2\u6237\u63d0\u4f9b\u6cd5\u5f8b\u548c\u7ecf\u6d4e\u54a8\u8be2\uff0c [&hellip;]<\/p>\n","protected":false},"author":2,"featured_media":4238,"parent":0,"menu_order":0,"comment_status":"closed","ping_status":"closed","template":"","meta":{"_et_pb_use_builder":"on","_et_pb_old_content":"<p>[et_pb_section admin_label=\"section\" fullwidth=\"off\" background_color=\"#283139\" inner_shadow=\"off\" parallax=\"off\" transparent_background=\"off\" allow_player_pause=\"off\" parallax_method=\"off\" padding_mobile=\"off\" make_fullwidth=\"off\" use_custom_width=\"off\" width_unit=\"on\" make_equal=\"off\" use_custom_gutter=\"off\"][et_pb_row admin_label=\"Row\"][et_pb_column type=\"4_4\"][et_pb_text admin_label=\"Concursal\" saved_tabs=\"all\" background_layout=\"light\" text_orientation=\"left\" text_font_size=\"45\" text_text_color=\"#dddddd\" use_border_color=\"off\" border_color=\"#ffffff\" border_style=\"solid\" module_class=\"titol-area\" custom_css_main_element=\"h2 {||font-size:40px;||}||h2 span {||color: rgba(11, 148, 214, 0.25);||font-weight: 100;||letter-spacing: -2px;||}||\"]<\/p><h2><strong>\u00c0rees de Pr\u00e0ctica \/<\/strong>\u00a0Concursal<\/h2><p>[\/et_pb_text][et_pb_text admin_label=\"Text\" background_layout=\"light\" text_orientation=\"left\" use_border_color=\"off\" border_color=\"#ffffff\" border_style=\"solid\" text_text_color=\"#ffffff\" text_font_size=\"16\"]<\/p><p style=\"text-align: justify;\">Som especialistes en dret concursal, tant en el vessant de la societat que insta el concurs de creditors, a la qual s'assessora profundament - especialment a l'\u00f2rgan d'administraci\u00f3 per eludir responsabilitats -, com en l'\u00e0mbit de l'Administraci\u00f3 concursal, disposant, en el nostre cos d'advocats, de m\u00e9s d'un administrador concursal, sent, per tant, perfectament coneixedors de la practica forense judicial.<\/p><p>Respecte a aquesta mat\u00e8ria, cal destacar que un bon assessorament amb els nostres especialistes, li assegurar\u00e0 que el concurs de creditors se cenyeixi, exclusivament en la responsabilitat de la persona jur\u00eddica i mai a l'\u00e0mbit personal de l'administrador o consell d'administraci\u00f3.<\/p><p>[\/et_pb_text][\/et_pb_column][\/et_pb_row][\/et_pb_section]<\/p>","_et_gb_content_width":"","footnotes":""},"class_list":["post-1497","page","type-page","status-publish","has-post-thumbnail","hentry"],"_links":{"self":[{"href":"https:\/\/ms-advocats.com\/zh-hans\/wp-json\/wp\/v2\/pages\/1497","targetHints":{"allow":["GET"]}}],"collection":[{"href":"https:\/\/ms-advocats.com\/zh-hans\/wp-json\/wp\/v2\/pages"}],"about":[{"href":"https:\/\/ms-advocats.com\/zh-hans\/wp-json\/wp\/v2\/types\/page"}],"author":[{"embeddable":true,"href":"https:\/\/ms-advocats.com\/zh-hans\/wp-json\/wp\/v2\/users\/2"}],"replies":[{"embeddable":true,"href":"https:\/\/ms-advocats.com\/zh-hans\/wp-json\/wp\/v2\/comments?post=1497"}],"version-history":[{"count":1,"href":"https:\/\/ms-advocats.com\/zh-hans\/wp-json\/wp\/v2\/pages\/1497\/revisions"}],"predecessor-version":[{"id":2675,"href":"https:\/\/ms-advocats.com\/zh-hans\/wp-json\/wp\/v2\/pages\/1497\/revisions\/2675"}],"wp:featuredmedia":[{"embeddable":true,"href":"https:\/\/ms-advocats.com\/zh-hans\/wp-json\/wp\/v2\/media\/4238"}],"wp:attachment":[{"href":"https:\/\/ms-advocats.com\/zh-hans\/wp-json\/wp\/v2\/media?parent=1497"}],"curies":[{"name":"wp","href":"https:\/\/api.w.org\/{rel}","templated":true}]}}