{"id":1493,"date":"2016-07-28T13:57:33","date_gmt":"2016-07-28T12:57:33","guid":{"rendered":"http:\/\/ms-advocats.com\/zh-hans\/?page_id=1493"},"modified":"2021-05-13T12:14:19","modified_gmt":"2021-05-13T10:14:19","slug":"%e8%a1%8c%e6%94%bf%e6%b3%95%e9%a2%86%e5%9f%9f","status":"publish","type":"page","link":"https:\/\/ms-advocats.com\/zh-hans\/%e8%a1%8c%e6%94%bf%e6%b3%95%e9%a2%86%e5%9f%9f\/","title":{"rendered":"\u884c\u653f\u6cd5\u9886\u57df"},"content":{"rendered":"<p>[et_pb_section fb_built=&#8221;1&#8243; custom_padding_last_edited=&#8221;on|desktop&#8221; admin_label=&#8221;Section&#8221; _builder_version=&#8221;3.22&#8243; background_color=&#8221;#ffffff&#8221; background_image=&#8221;https:\/\/ms-advocats.com\/wp-content\/uploads\/2016\/07\/bonsai.jpg&#8221; custom_padding=&#8221;100px||100px|&#8221; custom_padding_tablet=&#8221;50px|0|50px|0&#8243; custom_padding_phone=&#8221;&#8221; transparent_background=&#8221;off&#8221; padding_mobile=&#8221;off&#8221; make_fullwidth=&#8221;off&#8221; use_custom_width=&#8221;off&#8221; width_unit=&#8221;on&#8221; custom_width_px=&#8221;1080px&#8221; custom_width_percent=&#8221;80%&#8221;][et_pb_row padding_mobile=&#8221;off&#8221; column_padding_mobile=&#8221;on&#8221; admin_label=&#8221;Row&#8221; module_class=&#8221; et_pb_row_fullwidth&#8221; _builder_version=&#8221;3.25&#8243; background_size=&#8221;initial&#8221; background_position=&#8221;top_left&#8221; background_repeat=&#8221;repeat&#8221; width=&#8221;89%&#8221; width_tablet=&#8221;80%&#8221; width_phone=&#8221;&#8221; width_last_edited=&#8221;on|desktop&#8221; max_width=&#8221;89%&#8221; max_width_tablet=&#8221;80%&#8221; max_width_phone=&#8221;&#8221; max_width_last_edited=&#8221;on|desktop&#8221; make_fullwidth=&#8221;on&#8221; use_custom_width=&#8221;off&#8221; width_unit=&#8221;on&#8221; custom_width_px=&#8221;1080px&#8221; custom_width_percent=&#8221;80%&#8221;][et_pb_column type=&#8221;4_4&#8243; _builder_version=&#8221;3.25&#8243; custom_padding=&#8221;|||&#8221; custom_padding__hover=&#8221;|||&#8221;][et_pb_text admin_label=&#8221;Text&#8221; _builder_version=&#8221;3.27.4&#8243; text_font=&#8221;Open Sans Light||||&#8221; text_text_color=&#8221;#ffffff&#8221; text_font_size=&#8221;40&#8243; header_font=&#8221;Open Sans||||&#8221; header_font_size=&#8221;40px&#8221; background_size=&#8221;initial&#8221; background_position=&#8221;top_left&#8221; background_repeat=&#8221;repeat&#8221; text_orientation=&#8221;center&#8221; module_alignment=&#8221;center&#8221; use_border_color=&#8221;off&#8221; border_color=&#8221;#ffffff&#8221; border_style=&#8221;solid&#8221;]&nbsp;<\/p>\n<p>\u5b9e\u8df5\u9886\u57df<\/p>\n<p>&nbsp;<br \/>\n[\/et_pb_text][\/et_pb_column][\/et_pb_row][\/et_pb_section][et_pb_section fb_built=&#8221;1&#8243; custom_padding_last_edited=&#8221;on|desktop&#8221; admin_label=&#8221;section&#8221; _builder_version=&#8221;3.22&#8243; background_color=&#8221;#283139&#8243; custom_padding_tablet=&#8221;50px|0|50px|0&#8243; custom_padding_phone=&#8221;&#8221; transparent_background=&#8221;off&#8221; padding_mobile=&#8221;off&#8221; make_fullwidth=&#8221;off&#8221; use_custom_width=&#8221;off&#8221; width_unit=&#8221;on&#8221; custom_width_px=&#8221;1080px&#8221; custom_width_percent=&#8221;80%&#8221;][et_pb_row padding_mobile=&#8221;off&#8221; column_padding_mobile=&#8221;on&#8221; admin_label=&#8221;Row&#8221; _builder_version=&#8221;3.25&#8243; background_size=&#8221;initial&#8221; background_position=&#8221;top_left&#8221; background_repeat=&#8221;repeat&#8221; make_fullwidth=&#8221;off&#8221; use_custom_width=&#8221;off&#8221; width_unit=&#8221;off&#8221; custom_width_px=&#8221;1080px&#8221; custom_width_percent=&#8221;80%&#8221;][et_pb_column type=&#8221;4_4&#8243; _builder_version=&#8221;3.25&#8243; custom_padding=&#8221;|||&#8221; custom_padding__hover=&#8221;|||&#8221;][et_pb_text admin_label=&#8221;Derecho Administrativo&#8221; module_class=&#8221;titol-area&#8221; _builder_version=&#8221;3.27.4&#8243; text_text_color=&#8221;#dddddd&#8221; text_font_size=&#8221;45&#8243; background_size=&#8221;initial&#8221; background_position=&#8221;top_left&#8221; background_repeat=&#8221;repeat&#8221; custom_css_main_element=&#8221;h2 {||font-size:40px;||}||h2 span {||color: rgba(11, 148, 214, 0.25);||font-weight: 100;||letter-spacing: -2px;||}||&#8221; use_border_color=&#8221;off&#8221; border_color=&#8221;#ffffff&#8221; border_style=&#8221;solid&#8221; saved_tabs=&#8221;all&#8221;]<\/p>\n<h2><strong>\u5b9e\u8df5\u9886\u57df \/<\/strong>\u00a0\u884c\u653f\u6cd5\u9886\u57df<\/h2>\n<p>[\/et_pb_text][et_pb_text admin_label=&#8221;Text&#8221; _builder_version=&#8221;3.27.4&#8243; text_text_color=&#8221;#ffffff&#8221; text_font_size=&#8221;16&#8243; background_size=&#8221;initial&#8221; background_position=&#8221;top_left&#8221; background_repeat=&#8221;repeat&#8221; use_border_color=&#8221;off&#8221; border_color=&#8221;#ffffff&#8221; border_style=&#8221;solid&#8221;]<span style=\"font-weight: 400;\">\u6211\u4eec\u7684\u884c\u653f\u6cd5\u56e2\u961f\u7684\u6210\u5458\u5728\u884c\u653f\u673a\u6784\u548c\u516c\u5171\u90e8\u95e8\u76f8\u5173\u7684\u6cd5\u5f8b\u54a8\u8be2\u65b9\u9762\u6709\u7740\u4e30\u5bcc\u7684\u7ecf\u9a8c\uff0c\u4e13\u4e1a\u7684\u77e5\u8bc6\u548c\u7ecf\u9a8c\u8ba9\u6211\u4eec\u80fd\u591f\u4e3a\u5ba2\u6237\u63d0\u4f9b\u4e00\u6d41\u7684\u6cd5\u5f8b\u670d\u52a1\u3002<\/span><br \/>\n[\/et_pb_text][\/et_pb_column][\/et_pb_row][et_pb_row column_structure=&#8221;1_4,1_4,1_4,1_4&#8243; padding_mobile=&#8221;off&#8221; column_padding_mobile=&#8221;on&#8221; admin_label=&#8221;Row&#8221; _builder_version=&#8221;3.25&#8243; background_size=&#8221;initial&#8221; background_position=&#8221;top_left&#8221; background_repeat=&#8221;repeat&#8221; make_fullwidth=&#8221;off&#8221; use_custom_width=&#8221;off&#8221; width_unit=&#8221;off&#8221; custom_width_px=&#8221;1080px&#8221; custom_width_percent=&#8221;80%&#8221;][et_pb_column type=&#8221;1_4&#8243; _builder_version=&#8221;3.25&#8243; custom_padding=&#8221;|||&#8221; custom_padding__hover=&#8221;|||&#8221;][et_pb_blurb title=&#8221;\u5904\u7406\u4efb\u4f55\u884c\u653f\u548c\u516c\u5171\u90e8\u95e8\u7684\u5404\u79cd\u624b\u7eed\uff0c\u8ddf\u8e2a\u540e\u7eed\u8fdb\u5c55\u4ee5\u53ca\u63d0\u4f9b\u54a8\u8be2\u670d\u52a1&#8221; use_icon=&#8221;on&#8221; font_icon=&#8221;R&#8221; icon_color=&#8221;#1fa0e3&#8243; icon_placement=&#8221;left&#8221; admin_label=&#8221;Blurb&#8221; _builder_version=&#8221;4.0.7&#8243; background_size=&#8221;initial&#8221; background_position=&#8221;top_left&#8221; background_repeat=&#8221;repeat&#8221; background_layout=&#8221;dark&#8221; animation=&#8221;right&#8221; use_border_color=&#8221;off&#8221; border_color=&#8221;#ffffff&#8221; border_style=&#8221;solid&#8221;][\/et_pb_blurb][et_pb_blurb title=&#8221;\u884c\u653f\u6cd5\u89c4&#8221; use_icon=&#8221;on&#8221; font_icon=&#8221;R&#8221; icon_color=&#8221;#1fa0e3&#8243; icon_placement=&#8221;left&#8221; admin_label=&#8221;Blurb&#8221; _builder_version=&#8221;4.9.4&#8243; background_size=&#8221;initial&#8221; background_position=&#8221;top_left&#8221; background_repeat=&#8221;repeat&#8221; text_orientation=&#8221;center&#8221; background_layout=&#8221;dark&#8221; animation=&#8221;right&#8221; hover_enabled=&#8221;0&#8243; use_border_color=&#8221;off&#8221; border_color=&#8221;#ffffff&#8221; border_style=&#8221;solid&#8221; header_text_align=&#8221;left&#8221; sticky_enabled=&#8221;0&#8243;][\/et_pb_blurb][\/et_pb_column][et_pb_column type=&#8221;1_4&#8243; _builder_version=&#8221;3.25&#8243; custom_padding=&#8221;|||&#8221; custom_padding__hover=&#8221;|||&#8221;][et_pb_blurb title=&#8221;\u516c\u5171\u90e8\u95e8\u91c7\u8d2d&#8221; use_icon=&#8221;on&#8221; font_icon=&#8221;R&#8221; icon_color=&#8221;#1fa0e3&#8243; icon_placement=&#8221;left&#8221; admin_label=&#8221;Blurb&#8221; _builder_version=&#8221;4.9.4&#8243; background_size=&#8221;initial&#8221; background_position=&#8221;top_left&#8221; background_repeat=&#8221;repeat&#8221; text_orientation=&#8221;center&#8221; background_layout=&#8221;dark&#8221; animation=&#8221;right&#8221; hover_enabled=&#8221;0&#8243; use_border_color=&#8221;off&#8221; border_color=&#8221;#ffffff&#8221; border_style=&#8221;solid&#8221; header_text_align=&#8221;left&#8221; sticky_enabled=&#8221;0&#8243;][\/et_pb_blurb][et_pb_blurb title=&#8221;\u884c\u653f\u5904\u7f5a&#8221; use_icon=&#8221;on&#8221; font_icon=&#8221;R&#8221; icon_color=&#8221;#1fa0e3&#8243; icon_placement=&#8221;left&#8221; admin_label=&#8221;Blurb&#8221; _builder_version=&#8221;4.9.4&#8243; background_size=&#8221;initial&#8221; background_position=&#8221;top_left&#8221; background_repeat=&#8221;repeat&#8221; text_orientation=&#8221;center&#8221; background_layout=&#8221;dark&#8221; animation=&#8221;right&#8221; hover_enabled=&#8221;0&#8243; use_border_color=&#8221;off&#8221; border_color=&#8221;#ffffff&#8221; border_style=&#8221;solid&#8221; header_text_align=&#8221;left&#8221; sticky_enabled=&#8221;0&#8243;][\/et_pb_blurb][\/et_pb_column][et_pb_column type=&#8221;1_4&#8243; _builder_version=&#8221;3.25&#8243; custom_padding=&#8221;|||&#8221; custom_padding__hover=&#8221;|||&#8221;][et_pb_blurb title=&#8221;\u516c\u5171\u90e8\u95e8\u7684\u5951\u7ea6\u5916\u8d23\u4efb\u7d22\u507f&#8221; use_icon=&#8221;on&#8221; font_icon=&#8221;R&#8221; icon_color=&#8221;#1fa0e3&#8243; icon_placement=&#8221;left&#8221; admin_label=&#8221;Blurb&#8221; _builder_version=&#8221;4.0.7&#8243; background_size=&#8221;initial&#8221; background_position=&#8221;top_left&#8221; background_repeat=&#8221;repeat&#8221; background_layout=&#8221;dark&#8221; animation=&#8221;right&#8221; use_border_color=&#8221;off&#8221; border_color=&#8221;#ffffff&#8221; border_style=&#8221;solid&#8221;][\/et_pb_blurb][\/et_pb_column][et_pb_column type=&#8221;1_4&#8243; _builder_version=&#8221;3.25&#8243; custom_padding=&#8221;|||&#8221; custom_padding__hover=&#8221;|||&#8221;][et_pb_blurb title=&#8221;\u884c\u653f\u7533\u8bc9&#8221; use_icon=&#8221;on&#8221; font_icon=&#8221;R&#8221; icon_color=&#8221;#1fa0e3&#8243; icon_placement=&#8221;left&#8221; admin_label=&#8221;Blurb&#8221; _builder_version=&#8221;4.9.4&#8243; background_size=&#8221;initial&#8221; background_position=&#8221;top_left&#8221; background_repeat=&#8221;repeat&#8221; text_orientation=&#8221;center&#8221; background_layout=&#8221;dark&#8221; animation=&#8221;right&#8221; hover_enabled=&#8221;0&#8243; use_border_color=&#8221;off&#8221; border_color=&#8221;#ffffff&#8221; border_style=&#8221;solid&#8221; header_text_align=&#8221;left&#8221; sticky_enabled=&#8221;0&#8243;][\/et_pb_blurb][\/et_pb_column][\/et_pb_row][\/et_pb_section]<\/p>\n","protected":false},"excerpt":{"rendered":"<p>&nbsp; \u5b9e\u8df5\u9886\u57df &nbsp; \u5b9e\u8df5\u9886\u57df \/\u00a0\u884c\u653f\u6cd5\u9886\u57df \u6211\u4eec\u7684\u884c\u653f\u6cd5\u56e2\u961f\u7684\u6210\u5458\u5728\u884c\u653f\u673a\u6784\u548c\u516c\u5171\u90e8\u95e8\u76f8\u5173 [&hellip;]<\/p>\n","protected":false},"author":2,"featured_media":6769,"parent":0,"menu_order":0,"comment_status":"closed","ping_status":"closed","template":"","meta":{"_et_pb_use_builder":"on","_et_pb_old_content":"[et_pb_section background_image=\"https:\/\/ms-advocats.com\/wp-content\/uploads\/2016\/07\/bonsai.jpg\" transparent_background=\"off\" background_color=\"#ffffff\" allow_player_pause=\"off\" inner_shadow=\"off\" parallax=\"off\" parallax_method=\"off\" custom_padding=\"100px||100px|\" padding_mobile=\"off\" make_fullwidth=\"off\" use_custom_width=\"off\" width_unit=\"on\" custom_width_px=\"1080px\" custom_width_percent=\"80%\" make_equal=\"off\" use_custom_gutter=\"off\" fullwidth=\"off\" specialty=\"off\" admin_label=\"Section\" disabled=\"off\"][et_pb_row make_fullwidth=\"on\" use_custom_width=\"off\" width_unit=\"on\" custom_width_px=\"1080px\" custom_width_percent=\"80%\" use_custom_gutter=\"off\" gutter_width=\"3\" padding_mobile=\"off\" allow_player_pause=\"off\" parallax=\"off\" parallax_method=\"off\" make_equal=\"off\" column_padding_mobile=\"on\" parallax_1=\"off\" parallax_method_1=\"off\" parallax_2=\"off\" parallax_method_2=\"on\" parallax_3=\"off\" parallax_method_3=\"on\" parallax_4=\"off\" parallax_method_4=\"on\" admin_label=\"Row\" disabled=\"off\"][et_pb_column type=\"4_4\" disabled=\"off\" parallax=\"off\" parallax_method=\"off\" column_padding_mobile=\"on\"][et_pb_text background_layout=\"light\" text_orientation=\"center\" admin_label=\"Text\" header_font=\"Open Sans||||\" header_font_size=\"40px\" text_font=\"Open Sans Light||||\" text_font_size=\"40\" text_text_color=\"#ffffff\" use_border_color=\"off\" border_style=\"solid\" disabled=\"off\"]<p>\u00a0<\/p>\r\n<p>\u00c1reas de Pr\u00e1ctica<\/p>\r\n<p>\u00a0<\/p>\r\n[\/et_pb_text][\/et_pb_column][\/et_pb_row][\/et_pb_section][et_pb_section transparent_background=\"off\" background_color=\"#283139\" allow_player_pause=\"off\" inner_shadow=\"off\" parallax=\"off\" parallax_method=\"off\" padding_mobile=\"off\" make_fullwidth=\"off\" use_custom_width=\"off\" width_unit=\"on\" custom_width_px=\"1080px\" custom_width_percent=\"80%\" make_equal=\"off\" use_custom_gutter=\"off\" fullwidth=\"off\" specialty=\"off\" admin_label=\"section\" disabled=\"off\"][et_pb_row make_fullwidth=\"off\" use_custom_width=\"off\" width_unit=\"off\" custom_width_px=\"1080px\" custom_width_percent=\"80%\" use_custom_gutter=\"off\" gutter_width=\"3\" padding_mobile=\"off\" allow_player_pause=\"off\" parallax=\"off\" parallax_method=\"on\" make_equal=\"off\" column_padding_mobile=\"on\" parallax_1=\"off\" parallax_method_1=\"on\" parallax_2=\"off\" parallax_method_2=\"on\" parallax_3=\"off\" parallax_method_3=\"on\" parallax_4=\"off\" parallax_method_4=\"on\" admin_label=\"Row\" disabled=\"off\"][et_pb_column type=\"4_4\" disabled=\"off\" parallax=\"off\" parallax_method=\"on\" column_padding_mobile=\"on\"][et_pb_text background_layout=\"light\" text_orientation=\"left\" admin_label=\"Derecho Administrativo\" module_class=\"titol-area\" text_font_size=\"45\" text_text_color=\"#dddddd\" use_border_color=\"off\" border_style=\"solid\" custom_css_main_element=\"h2 {||font-size:40px;||}||h2 span {||color: rgba(11, 148, 214, 0.25);||font-weight: 100;||letter-spacing: -2px;||}||\" disabled=\"off\" saved_tabs=\"all\"]\r\n\r\n<h2><strong>\u00c1reas de Pr\u00e1ctica \/<\/strong>\u00a0Derecho Administrativo<\/h2>\r\n\r\n[\/et_pb_text][et_pb_text background_layout=\"light\" text_orientation=\"left\" admin_label=\"Text\" text_font_size=\"16\" text_text_color=\"#ffffff\" use_border_color=\"off\" border_style=\"solid\" disabled=\"off\"]\r\n\r\n<p style=\"text-align: justify;\">Nuestros profesionales especializados en el Derecho Administrativo tienen una dilatada experiencia laboral en Asesor\u00edas Jur\u00eddicas de las Administraciones y entes p\u00fablicos, lo que nos permite ofrecer unos servicios legales con un excelente grado de conocimiento sobre las diferentes materias de este \u00e1mbito.<\/p>\r\n\r\n[\/et_pb_text][\/et_pb_column][\/et_pb_row][et_pb_row make_fullwidth=\"off\" use_custom_width=\"off\" width_unit=\"off\" custom_width_px=\"1080px\" custom_width_percent=\"80%\" use_custom_gutter=\"off\" gutter_width=\"3\" padding_mobile=\"off\" allow_player_pause=\"off\" parallax=\"off\" parallax_method=\"on\" make_equal=\"off\" column_padding_mobile=\"on\" parallax_1=\"off\" parallax_method_1=\"on\" parallax_2=\"off\" parallax_method_2=\"on\" parallax_3=\"off\" parallax_method_3=\"on\" parallax_4=\"off\" parallax_method_4=\"on\" admin_label=\"Row\" disabled=\"off\"][et_pb_column type=\"1_4\" disabled=\"off\" parallax=\"off\" parallax_method=\"on\" column_padding_mobile=\"on\"][et_pb_blurb title=\"Contrataci\u00f3n P\u00fablica.\" url_new_window=\"off\" use_icon=\"on\" font_icon=\"R\" icon_color=\"#1fa0e3\" use_circle=\"off\" circle_color=\"#2caaca\" use_circle_border=\"off\" circle_border_color=\"#2caaca\" icon_placement=\"left\" animation=\"right\" background_layout=\"dark\" text_orientation=\"center\" use_icon_font_size=\"off\" icon_font_size=\"96px\" admin_label=\"Blurb\" use_border_color=\"off\" border_color=\"#ffffff\" border_width=\"1px\" border_style=\"solid\" disabled=\"off\"]\r\n\r\n\r\n\r\n[\/et_pb_blurb][et_pb_blurb title=\"Asesoramiento, tramitaci\u00f3n y seguimiento de procedimientos administrativos ante cualquier Administraci\u00f3n P\u00fablica, ente u organismo p\u00fablico.\" url_new_window=\"off\" use_icon=\"on\" font_icon=\"R\" icon_color=\"#1fa0e3\" use_circle=\"off\" circle_color=\"#2caaca\" use_circle_border=\"off\" circle_border_color=\"#2caaca\" icon_placement=\"left\" animation=\"right\" background_layout=\"dark\" text_orientation=\"center\" use_icon_font_size=\"off\" icon_font_size=\"96px\" admin_label=\"Blurb\" use_border_color=\"off\" border_color=\"#ffffff\" border_width=\"1px\" border_style=\"solid\" disabled=\"off\"]\r\n\r\n\r\n\r\n[\/et_pb_blurb][\/et_pb_column][et_pb_column type=\"1_4\" disabled=\"off\" parallax=\"off\" parallax_method=\"on\" column_padding_mobile=\"on\"][et_pb_blurb title=\"Procedimiento sancionador.\" url_new_window=\"off\" use_icon=\"on\" font_icon=\"R\" icon_color=\"#1fa0e3\" use_circle=\"off\" circle_color=\"#2caaca\" use_circle_border=\"off\" circle_border_color=\"#2caaca\" icon_placement=\"left\" animation=\"right\" background_layout=\"dark\" text_orientation=\"center\" use_icon_font_size=\"off\" icon_font_size=\"96px\" admin_label=\"Blurb\" use_border_color=\"off\" border_color=\"#ffffff\" border_width=\"1px\" border_style=\"solid\" disabled=\"off\"]\r\n\r\n\r\n\r\n[\/et_pb_blurb][et_pb_blurb title=\"Reclamaciones de Responsabilidad Patrimonial ante la Administraci\u00f3n P\u00fablica.\" url_new_window=\"off\" use_icon=\"on\" font_icon=\"R\" icon_color=\"#1fa0e3\" use_circle=\"off\" circle_color=\"#2caaca\" use_circle_border=\"off\" circle_border_color=\"#2caaca\" icon_placement=\"left\" animation=\"right\" background_layout=\"dark\" text_orientation=\"center\" use_icon_font_size=\"off\" icon_font_size=\"96px\" admin_label=\"Blurb\" use_border_color=\"off\" border_color=\"#ffffff\" border_width=\"1px\" border_style=\"solid\" disabled=\"off\"]\r\n\r\n\r\n\r\n[\/et_pb_blurb][\/et_pb_column][et_pb_column type=\"1_4\" disabled=\"off\" parallax=\"off\" parallax_method=\"on\" column_padding_mobile=\"on\"][et_pb_blurb title=\"Recursos administrativos.\" url_new_window=\"off\" use_icon=\"on\" font_icon=\"R\" icon_color=\"#1fa0e3\" use_circle=\"off\" circle_color=\"#2caaca\" use_circle_border=\"off\" circle_border_color=\"#2caaca\" icon_placement=\"left\" animation=\"right\" background_layout=\"dark\" text_orientation=\"center\" use_icon_font_size=\"off\" icon_font_size=\"96px\" admin_label=\"Blurb\" use_border_color=\"off\" border_color=\"#ffffff\" border_width=\"1px\" border_style=\"solid\" disabled=\"off\"]\r\n\r\n\r\n\r\n[\/et_pb_blurb][\/et_pb_column][et_pb_column type=\"1_4\" disabled=\"off\" parallax=\"off\" parallax_method=\"on\" column_padding_mobile=\"on\"][et_pb_blurb title=\"Funci\u00f3n p\u00fablica.\" url_new_window=\"off\" use_icon=\"on\" font_icon=\"R\" icon_color=\"#1fa0e3\" use_circle=\"off\" circle_color=\"#2caaca\" use_circle_border=\"off\" circle_border_color=\"#2caaca\" icon_placement=\"left\" animation=\"right\" background_layout=\"dark\" text_orientation=\"center\" use_icon_font_size=\"off\" icon_font_size=\"96px\" admin_label=\"Blurb\" use_border_color=\"off\" border_color=\"#ffffff\" border_width=\"1px\" border_style=\"solid\" disabled=\"off\"]\r\n\r\n\r\n\r\n[\/et_pb_blurb][\/et_pb_column][\/et_pb_row][\/et_pb_section]","_et_gb_content_width":"","footnotes":""},"class_list":["post-1493","page","type-page","status-publish","has-post-thumbnail","hentry"],"_links":{"self":[{"href":"https:\/\/ms-advocats.com\/zh-hans\/wp-json\/wp\/v2\/pages\/1493","targetHints":{"allow":["GET"]}}],"collection":[{"href":"https:\/\/ms-advocats.com\/zh-hans\/wp-json\/wp\/v2\/pages"}],"about":[{"href":"https:\/\/ms-advocats.com\/zh-hans\/wp-json\/wp\/v2\/types\/page"}],"author":[{"embeddable":true,"href":"https:\/\/ms-advocats.com\/zh-hans\/wp-json\/wp\/v2\/users\/2"}],"replies":[{"embeddable":true,"href":"https:\/\/ms-advocats.com\/zh-hans\/wp-json\/wp\/v2\/comments?post=1493"}],"version-history":[{"count":2,"href":"https:\/\/ms-advocats.com\/zh-hans\/wp-json\/wp\/v2\/pages\/1493\/revisions"}],"predecessor-version":[{"id":3162,"href":"https:\/\/ms-advocats.com\/zh-hans\/wp-json\/wp\/v2\/pages\/1493\/revisions\/3162"}],"wp:featuredmedia":[{"embeddable":true,"href":"https:\/\/ms-advocats.com\/zh-hans\/wp-json\/wp\/v2\/media\/6769"}],"wp:attachment":[{"href":"https:\/\/ms-advocats.com\/zh-hans\/wp-json\/wp\/v2\/media?parent=1493"}],"curies":[{"name":"wp","href":"https:\/\/api.w.org\/{rel}","templated":true}]}}