{"id":1490,"date":"2016-07-28T13:52:09","date_gmt":"2016-07-28T12:52:09","guid":{"rendered":"http:\/\/ms-advocats.com\/zh-hans\/?page_id=1490"},"modified":"2021-05-13T12:08:21","modified_gmt":"2021-05-13T10:08:21","slug":"%e6%b0%91%e6%b3%95%e9%a2%86%e5%9f%9f","status":"publish","type":"page","link":"https:\/\/ms-advocats.com\/zh-hans\/%e6%b0%91%e6%b3%95%e9%a2%86%e5%9f%9f\/","title":{"rendered":"\u6c11\u6cd5\u9886\u57df"},"content":{"rendered":"<p>[et_pb_section fb_built=&#8221;1&#8243; custom_padding_last_edited=&#8221;on|desktop&#8221; admin_label=&#8221;Section&#8221; _builder_version=&#8221;3.22&#8243; background_color=&#8221;#ffffff&#8221; background_image=&#8221;https:\/\/ms-advocats.com\/wp-content\/uploads\/2016\/07\/bonsai.jpg&#8221; custom_padding=&#8221;100px||100px|&#8221; custom_padding_tablet=&#8221;50px|0|50px|0&#8243; custom_padding_phone=&#8221;&#8221; transparent_background=&#8221;off&#8221; padding_mobile=&#8221;off&#8221; make_fullwidth=&#8221;off&#8221; use_custom_width=&#8221;off&#8221; width_unit=&#8221;on&#8221;][et_pb_row padding_mobile=&#8221;off&#8221; column_padding_mobile=&#8221;on&#8221; admin_label=&#8221;Row&#8221; module_class=&#8221; et_pb_row_fullwidth&#8221; _builder_version=&#8221;3.25&#8243; background_size=&#8221;initial&#8221; background_position=&#8221;top_left&#8221; background_repeat=&#8221;repeat&#8221; width=&#8221;89%&#8221; width_tablet=&#8221;80%&#8221; width_phone=&#8221;&#8221; width_last_edited=&#8221;on|desktop&#8221; max_width=&#8221;89%&#8221; max_width_tablet=&#8221;80%&#8221; max_width_phone=&#8221;&#8221; max_width_last_edited=&#8221;on|desktop&#8221; make_fullwidth=&#8221;on&#8221; use_custom_width=&#8221;off&#8221; width_unit=&#8221;on&#8221;][et_pb_column type=&#8221;4_4&#8243; _builder_version=&#8221;3.25&#8243; custom_padding=&#8221;|||&#8221; custom_padding__hover=&#8221;|||&#8221;][et_pb_text admin_label=&#8221;Text&#8221; _builder_version=&#8221;3.27.4&#8243; text_font=&#8221;Open Sans Light||||&#8221; text_text_color=&#8221;#ffffff&#8221; text_font_size=&#8221;40&#8243; header_font=&#8221;Open Sans||||&#8221; header_font_size=&#8221;40px&#8221; background_size=&#8221;initial&#8221; background_position=&#8221;top_left&#8221; background_repeat=&#8221;repeat&#8221; text_orientation=&#8221;center&#8221; module_alignment=&#8221;center&#8221; use_border_color=&#8221;off&#8221; border_color=&#8221;#ffffff&#8221; border_style=&#8221;solid&#8221;]\u5b9e\u8df5\u9886\u57df<br \/>\n[\/et_pb_text][\/et_pb_column][\/et_pb_row][\/et_pb_section][et_pb_section fb_built=&#8221;1&#8243; custom_padding_last_edited=&#8221;on|desktop&#8221; admin_label=&#8221;section&#8221; _builder_version=&#8221;3.22&#8243; background_color=&#8221;#283139&#8243; custom_padding_tablet=&#8221;50px|0|50px|0&#8243; custom_padding_phone=&#8221;&#8221; transparent_background=&#8221;off&#8221; padding_mobile=&#8221;off&#8221; make_fullwidth=&#8221;off&#8221; use_custom_width=&#8221;off&#8221; width_unit=&#8221;on&#8221;][et_pb_row admin_label=&#8221;Row&#8221; _builder_version=&#8221;3.25&#8243; background_size=&#8221;initial&#8221; background_position=&#8221;top_left&#8221; background_repeat=&#8221;repeat&#8221;][et_pb_column type=&#8221;4_4&#8243; _builder_version=&#8221;3.25&#8243; custom_padding=&#8221;|||&#8221; custom_padding__hover=&#8221;|||&#8221;][et_pb_text admin_label=&#8221;Civil&#8221; module_class=&#8221;titol-area&#8221; _builder_version=&#8221;3.27.4&#8243; text_text_color=&#8221;#dddddd&#8221; text_font_size=&#8221;45&#8243; background_size=&#8221;initial&#8221; background_position=&#8221;top_left&#8221; background_repeat=&#8221;repeat&#8221; custom_css_main_element=&#8221;h2 {||font-size:40px;||}||h2 span {||color: rgba(11, 148, 214, 0.25);||font-weight: 100;||letter-spacing: -2px;||}||&#8221; use_border_color=&#8221;off&#8221; border_color=&#8221;#ffffff&#8221; border_style=&#8221;solid&#8221; saved_tabs=&#8221;all&#8221;]&nbsp;<\/p>\n<h2><strong>\u5b9e\u8df5\u9886\u57df \/<\/strong> <b>\u6c11\u6cd5\u9886\u57df<\/b><\/h2>\n<p>&nbsp;<br \/>\n[\/et_pb_text][et_pb_text admin_label=&#8221;Text&#8221; _builder_version=&#8221;3.27.4&#8243; text_text_color=&#8221;#ffffff&#8221; text_font_size=&#8221;16&#8243; background_size=&#8221;initial&#8221; background_position=&#8221;top_left&#8221; background_repeat=&#8221;repeat&#8221; use_border_color=&#8221;off&#8221; border_color=&#8221;#ffffff&#8221; border_style=&#8221;solid&#8221;]<\/p>\n<p style=\"text-align: justify;\"><span style=\"font-weight: 400;\">\u6c11\u6cd5\u90e8\u95e8\u5bf9\u4e8e\u6240\u6709\u7efc\u5408\u6027\u5f8b\u5e08\u4e8b\u52a1\u6240\u90fd\u662f\u6700\u91cd\u8981\u7684\u90e8\u95e8\u4e4b\u4e00\uff0c<\/span><span style=\"font-weight: 400;\">\u5bf9\u4e8e\u6211\u4eec\u6765\u8bf4\u66f4\u662f\u5982\u6b64\u3002\u6211\u4eec\u7684\u5ba2\u6237\u4e0d\u4ec5\u5305\u62ec\u5927\u516c\u53f8\u4e5f\u5305\u62ec\u5c0f\u5ba2\u6237\uff0c\u6211\u4eec\u7684\u76ee\u6807\u4e4b\u4e00\u5c31\u662f\u4e3a\u6240\u6709\u5ba2\u6237\u63d0\u4f9b\u6709\u4eb2\u548c\u529b\u3001\u7ec6\u81f4\u5165\u5fae\u7684\u6cd5\u5f8b\u670d\u52a1\uff0c\u4e3a\u4ed6\u4eec\u6392\u5fe7\u89e3\u96be\u3002 <\/span><\/p>\n<p style=\"text-align: justify;\"><span style=\"font-weight: 400;\">\u6211\u4eec\u4e8b\u52a1\u6240\u7684\u53e6\u4e00\u4e2a\u76ee\u6807\u662f\u8ba9\u5ba2\u6237\u76f8\u4fe1\u6211\u4eec\u80fd\u4f7f\u4ed6\u4eec\u7684\u7ecf\u8425\u548c\u4e1a\u52a1\u66f4\u52a0\u5b89\u5168\u548c\u7a33\u5b9a\u3002\u6211\u4eec\u7684\u670d\u52a1\u4e0d\u4ec5\u80fd\u591f\u89e3\u51b3\u95ee\u9898\uff0c\u66f4\u80fd\u9632\u60a3\u4e8e\u672a\u7136\uff1b\u6709\u4e86\u6211\u4eec\u6240\u63d0\u4f9b\u7684\u7ec6\u81f4\u5165\u5fae\u6cd5\u5f8b\u670d\u52a1\uff0c\u5f88\u591a\u95ee\u9898\u90fd\u53ef\u4ee5\u5728\u5f62\u6210\u4e89\u7aef\u4e4b\u524d\u5c31\u5f97\u4ee5\u89e3\u51b3\u3002<\/span><\/p>\n<p style=\"text-align: justify;\"><span style=\"font-weight: 400;\">\u6211\u4eec\u7684\u670d\u52a1\u53ef\u4ee5\u5728\u5f88\u591a\u53ef\u80fd\u53d1\u751f\u4e89\u8bae\u548c\u51b2\u7a81\u7684\u60c5\u51b5\u4e0b\uff0c\u628a\u5f71\u54cd\u964d\u5230\u6700\u4f4e\uff0c\u8fd9\u4e9b\u60c5\u51b5\u5305\u62ec\uff1a<\/span><\/p>\n<p>[\/et_pb_text][\/et_pb_column][\/et_pb_row][et_pb_row column_structure=&#8221;1_4,1_4,1_4,1_4&#8243; admin_label=&#8221;Row&#8221; _builder_version=&#8221;3.25&#8243; background_size=&#8221;initial&#8221; background_position=&#8221;top_left&#8221; background_repeat=&#8221;repeat&#8221;][et_pb_column type=&#8221;1_4&#8243; _builder_version=&#8221;3.25&#8243; custom_padding=&#8221;|||&#8221; custom_padding__hover=&#8221;|||&#8221;][et_pb_blurb title=&#8221;\u5408\u540c\u4e49\u52a1&#8221; use_icon=&#8221;on&#8221; font_icon=&#8221;R&#8221; icon_color=&#8221;#1fa0e3&#8243; icon_placement=&#8221;left&#8221; admin_label=&#8221;Blurb&#8221; _builder_version=&#8221;4.9.4&#8243; background_size=&#8221;initial&#8221; background_position=&#8221;top_left&#8221; background_repeat=&#8221;repeat&#8221; text_orientation=&#8221;center&#8221; background_layout=&#8221;dark&#8221; animation=&#8221;right&#8221; hover_enabled=&#8221;0&#8243; use_border_color=&#8221;off&#8221; border_color=&#8221;#ffffff&#8221; border_style=&#8221;solid&#8221; header_text_align=&#8221;left&#8221; sticky_enabled=&#8221;0&#8243;][\/et_pb_blurb][et_pb_blurb title=&#8221;\u5404\u79cd\u6c11\u4e8b\u8d23\u4efb&#8221; use_icon=&#8221;on&#8221; font_icon=&#8221;R&#8221; icon_color=&#8221;#1fa0e3&#8243; icon_placement=&#8221;left&#8221; admin_label=&#8221;Blurb&#8221; _builder_version=&#8221;4.0.7&#8243; background_size=&#8221;initial&#8221; background_position=&#8221;top_left&#8221; background_repeat=&#8221;repeat&#8221; background_layout=&#8221;dark&#8221; animation=&#8221;right&#8221; use_border_color=&#8221;off&#8221; border_color=&#8221;#ffffff&#8221; border_style=&#8221;solid&#8221;]<span style=\"font-weight: 400; color: #999999;\">\u5efa\u7b51\u5de5\u7a0b\u3001\u533b\u7597\u3001\u5bb6\u5ead\u7b49<\/span><br \/>\n[\/et_pb_blurb][et_pb_blurb title=&#8221;\u7ec4\u7ec7\u673a\u6784\u3001\u57fa\u91d1\u4f1a\u3001\u5408\u4f5c\u793e&#8221; use_icon=&#8221;on&#8221; font_icon=&#8221;R&#8221; icon_color=&#8221;#1fa0e3&#8243; icon_placement=&#8221;left&#8221; admin_label=&#8221;Blurb&#8221; _builder_version=&#8221;4.0.7&#8243; background_size=&#8221;initial&#8221; background_position=&#8221;top_left&#8221; background_repeat=&#8221;repeat&#8221; background_layout=&#8221;dark&#8221; animation=&#8221;right&#8221; use_border_color=&#8221;off&#8221; border_color=&#8221;#ffffff&#8221; border_style=&#8221;solid&#8221;][\/et_pb_blurb][\/et_pb_column][et_pb_column type=&#8221;1_4&#8243; _builder_version=&#8221;3.25&#8243; custom_padding=&#8221;|||&#8221; custom_padding__hover=&#8221;|||&#8221;][et_pb_blurb title=&#8221;\u79df\u8d41\u548c\u5171\u6709\u4ea7\u6743\u7269\u4e1a&#8221; use_icon=&#8221;on&#8221; font_icon=&#8221;R&#8221; icon_color=&#8221;#1fa0e3&#8243; icon_placement=&#8221;left&#8221; admin_label=&#8221;Blurb&#8221; _builder_version=&#8221;4.9.4&#8243; background_size=&#8221;initial&#8221; background_position=&#8221;top_left&#8221; background_repeat=&#8221;repeat&#8221; text_orientation=&#8221;center&#8221; background_layout=&#8221;dark&#8221; animation=&#8221;right&#8221; hover_enabled=&#8221;0&#8243; use_border_color=&#8221;off&#8221; border_color=&#8221;#ffffff&#8221; border_style=&#8221;solid&#8221; header_text_align=&#8221;left&#8221; sticky_enabled=&#8221;0&#8243;][\/et_pb_blurb][et_pb_blurb title=&#8221;\u5bb6\u5ead\u7ea0\u7eb7&#8221; use_icon=&#8221;on&#8221; font_icon=&#8221;R&#8221; icon_color=&#8221;#1fa0e3&#8243; icon_placement=&#8221;left&#8221; admin_label=&#8221;Blurb&#8221; _builder_version=&#8221;4.0.7&#8243; background_size=&#8221;initial&#8221; background_position=&#8221;top_left&#8221; background_repeat=&#8221;repeat&#8221; background_layout=&#8221;dark&#8221; animation=&#8221;right&#8221; use_border_color=&#8221;off&#8221; border_color=&#8221;#ffffff&#8221; border_style=&#8221;solid&#8221;]<span style=\"color: #999999;\"><span style=\"font-weight: 400;\">\u79bb\u5a5a\u3001\u5206\u5c45\u3001\u7d22\u8981\u9000\u4f11\u91d1\u3001\u5224\u51b3\u590d\u8bae\u3001\u8d54\u507f\u91d1\u8c03\u6574<\/span><span style=\"font-weight: 400;\">\u4ee5\u53ca<\/span><span style=\"font-weight: 400;\">\u6559\u4f1a\u6cd5\u5ead\u5bf9\u5a5a\u59fb\u7684\u65e0\u6548\u88c1\u5b9a<\/span><\/span><br \/>\n[\/et_pb_blurb][\/et_pb_column][et_pb_column type=&#8221;1_4&#8243; _builder_version=&#8221;3.25&#8243; custom_padding=&#8221;|||&#8221; custom_padding__hover=&#8221;|||&#8221;][et_pb_blurb title=&#8221;\u7ee7\u627f\u548c\u9057\u5631&#8221; use_icon=&#8221;on&#8221; font_icon=&#8221;R&#8221; icon_color=&#8221;#1fa0e3&#8243; icon_placement=&#8221;left&#8221; admin_label=&#8221;Blurb&#8221; _builder_version=&#8221;4.9.4&#8243; background_size=&#8221;initial&#8221; background_position=&#8221;top_left&#8221; background_repeat=&#8221;repeat&#8221; text_orientation=&#8221;center&#8221; background_layout=&#8221;dark&#8221; animation=&#8221;right&#8221; hover_enabled=&#8221;0&#8243; use_border_color=&#8221;off&#8221; border_color=&#8221;#ffffff&#8221; border_style=&#8221;solid&#8221; header_text_align=&#8221;left&#8221; sticky_enabled=&#8221;0&#8243;][\/et_pb_blurb][et_pb_blurb title=&#8221;\u672a\u5a5a\u540c\u5c45\u4f34\u4fa3\u5173\u7cfb\u7684\u8ba4\u5b9a&#8221; use_icon=&#8221;on&#8221; font_icon=&#8221;R&#8221; icon_color=&#8221;#1fa0e3&#8243; icon_placement=&#8221;left&#8221; admin_label=&#8221;Blurb&#8221; _builder_version=&#8221;4.0.7&#8243; background_size=&#8221;initial&#8221; background_position=&#8221;top_left&#8221; background_repeat=&#8221;repeat&#8221; background_layout=&#8221;dark&#8221; animation=&#8221;right&#8221; use_border_color=&#8221;off&#8221; border_color=&#8221;#ffffff&#8221; border_style=&#8221;solid&#8221;][\/et_pb_blurb][\/et_pb_column][et_pb_column type=&#8221;1_4&#8243; _builder_version=&#8221;3.25&#8243; custom_padding=&#8221;|||&#8221; custom_padding__hover=&#8221;|||&#8221;][et_pb_blurb title=&#8221;\u503a\u52a1\u8ffd\u6536&#8221; use_icon=&#8221;on&#8221; font_icon=&#8221;R&#8221; icon_color=&#8221;#1fa0e3&#8243; icon_placement=&#8221;left&#8221; admin_label=&#8221;Blurb&#8221; _builder_version=&#8221;4.9.4&#8243; background_size=&#8221;initial&#8221; background_position=&#8221;top_left&#8221; background_repeat=&#8221;repeat&#8221; text_orientation=&#8221;center&#8221; background_layout=&#8221;dark&#8221; animation=&#8221;right&#8221; hover_enabled=&#8221;0&#8243; use_border_color=&#8221;off&#8221; border_color=&#8221;#ffffff&#8221; border_style=&#8221;solid&#8221; header_text_align=&#8221;left&#8221; sticky_enabled=&#8221;0&#8243;][\/et_pb_blurb][et_pb_blurb title=&#8221;\u8ffd\u8ba8\u79df\u91d1\uff0c\u56e0\u672a\u507f\u4ed8\u79df\u91d1\u7533\u8bf7\u9a71\u9010&#8221; use_icon=&#8221;on&#8221; font_icon=&#8221;R&#8221; icon_color=&#8221;#1fa0e3&#8243; icon_placement=&#8221;left&#8221; admin_label=&#8221;Blurb&#8221; _builder_version=&#8221;4.0.7&#8243; background_size=&#8221;initial&#8221; background_position=&#8221;top_left&#8221; background_repeat=&#8221;repeat&#8221; background_layout=&#8221;dark&#8221; animation=&#8221;right&#8221; use_border_color=&#8221;off&#8221; border_color=&#8221;#ffffff&#8221; border_style=&#8221;solid&#8221;][\/et_pb_blurb][\/et_pb_column][\/et_pb_row][\/et_pb_section]<\/p>\n","protected":false},"excerpt":{"rendered":"<p>\u5b9e\u8df5\u9886\u57df &nbsp; \u5b9e\u8df5\u9886\u57df \/ \u6c11\u6cd5\u9886\u57df &nbsp; \u6c11\u6cd5\u90e8\u95e8\u5bf9\u4e8e\u6240\u6709\u7efc\u5408\u6027\u5f8b\u5e08\u4e8b\u52a1\u6240\u90fd\u662f\u6700\u91cd\u8981\u7684\u90e8\u95e8 [&hellip;]<\/p>\n","protected":false},"author":2,"featured_media":6774,"parent":0,"menu_order":0,"comment_status":"closed","ping_status":"closed","template":"","meta":{"_et_pb_use_builder":"on","_et_pb_old_content":"<p>[et_pb_section admin_label=\"Section\" fullwidth=\"off\" specialty=\"off\" background_image=\"https:\/\/ms-advocats.com\/wp-content\/uploads\/2016\/07\/bonsai.jpg\" transparent_background=\"off\" background_color=\"#ffffff\" allow_player_pause=\"off\" inner_shadow=\"off\" parallax=\"off\" parallax_method=\"off\" padding_mobile=\"off\" make_fullwidth=\"off\" use_custom_width=\"off\" width_unit=\"on\" make_equal=\"off\" use_custom_gutter=\"off\" custom_padding=\"100px||100px|\"][et_pb_row admin_label=\"Row\" make_fullwidth=\"on\" use_custom_width=\"off\" width_unit=\"on\" use_custom_gutter=\"off\" padding_mobile=\"off\" allow_player_pause=\"off\" parallax=\"off\" parallax_method=\"off\" make_equal=\"off\" parallax_1=\"off\" parallax_method_1=\"off\" column_padding_mobile=\"on\"][et_pb_column type=\"4_4\"][et_pb_text admin_label=\"Text\" background_layout=\"light\" text_orientation=\"center\" use_border_color=\"off\" border_color=\"#ffffff\" border_style=\"solid\" text_font_size=\"40\" text_text_color=\"#ffffff\" text_font=\"Open Sans Light||||\" header_font=\"Open Sans||||\" header_font_size=\"40px\"]<\/p><p>\u00a0<\/p><p>\u00c1reas de Pr\u00e1ctica<\/p><p>\u00a0<\/p><p>[\/et_pb_text][\/et_pb_column][\/et_pb_row][\/et_pb_section][et_pb_section admin_label=\"section\" fullwidth=\"off\" background_color=\"#283139\" inner_shadow=\"off\" parallax=\"off\" transparent_background=\"off\" allow_player_pause=\"off\" parallax_method=\"off\" padding_mobile=\"off\" make_fullwidth=\"off\" use_custom_width=\"off\" width_unit=\"on\" make_equal=\"off\" use_custom_gutter=\"off\"][et_pb_row admin_label=\"Row\"][et_pb_column type=\"4_4\"][et_pb_text admin_label=\"Civil\" saved_tabs=\"all\" background_layout=\"light\" text_orientation=\"left\" text_font_size=\"45\" text_text_color=\"#dddddd\" use_border_color=\"off\" border_color=\"#ffffff\" border_style=\"solid\" module_class=\"titol-area\" custom_css_main_element=\"h2 {||font-size:40px;||}||h2 span {||color: rgba(11, 148, 214, 0.25);||font-weight: 100;||letter-spacing: -2px;||}||\"]<\/p><h2><strong>\u00c1reas de Pr\u00e1ctica \/<\/strong> Civil<\/h2><p>[\/et_pb_text][et_pb_text admin_label=\"Text\" background_layout=\"light\" text_orientation=\"left\" use_border_color=\"off\" border_color=\"#ffffff\" border_style=\"solid\" text_text_color=\"#ffffff\" text_font_size=\"16\"]<\/p><p style=\"text-align: justify;\">El departamento civil es fundamental en todo despacho generalista, y m\u00e1s en el nuestro que nos ocupamos, no solo de grandes cuentas, sino tambi\u00e9n del cliente \u201cminorista\u201d, teniendo como uno de nuestros objetivos la abogac\u00eda de proximidad con el ciudadano y sus problem\u00e1ticas reales.<\/p><p style=\"text-align: justify;\">Otro de nuestros objetivos es convencer a nuestros clientes que el nuestro despacho es una seguridad para su d\u00eda a d\u00eda, en el sentido de considerarse como una utilizaci\u00f3n de mismo, con car\u00e1cter preventivo y no paliativo, pues muchas de las controversias existentes en el devenir actual, se solventar\u00edan con el abogado de proximidad, que propone nuestra firma.<\/p><p style=\"text-align: justify;\">As\u00ed las cosas, algunos de los conflictos que nos ocupamos podr\u00edan ser, a modo enunciativo los siguientes:<\/p><p>[\/et_pb_text][\/et_pb_column][\/et_pb_row][et_pb_row admin_label=\"Row\"][et_pb_column type=\"1_4\"][et_pb_blurb admin_label=\"Blurb\" title=\"Obligaciones contractuales.\" url_new_window=\"off\" icon_placement=\"left\" font_icon=\"R\" use_icon=\"on\" use_circle=\"off\" use_circle_border=\"off\" icon_color=\"#1fa0e3\" circle_color=\"#2caaca\" circle_border_color=\"#2caaca\" animation=\"right\" background_layout=\"dark\" text_orientation=\"center\" use_icon_font_size=\"off\" use_border_color=\"off\" border_color=\"#ffffff\" border_style=\"solid\"] [\/et_pb_blurb][et_pb_blurb admin_label=\"Blurb\" title=\"Asociaciones, fundaciones, cooperativas.\" url_new_window=\"off\" icon_placement=\"left\" font_icon=\"R\" use_icon=\"on\" use_circle=\"off\" use_circle_border=\"off\" icon_color=\"#1fa0e3\" circle_color=\"#2caaca\" circle_border_color=\"#2caaca\" animation=\"right\" background_layout=\"dark\" text_orientation=\"center\" use_icon_font_size=\"off\" use_border_color=\"off\" border_color=\"#ffffff\" border_style=\"solid\"] [\/et_pb_blurb][et_pb_blurb admin_label=\"Blurb\" title=\"Responsabilidad civil de todo tipo \" url_new_window=\"off\" icon_placement=\"left\" font_icon=\"R\" use_icon=\"on\" use_circle=\"off\" use_circle_border=\"off\" icon_color=\"#1fa0e3\" circle_color=\"#2caaca\" circle_border_color=\"#2caaca\" animation=\"right\" background_layout=\"dark\" text_orientation=\"center\" use_icon_font_size=\"off\" use_border_color=\"off\" border_color=\"#ffffff\" border_style=\"solid\"]<\/p><p><em>Construcci\u00f3n, m\u00e9dica, dom\u00e9stica, etc..<\/em><\/p><p>[\/et_pb_blurb][\/et_pb_column][et_pb_column type=\"1_4\"][et_pb_blurb admin_label=\"Blurb\" title=\"Arrendamientos urbanos y propiedad horizontal\" url_new_window=\"off\" icon_placement=\"left\" font_icon=\"R\" use_icon=\"on\" use_circle=\"off\" use_circle_border=\"off\" icon_color=\"#1fa0e3\" circle_color=\"#2caaca\" circle_border_color=\"#2caaca\" animation=\"right\" background_layout=\"dark\" text_orientation=\"center\" use_icon_font_size=\"off\" use_border_color=\"off\" border_color=\"#ffffff\" border_style=\"solid\"] [\/et_pb_blurb][et_pb_blurb admin_label=\"Blurb\" title=\"Familia.\" url_new_window=\"off\" icon_placement=\"left\" font_icon=\"R\" use_icon=\"on\" use_circle=\"off\" use_circle_border=\"off\" icon_color=\"#1fa0e3\" circle_color=\"#2caaca\" circle_border_color=\"#2caaca\" animation=\"right\" background_layout=\"dark\" text_orientation=\"center\" use_icon_font_size=\"off\" use_border_color=\"off\" border_color=\"#ffffff\" border_style=\"solid\"]<\/p><p><em>Divorcios, separaciones, reclamaci\u00f3n de pensiones, revisi\u00f3n sentencias, modificaci\u00f3n de medidas, nulidades eclesi\u00e1sticas<\/em><\/p><p>[\/et_pb_blurb][\/et_pb_column][et_pb_column type=\"1_4\"][et_pb_blurb admin_label=\"Blurb\" title=\"Herencias y testamentarias.\" url_new_window=\"off\" icon_placement=\"left\" font_icon=\"R\" use_icon=\"on\" use_circle=\"off\" use_circle_border=\"off\" icon_color=\"#1fa0e3\" circle_color=\"#2caaca\" circle_border_color=\"#2caaca\" animation=\"right\" background_layout=\"dark\" text_orientation=\"center\" use_icon_font_size=\"off\" use_border_color=\"off\" border_color=\"#ffffff\" border_style=\"solid\"] [\/et_pb_blurb][et_pb_blurb admin_label=\"Blurb\" title=\"Uniones estables de pareja.\" url_new_window=\"off\" icon_placement=\"left\" font_icon=\"R\" use_icon=\"on\" use_circle=\"off\" use_circle_border=\"off\" icon_color=\"#1fa0e3\" circle_color=\"#2caaca\" circle_border_color=\"#2caaca\" animation=\"right\" background_layout=\"dark\" text_orientation=\"center\" use_icon_font_size=\"off\" use_border_color=\"off\" border_color=\"#ffffff\" border_style=\"solid\"] [\/et_pb_blurb][\/et_pb_column][et_pb_column type=\"1_4\"][et_pb_blurb admin_label=\"Blurb\" title=\"Reclamaciones de cantidad y recobro de impagos.\" url_new_window=\"off\" icon_placement=\"left\" font_icon=\"R\" use_icon=\"on\" use_circle=\"off\" use_circle_border=\"off\" icon_color=\"#1fa0e3\" circle_color=\"#2caaca\" circle_border_color=\"#2caaca\" animation=\"right\" background_layout=\"dark\" text_orientation=\"center\" use_icon_font_size=\"off\" use_border_color=\"off\" border_color=\"#ffffff\" border_style=\"solid\"] [\/et_pb_blurb][et_pb_blurb admin_label=\"Blurb\" title=\"Desahucios por impago, reclamaciones de alquileres.\" url_new_window=\"off\" icon_placement=\"left\" font_icon=\"R\" use_icon=\"on\" use_circle=\"off\" use_circle_border=\"off\" icon_color=\"#1fa0e3\" circle_color=\"#2caaca\" circle_border_color=\"#2caaca\" animation=\"right\" background_layout=\"dark\" text_orientation=\"center\" use_icon_font_size=\"off\" use_border_color=\"off\" border_color=\"#ffffff\" border_style=\"solid\"] [\/et_pb_blurb][\/et_pb_column][\/et_pb_row][\/et_pb_section]<\/p>","_et_gb_content_width":"","footnotes":""},"class_list":["post-1490","page","type-page","status-publish","has-post-thumbnail","hentry"],"_links":{"self":[{"href":"https:\/\/ms-advocats.com\/zh-hans\/wp-json\/wp\/v2\/pages\/1490","targetHints":{"allow":["GET"]}}],"collection":[{"href":"https:\/\/ms-advocats.com\/zh-hans\/wp-json\/wp\/v2\/pages"}],"about":[{"href":"https:\/\/ms-advocats.com\/zh-hans\/wp-json\/wp\/v2\/types\/page"}],"author":[{"embeddable":true,"href":"https:\/\/ms-advocats.com\/zh-hans\/wp-json\/wp\/v2\/users\/2"}],"replies":[{"embeddable":true,"href":"https:\/\/ms-advocats.com\/zh-hans\/wp-json\/wp\/v2\/comments?post=1490"}],"version-history":[{"count":2,"href":"https:\/\/ms-advocats.com\/zh-hans\/wp-json\/wp\/v2\/pages\/1490\/revisions"}],"predecessor-version":[{"id":3157,"href":"https:\/\/ms-advocats.com\/zh-hans\/wp-json\/wp\/v2\/pages\/1490\/revisions\/3157"}],"wp:featuredmedia":[{"embeddable":true,"href":"https:\/\/ms-advocats.com\/zh-hans\/wp-json\/wp\/v2\/media\/6774"}],"wp:attachment":[{"href":"https:\/\/ms-advocats.com\/zh-hans\/wp-json\/wp\/v2\/media?parent=1490"}],"curies":[{"name":"wp","href":"https:\/\/api.w.org\/{rel}","templated":true}]}}