{"id":9937,"date":"2024-10-24T12:24:06","date_gmt":"2024-10-24T10:24:06","guid":{"rendered":"https:\/\/ms-advocats.com\/canal-de-denuncies\/"},"modified":"2024-10-24T12:24:06","modified_gmt":"2024-10-24T10:24:06","slug":"canal-de-denuncies","status":"publish","type":"page","link":"https:\/\/ms-advocats.com\/ca\/canal-de-denuncies\/","title":{"rendered":"Canal de Den\u00fancies"},"content":{"rendered":"<p>El Sistema de Compliance, defineix els canals pels quals tots els directius, empleats, grups d&#8217;inter\u00e8s i col\u00b7laboradors, puguin comunicar qualsevol incompliment del Codi \u00c8tic i de Conducta de la Societat, aix\u00ed com qualsevol incompliment de la legislaci\u00f3 aplicable.<\/p>\n<p>El canal de den\u00fancies de Mitjans Advocats, permet comunicar de manera confidencial, aquelles activitats i conductes potencialment irregulars o il\u00b7legals, que es produeixin en l&#8217;\u00e0mbit d&#8217;intern de la Societat, aix\u00ed com de la seva activitat, de les quals qualsevol persona hagi pogut tenir coneixement en virtut de la seva relaci\u00f3 professional amb la Societat.<\/p>\n<p>Per a aix\u00f2, des de Mitjans Advocats s&#8217;ha habilitat l&#8217;adre\u00e7a de correu electr\u00f2nic <a href=\"mailto:canaldedenuncies@ms-advocats.com\" target=\"_blank\" rel=\"noopener\">canaldedenuncies@ms-advocats.com<\/a>, on poder dirigir totes aquelles consultes en mat\u00e8ria d&#8217;\u00e8tica o comunicacions d&#8217;incompliments. Aquesta comunicaci\u00f3 haur\u00e0 de contenir el seg\u00fcent: <\/p>\n<ul>\n<li>Dades identificatives del denunciant, en el cas que hagi decidit identificar-se volunt\u00e0riament (es poden presentar den\u00fancies an\u00f2nimes)<\/li>\n<li>Dades identificatives de denunciat\/s<\/li>\n<li>Descripci\u00f3 clara i detallada dels fets<\/li>\n<li>Adjuntar tots els mitjans de prova disponibles<\/li>\n<\/ul>\n<p>Davant la presentaci\u00f3 de qualsevol den\u00fancia a trav\u00e9s del canal de den\u00fancies, es garanteix al denunciant la no repres\u00e0lia davant de qualsevol consulta o comunicaci\u00f3 d&#8217; incompliment realitzat de bona fe, aix\u00ed com el car\u00e0cter confidencial, de tota comunicaci\u00f3, informaci\u00f3 i documentaci\u00f3 realitzada o subministrada a trav\u00e9s del canal.<\/p>\n","protected":false},"excerpt":{"rendered":"<p>El Sistema de Compliance, defineix els canals pels quals tots els directius, empleats, grups d&#8217;inter\u00e8s i col\u00b7laboradors, puguin comunicar qualsevol incompliment del Codi \u00c8tic i de Conducta de la Societat, aix\u00ed com qualsevol incompliment de la legislaci\u00f3 aplicable. El canal de den\u00fancies de Mitjans Advocats, permet comunicar de manera confidencial, aquelles activitats i conductes potencialment [&hellip;]<\/p>\n","protected":false},"author":4,"featured_media":0,"parent":0,"menu_order":0,"comment_status":"closed","ping_status":"closed","template":"","meta":{"_et_pb_use_builder":"","_et_pb_old_content":"","_et_gb_content_width":"","footnotes":""},"class_list":["post-9937","page","type-page","status-publish","hentry"],"_links":{"self":[{"href":"https:\/\/ms-advocats.com\/ca\/wp-json\/wp\/v2\/pages\/9937","targetHints":{"allow":["GET"]}}],"collection":[{"href":"https:\/\/ms-advocats.com\/ca\/wp-json\/wp\/v2\/pages"}],"about":[{"href":"https:\/\/ms-advocats.com\/ca\/wp-json\/wp\/v2\/types\/page"}],"author":[{"embeddable":true,"href":"https:\/\/ms-advocats.com\/ca\/wp-json\/wp\/v2\/users\/4"}],"replies":[{"embeddable":true,"href":"https:\/\/ms-advocats.com\/ca\/wp-json\/wp\/v2\/comments?post=9937"}],"version-history":[{"count":0,"href":"https:\/\/ms-advocats.com\/ca\/wp-json\/wp\/v2\/pages\/9937\/revisions"}],"wp:attachment":[{"href":"https:\/\/ms-advocats.com\/ca\/wp-json\/wp\/v2\/media?parent=9937"}],"curies":[{"name":"wp","href":"https:\/\/api.w.org\/{rel}","templated":true}]}}