{"id":44,"date":"2016-07-01T11:50:06","date_gmt":"2016-07-01T11:50:06","guid":{"rendered":"http:\/\/ms-advocats.com\/?page_id=44"},"modified":"2023-03-24T09:33:24","modified_gmt":"2023-03-24T08:33:24","slug":"bufet-advocats","status":"publish","type":"page","link":"https:\/\/ms-advocats.com\/ca\/bufet-advocats\/","title":{"rendered":"Qui som"},"content":{"rendered":"<p>[et_pb_section fb_built=&#8221;1&#8243; inner_shadow=&#8221;on&#8221; fullwidth=&#8221;on&#8221; custom_padding_last_edited=&#8221;on|desktop&#8221; admin_label=&#8221;Section&#8221; _builder_version=&#8221;4.16&#8243; background_color=&#8221;#f5f5f5&#8243; custom_padding_tablet=&#8221;50px|0|50px|0&#8243; custom_padding_phone=&#8221;&#8221; transparent_background=&#8221;off&#8221; padding_mobile=&#8221;off&#8221; make_fullwidth=&#8221;off&#8221; use_custom_width=&#8221;off&#8221; width_unit=&#8221;on&#8221; global_colors_info=&#8221;{}&#8221;][et_pb_fullwidth_header title=&#8221;Compartint el nostre coneixement, aportant experi\u00e8ncia i implicaci\u00f3 generem satisfacci\u00f3 i confian\u00e7a&#8221; text_orientation=&#8221;center&#8221; content_max_width=&#8221;none&#8221; title_font_color=&#8221;#5d5d5d&#8221; admin_label=&#8221;Fullwidth Header&#8221; _builder_version=&#8221;4.16&#8243; title_font=&#8221;Open Sans Light||||&#8221; title_text_color=&#8221;#5d5d5d&#8221; title_font_size=&#8221;26px&#8221; background_color=&#8221;rgba(255, 255, 255, 0)&#8221; title_font_size_tablet=&#8221;20px&#8221; button_one_letter_spacing_hover=&#8221;0&#8243; button_two_letter_spacing_hover=&#8221;0&#8243; global_colors_info=&#8221;{}&#8221; button_one_text_size__hover_enabled=&#8221;off&#8221; button_two_text_size__hover_enabled=&#8221;off&#8221; button_one_text_color__hover_enabled=&#8221;off&#8221; button_two_text_color__hover_enabled=&#8221;off&#8221; button_one_border_width__hover_enabled=&#8221;off&#8221; button_two_border_width__hover_enabled=&#8221;off&#8221; button_one_border_color__hover_enabled=&#8221;off&#8221; button_two_border_color__hover_enabled=&#8221;off&#8221; button_one_border_radius__hover_enabled=&#8221;off&#8221; button_two_border_radius__hover_enabled=&#8221;off&#8221; button_one_letter_spacing__hover_enabled=&#8221;on&#8221; button_one_letter_spacing__hover=&#8221;0&#8243; button_two_letter_spacing__hover_enabled=&#8221;on&#8221; button_two_letter_spacing__hover=&#8221;0&#8243; button_one_bg_color__hover_enabled=&#8221;off&#8221; button_two_bg_color__hover_enabled=&#8221;off&#8221;][\/et_pb_fullwidth_header][\/et_pb_section][et_pb_section fb_built=&#8221;1&#8243; custom_padding_last_edited=&#8221;on|desktop&#8221; admin_label=&#8221;section&#8221; _builder_version=&#8221;4.16&#8243; background_color=&#8221;rgba(255,255,255,0)&#8221; custom_padding_tablet=&#8221;50px|0|50px|0&#8243; custom_padding_phone=&#8221;&#8221; transparent_background=&#8221;on&#8221; padding_mobile=&#8221;off&#8221; make_fullwidth=&#8221;off&#8221; use_custom_width=&#8221;off&#8221; width_unit=&#8221;on&#8221; custom_width_px=&#8221;1080px&#8221; custom_width_percent=&#8221;80%&#8221; global_colors_info=&#8221;{}&#8221;][et_pb_row padding_mobile=&#8221;off&#8221; column_padding_mobile=&#8221;on&#8221; admin_label=&#8221;Row&#8221; _builder_version=&#8221;4.16&#8243; background_size=&#8221;initial&#8221; background_position=&#8221;top_left&#8221; background_repeat=&#8221;repeat&#8221; make_fullwidth=&#8221;off&#8221; use_custom_width=&#8221;off&#8221; width_unit=&#8221;off&#8221; custom_width_px=&#8221;1080px&#8221; custom_width_percent=&#8221;80%&#8221; global_colors_info=&#8221;{}&#8221;][et_pb_column type=&#8221;4_4&#8243; _builder_version=&#8221;4.16&#8243; custom_padding=&#8221;|||&#8221; global_colors_info=&#8221;{}&#8221; custom_padding__hover=&#8221;|||&#8221;][et_pb_text admin_label=&#8221;Text&#8221; _builder_version=&#8221;4.19.4&#8243; background_size=&#8221;initial&#8221; background_position=&#8221;top_left&#8221; background_repeat=&#8221;repeat&#8221; use_border_color=&#8221;off&#8221; border_color=&#8221;#ffffff&#8221; border_style=&#8221;solid&#8221; global_colors_info=&#8221;{}&#8221;]<\/p>\n<h1>Qui som<\/h1>\n<p>[\/et_pb_text][et_pb_text admin_label=&#8221;Text&#8221; _builder_version=&#8221;4.19.4&#8243; background_size=&#8221;initial&#8221; background_position=&#8221;top_left&#8221; background_repeat=&#8221;repeat&#8221; use_border_color=&#8221;off&#8221; border_color=&#8221;#ffffff&#8221; border_style=&#8221;solid&#8221; global_colors_info=&#8221;{}&#8221;]<\/p>\n<h2>Benvingut al nostre bufet d&#8217;advocats<\/h2>\n<p>[\/et_pb_text][et_pb_text admin_label=&#8221;Text&#8221; _builder_version=&#8221;4.19.4&#8243; background_size=&#8221;initial&#8221; background_position=&#8221;top_left&#8221; background_repeat=&#8221;repeat&#8221; use_border_color=&#8221;off&#8221; border_style=&#8221;solid&#8221; global_colors_info=&#8221;{}&#8221;]<\/p>\n<p><strong>Et convidem a llegir en els par\u00e0grafs seg\u00fcents la nostra carta de presentaci\u00f3 d&#8217;advocats perqu\u00e8 ens coneguis millor a nosaltres i als nostres serveis.<\/strong><\/p>\n<p>[\/et_pb_text][et_pb_text admin_label=&#8221;Text&#8221; _builder_version=&#8221;4.19.4&#8243; background_size=&#8221;initial&#8221; background_position=&#8221;top_left&#8221; background_repeat=&#8221;repeat&#8221; use_border_color=&#8221;off&#8221; border_style=&#8221;solid&#8221; global_colors_info=&#8221;{}&#8221;]<\/p>\n<p><a href=\"https:\/\/ms-advocats.com\/\" data-schema-attribute=\"about\">Mitjans advocats<\/a>, tenim la seu principal a l&#8217;anomenat Quadrat d\u2019Or de <a href=\"https:\/\/www.barcelona.cat\/\" target=\"_blank\" rel=\"noopener\" data-schema-attribute=\"mentions\">Barcelona<\/a>. Portem treballant al sector de l&#8217;Assessorament Legal i Econ\u00f2mic des de la seva fundaci\u00f3 fa m\u00e9s de 30 anys.<br \/>Finalment, ens hem convertit en una firma multidisciplin\u00e0ria, especialitzat en diversos camps del dret, com Penal, Familiar, Bancari i Laboral i treballem tant per persones f\u00edsiques com jur\u00eddiques, organismes p\u00fablics, institucions, organitzacions i col\u00b7lectius d&#8217;\u00e0mbits i sectors diversos , de tots els racons del pa\u00eds que confien en els nostres bons resultats.<\/p>\n<p>La nostra firma d&#8217;advocats est\u00e0 formada per professionals altament qualificats i inigualables que ofereixen la gamma m\u00e9s \u00e0mplia de serveis jur\u00eddics multidisciplinaris especialitzats en Dret Civil i Laboral.<\/p>\n<p>[\/et_pb_text][et_pb_text admin_label=&#8221;Text&#8221; _builder_version=&#8221;4.19.4&#8243; background_size=&#8221;initial&#8221; background_position=&#8221;top_left&#8221; background_repeat=&#8221;repeat&#8221; use_border_color=&#8221;off&#8221; border_style=&#8221;solid&#8221; global_colors_info=&#8221;{}&#8221;]<\/p>\n<h2>Presentaci\u00f3 del bufet d&#8217;advocats<\/h2>\n<p>[\/et_pb_text][et_pb_text admin_label=&#8221;Text&#8221; _builder_version=&#8221;4.19.4&#8243; background_size=&#8221;initial&#8221; background_position=&#8221;top_left&#8221; background_repeat=&#8221;repeat&#8221; use_border_color=&#8221;off&#8221; border_style=&#8221;solid&#8221; global_colors_info=&#8221;{}&#8221;]El nostre equip de recursos humans s&#8217;ha dedicat a la contractaci\u00f3 del personal amb millors curr\u00edculums i experi\u00e8ncia laboral del col\u00b7legi d&#8217;advocats.<\/p>\n<p>La nostra firma est\u00e0 composta per advocats altament qualificats i inigualables que ofereixen la gamma m\u00e9s \u00e0mplia de serveis multidisciplinaris. El nostre equip d&#8217;advocats experimentats i professionals es dedicaran a ajudar-vos amb les vostres necessitats legals.<\/p>\n<p>El nostre equip contractat tamb\u00e9 es dedica a proporcionar atenci\u00f3 personalitzada i serveis integrals perqu\u00e8 pugui prendre decisions informades sobre el vostre cas. Comptem amb una plantilla de professionals experimentats, propers i eficients compromesos amb l&#8217;excel\u00b7l\u00e8ncia de la feina ben feta, i la m\u00e0xima empatia amb el client.<\/p>\n<p>Amb anys d&#8217;experi\u00e8ncia en el camp legal, hem desenvolupat un coneixement profund de la llei i com es pot utilitzar per protegir els seus drets i interessos. Si est\u00e0 tractant amb un cas penal o alguna cosa relacionada amb el dret de fam\u00edlia, el nostre equip \u00e9s aqu\u00ed per ajudar. Ens esforcem per proporcionar la millor ajuda jur\u00eddica possible perqu\u00e8 pugui sentir-se el m\u00e9s tranquil possible. A m\u00e9s, estem compromesos a ajudar-lo a entendre el proc\u00e9s legal de principi a fi perqu\u00e8 pugui prendre decisions amb confian\u00e7a.<\/p>\n<p>La satisfacci\u00f3 dels nostres clients \u00e9s la nostra i no \u00e9s una casualitat que mantinguem intacte la nostra signatura, reconeguda als sectors de l&#8217;advocacia, l&#8217;assessorament econ\u00f2mic i en \u00e0mbits judicials.<\/p>\n<p>El fet de ser un bufet multidisciplinari, encap\u00e7alat i constitu\u00eft per una gran varietat de perfils professionals i nacionalitats diferents, ens dota de la capacitat per treballar en equip de manera r\u00e0pida i efectiva, que destaca amb socis a tot el m\u00f3n.<\/p>\n<p>El nostre repte \u00e9s mostrar i trobar la millor soluci\u00f3 a cada q\u00fcesti\u00f3, que passa per oferir una orientaci\u00f3 de 360 graus, des de l&#8217;\u00e0mbit jur\u00eddic i legal com la seva derivaci\u00f3 a l&#8217;entorn econ\u00f2mic i fiscal. Aquesta atenci\u00f3 personalitzada \u00e9s l\u00fanic cam\u00ed que permet cobrir satisfact\u00f2riament les necessitats dels nostres clients i comprendre millor els objectius.<\/p>\n<p>Ens trobem en un context especial i internacional, sense fronteres i amb una globalitzaci\u00f3 cada vegada m\u00e9s gran, i \u00e9s per aix\u00f2 que el nostre despatx jur\u00eddic assumeix el repte del canvi constant del m\u00f3n en qu\u00e8 vivim.<\/p>\n<p>Hi ha altres maneres d&#8217;exercir, per\u00f2 poques tan eficients, professionals i sensibles amb el client, com la nostra organitzaci\u00f3.<\/p>\n<p>Comproveu-ho i contacta amb nosaltres. No ho deixar\u00e0 indiferent, el nostre nivell de qualitat humana i professional es reflecteix en la fidelitat dels nostres clients.<\/p>\n<p>Senti&#8217;s lliure d&#8217;explorar el nostre lloc web o enviar un correu electr\u00f2nic per obtenir m\u00e9s informaci\u00f3 sobre qui som i el que fem al nostre despatx d&#8217;advocats! La nostra millor publicitat \u00e9s que no fem publicitat.[\/et_pb_text][\/et_pb_column][\/et_pb_row][\/et_pb_section][et_pb_section fb_built=&#8221;1&#8243; fullwidth=&#8221;on&#8221; custom_padding_last_edited=&#8221;on|desktop&#8221; admin_label=&#8221;section&#8221; _builder_version=&#8221;4.16&#8243; parallax=&#8221;on&#8221; custom_padding_tablet=&#8221;50px|0|50px|0&#8243; custom_padding_phone=&#8221;&#8221; transparent_background=&#8221;off&#8221; padding_mobile=&#8221;off&#8221; make_fullwidth=&#8221;off&#8221; use_custom_width=&#8221;off&#8221; width_unit=&#8221;off&#8221; custom_width_px=&#8221;1080px&#8221; custom_width_percent=&#8221;80%&#8221; global_colors_info=&#8221;{}&#8221;][et_pb_fullwidth_slider admin_label=&#8221;Fullwidth Slider&#8221; _builder_version=&#8221;4.16&#8243; parallax=&#8221;on&#8221; custom_padding=&#8221;|||&#8221; custom_padding_tablet=&#8221;|||&#8221; custom_padding_phone=&#8221;|||&#8221; box_shadow_style=&#8221;preset6&#8243; box_shadow_blur=&#8221;10px&#8221; box_shadow_color=&#8221;rgba(0,0,0,0.1)&#8221; remove_inner_shadow=&#8221;off&#8221; hide_content_on_mobile=&#8221;off&#8221; hide_cta_on_mobile=&#8221;off&#8221; show_inner_shadow=&#8221;on&#8221; button_letter_spacing_hover=&#8221;0&#8243; global_colors_info=&#8221;{}&#8221; button_text_size__hover_enabled=&#8221;off&#8221; button_one_text_size__hover_enabled=&#8221;off&#8221; button_two_text_size__hover_enabled=&#8221;off&#8221; button_text_color__hover_enabled=&#8221;off&#8221; button_one_text_color__hover_enabled=&#8221;off&#8221; button_two_text_color__hover_enabled=&#8221;off&#8221; button_border_width__hover_enabled=&#8221;off&#8221; button_one_border_width__hover_enabled=&#8221;off&#8221; button_two_border_width__hover_enabled=&#8221;off&#8221; button_border_color__hover_enabled=&#8221;off&#8221; button_one_border_color__hover_enabled=&#8221;off&#8221; button_two_border_color__hover_enabled=&#8221;off&#8221; button_border_radius__hover_enabled=&#8221;off&#8221; button_one_border_radius__hover_enabled=&#8221;off&#8221; button_two_border_radius__hover_enabled=&#8221;off&#8221; button_letter_spacing__hover_enabled=&#8221;on&#8221; button_letter_spacing__hover=&#8221;0&#8243; button_one_letter_spacing__hover_enabled=&#8221;off&#8221; button_two_letter_spacing__hover_enabled=&#8221;off&#8221; button_bg_color__hover_enabled=&#8221;off&#8221; button_one_bg_color__hover_enabled=&#8221;off&#8221; button_two_bg_color__hover_enabled=&#8221;off&#8221;][et_pb_slide heading=&#8221;La defensa legal m\u00e9s \u00e0mplia i completa&#8221; use_bg_overlay=&#8221;off&#8221; use_text_overlay=&#8221;off&#8221; _builder_version=&#8221;4.16&#8243; header_font=&#8221;||||&#8221; body_font=&#8221;||||&#8221; background_color=&#8221;#ffffff&#8221; background_image=&#8221;https:\/\/ms-advocats.com\/wp-content\/uploads\/2016\/07\/IMG_4565.jpg&#8221; button_icon_placement=&#8221;right&#8221; button_on_hover=&#8221;on&#8221; global_colors_info=&#8221;{}&#8221; button_text_size__hover_enabled=&#8221;off&#8221; button_one_text_size__hover_enabled=&#8221;off&#8221; button_two_text_size__hover_enabled=&#8221;off&#8221; button_text_color__hover_enabled=&#8221;off&#8221; button_one_text_color__hover_enabled=&#8221;off&#8221; button_two_text_color__hover_enabled=&#8221;off&#8221; button_border_width__hover_enabled=&#8221;off&#8221; button_one_border_width__hover_enabled=&#8221;off&#8221; button_two_border_width__hover_enabled=&#8221;off&#8221; button_border_color__hover_enabled=&#8221;off&#8221; button_one_border_color__hover_enabled=&#8221;off&#8221; button_two_border_color__hover_enabled=&#8221;off&#8221; button_border_radius__hover_enabled=&#8221;off&#8221; button_one_border_radius__hover_enabled=&#8221;off&#8221; button_two_border_radius__hover_enabled=&#8221;off&#8221; button_letter_spacing__hover_enabled=&#8221;off&#8221; button_one_letter_spacing__hover_enabled=&#8221;off&#8221; button_two_letter_spacing__hover_enabled=&#8221;off&#8221; button_bg_color__hover_enabled=&#8221;off&#8221; button_one_bg_color__hover_enabled=&#8221;off&#8221; button_two_bg_color__hover_enabled=&#8221;off&#8221; sticky_transition=&#8221;on&#8221;][\/et_pb_slide][\/et_pb_fullwidth_slider][\/et_pb_section][et_pb_section fb_built=&#8221;1&#8243; custom_padding_last_edited=&#8221;on|desktop&#8221; admin_label=&#8221;Section&#8221; _builder_version=&#8221;4.16&#8243; custom_padding_tablet=&#8221;50px|0|50px|0&#8243; custom_padding_phone=&#8221;&#8221; transparent_background=&#8221;off&#8221; padding_mobile=&#8221;off&#8221; make_fullwidth=&#8221;off&#8221; use_custom_width=&#8221;off&#8221; width_unit=&#8221;off&#8221; custom_width_px=&#8221;1080px&#8221; custom_width_percent=&#8221;80%&#8221; global_colors_info=&#8221;{}&#8221;][et_pb_row column_structure=&#8221;1_2,1_2&#8243; padding_mobile=&#8221;off&#8221; column_padding_mobile=&#8221;on&#8221; admin_label=&#8221;Row&#8221; _builder_version=&#8221;4.16&#8243; background_size=&#8221;initial&#8221; background_position=&#8221;top_left&#8221; background_repeat=&#8221;repeat&#8221; make_fullwidth=&#8221;off&#8221; use_custom_width=&#8221;off&#8221; width_unit=&#8221;off&#8221; custom_width_px=&#8221;1080px&#8221; custom_width_percent=&#8221;80%&#8221; global_colors_info=&#8221;{}&#8221;][et_pb_column type=&#8221;1_2&#8243; _builder_version=&#8221;4.16&#8243; custom_padding=&#8221;|||&#8221; global_colors_info=&#8221;{}&#8221; custom_padding__hover=&#8221;|||&#8221;][et_pb_blurb title=&#8221;Cada assumpte encomanat \u00e9s el m\u00e9s important.&#8221; use_icon=&#8221;on&#8221; font_icon=&#8221;&#xe06a;||divi||400&#8243; icon_placement=&#8221;left&#8221; admin_label=&#8221;Blurb&#8221; _builder_version=&#8221;4.16&#8243; background_size=&#8221;initial&#8221; background_position=&#8221;top_left&#8221; background_repeat=&#8221;repeat&#8221; use_border_color=&#8221;off&#8221; border_color=&#8221;#ffffff&#8221; border_width=&#8221;1px&#8221; border_style=&#8221;solid&#8221; global_colors_info=&#8221;{}&#8221;][\/et_pb_blurb][et_pb_blurb title=&#8221;Cada consulta \u00e9s un repte.&#8221; use_icon=&#8221;on&#8221; font_icon=&#8221;&#xe06a;||divi||400&#8243; icon_placement=&#8221;left&#8221; admin_label=&#8221;Blurb&#8221; _builder_version=&#8221;4.16&#8243; background_size=&#8221;initial&#8221; background_position=&#8221;top_left&#8221; background_repeat=&#8221;repeat&#8221; use_border_color=&#8221;off&#8221; border_color=&#8221;#ffffff&#8221; border_width=&#8221;1px&#8221; border_style=&#8221;solid&#8221; global_colors_info=&#8221;{}&#8221;][\/et_pb_blurb][et_pb_blurb title=&#8221;Cada client obtindr\u00e0 un paquet de protecci\u00f3 i assessorament a la seva mesura.&#8221; use_icon=&#8221;on&#8221; font_icon=&#8221;&#xe06a;||divi||400&#8243; icon_placement=&#8221;left&#8221; admin_label=&#8221;Blurb&#8221; _builder_version=&#8221;4.16&#8243; background_size=&#8221;initial&#8221; background_position=&#8221;top_left&#8221; background_repeat=&#8221;repeat&#8221; use_border_color=&#8221;off&#8221; border_color=&#8221;#ffffff&#8221; border_width=&#8221;1px&#8221; border_style=&#8221;solid&#8221; global_colors_info=&#8221;{}&#8221;][\/et_pb_blurb][et_pb_blurb title=&#8221;Cada minut del seu temps \u00e9s seu: professionalitat&#8221; use_icon=&#8221;on&#8221; font_icon=&#8221;&#xe06a;||divi||400&#8243; icon_placement=&#8221;left&#8221; admin_label=&#8221;Blurb&#8221; _builder_version=&#8221;4.16&#8243; background_size=&#8221;initial&#8221; background_position=&#8221;top_left&#8221; background_repeat=&#8221;repeat&#8221; use_border_color=&#8221;off&#8221; border_color=&#8221;#ffffff&#8221; border_width=&#8221;1px&#8221; border_style=&#8221;solid&#8221; global_colors_info=&#8221;{}&#8221;][\/et_pb_blurb][\/et_pb_column][et_pb_column type=&#8221;1_2&#8243; _builder_version=&#8221;4.16&#8243; custom_padding=&#8221;|||&#8221; global_colors_info=&#8221;{}&#8221; custom_padding__hover=&#8221;|||&#8221;][et_pb_blurb title=&#8221;Tindr\u00e0 el mateix advocat rector des del principi a la fi&#8221; use_icon=&#8221;on&#8221; font_icon=&#8221;&#xe06a;||divi||400&#8243; icon_placement=&#8221;left&#8221; admin_label=&#8221;Blurb&#8221; _builder_version=&#8221;4.16&#8243; background_size=&#8221;initial&#8221; background_position=&#8221;top_left&#8221; background_repeat=&#8221;repeat&#8221; use_border_color=&#8221;off&#8221; border_color=&#8221;#ffffff&#8221; border_width=&#8221;1px&#8221; border_style=&#8221;solid&#8221; global_colors_info=&#8221;{}&#8221;][\/et_pb_blurb][et_pb_blurb title=&#8221;Cada problema t\u00e9 una soluci\u00f3&#8221; use_icon=&#8221;on&#8221; font_icon=&#8221;&#xe06a;||divi||400&#8243; icon_placement=&#8221;left&#8221; admin_label=&#8221;Blurb&#8221; _builder_version=&#8221;4.16&#8243; background_size=&#8221;initial&#8221; background_position=&#8221;top_left&#8221; background_repeat=&#8221;repeat&#8221; use_border_color=&#8221;off&#8221; border_color=&#8221;#ffffff&#8221; border_width=&#8221;1px&#8221; border_style=&#8221;solid&#8221; global_colors_info=&#8221;{}&#8221;][\/et_pb_blurb][et_pb_blurb title=&#8221;La just\u00edcia \u00e9s el seu dret&#8221; use_icon=&#8221;on&#8221; font_icon=&#8221;&#xe06a;||divi||400&#8243; icon_placement=&#8221;left&#8221; admin_label=&#8221;Blurb&#8221; _builder_version=&#8221;4.16&#8243; background_size=&#8221;initial&#8221; background_position=&#8221;top_left&#8221; background_repeat=&#8221;repeat&#8221; use_border_color=&#8221;off&#8221; border_color=&#8221;#ffffff&#8221; border_width=&#8221;1px&#8221; border_style=&#8221;solid&#8221; global_colors_info=&#8221;{}&#8221;][\/et_pb_blurb][et_pb_blurb title=&#8221;La defensa legal m\u00e9s \u00e0mplia i completa&#8221; use_icon=&#8221;on&#8221; font_icon=&#8221;&#xe06a;||divi||400&#8243; icon_placement=&#8221;left&#8221; admin_label=&#8221;Blurb&#8221; _builder_version=&#8221;4.16&#8243; background_size=&#8221;initial&#8221; background_position=&#8221;top_left&#8221; background_repeat=&#8221;repeat&#8221; use_border_color=&#8221;off&#8221; border_color=&#8221;#ffffff&#8221; border_width=&#8221;1px&#8221; border_style=&#8221;solid&#8221; global_colors_info=&#8221;{}&#8221;][\/et_pb_blurb][\/et_pb_column][\/et_pb_row][\/et_pb_section]<\/p>\n","protected":false},"excerpt":{"rendered":"<p>Qui somBenvingut al nostre bufet d&#8217;advocatsEt convidem a llegir en els par\u00e0grafs seg\u00fcents la nostra carta de presentaci\u00f3 d&#8217;advocats perqu\u00e8 ens coneguis millor a nosaltres i als nostres serveis.Mitjans advocats, tenim la seu principal a l&#8217;anomenat Quadrat d\u2019Or de Barcelona. Portem treballant al sector de l&#8217;Assessorament Legal i Econ\u00f2mic des de la seva fundaci\u00f3 fa [&hellip;]<\/p>\n","protected":false},"author":2,"featured_media":3460,"parent":0,"menu_order":1,"comment_status":"closed","ping_status":"closed","template":"","meta":{"_et_pb_use_builder":"on","_et_pb_old_content":"<p>Lorem Ipsum<\/p>","_et_gb_content_width":"","footnotes":""},"class_list":["post-44","page","type-page","status-publish","has-post-thumbnail","hentry"],"_links":{"self":[{"href":"https:\/\/ms-advocats.com\/ca\/wp-json\/wp\/v2\/pages\/44","targetHints":{"allow":["GET"]}}],"collection":[{"href":"https:\/\/ms-advocats.com\/ca\/wp-json\/wp\/v2\/pages"}],"about":[{"href":"https:\/\/ms-advocats.com\/ca\/wp-json\/wp\/v2\/types\/page"}],"author":[{"embeddable":true,"href":"https:\/\/ms-advocats.com\/ca\/wp-json\/wp\/v2\/users\/2"}],"replies":[{"embeddable":true,"href":"https:\/\/ms-advocats.com\/ca\/wp-json\/wp\/v2\/comments?post=44"}],"version-history":[{"count":4,"href":"https:\/\/ms-advocats.com\/ca\/wp-json\/wp\/v2\/pages\/44\/revisions"}],"predecessor-version":[{"id":6521,"href":"https:\/\/ms-advocats.com\/ca\/wp-json\/wp\/v2\/pages\/44\/revisions\/6521"}],"wp:featuredmedia":[{"embeddable":true,"href":"https:\/\/ms-advocats.com\/ca\/wp-json\/wp\/v2\/media\/3460"}],"wp:attachment":[{"href":"https:\/\/ms-advocats.com\/ca\/wp-json\/wp\/v2\/media?parent=44"}],"curies":[{"name":"wp","href":"https:\/\/api.w.org\/{rel}","templated":true}]}}