{"id":2897,"date":"2020-07-27T13:49:08","date_gmt":"2020-07-27T11:49:08","guid":{"rendered":"https:\/\/ms-advocats.com\/politica-de-cookies\/"},"modified":"2024-08-14T17:31:16","modified_gmt":"2024-08-14T15:31:16","slug":"politica-de-cookies","status":"publish","type":"page","link":"https:\/\/ms-advocats.com\/ca\/politica-de-cookies\/","title":{"rendered":"Politica de Cookies"},"content":{"rendered":"<p>[et_pb_section fb_built=&#8221;1&#8243; admin_label=&#8221;section&#8221; _builder_version=&#8221;4.16&#8243; global_colors_info=&#8221;{}&#8221;][et_pb_row admin_label=&#8221;row&#8221; _builder_version=&#8221;4.16&#8243; background_size=&#8221;initial&#8221; background_position=&#8221;top_left&#8221; background_repeat=&#8221;repeat&#8221; global_colors_info=&#8221;{}&#8221;][et_pb_column type=&#8221;4_4&#8243; _builder_version=&#8221;4.16&#8243; custom_padding=&#8221;|||&#8221; global_colors_info=&#8221;{}&#8221; custom_padding__hover=&#8221;|||&#8221;][et_pb_text admin_label=&#8221;Text&#8221; _builder_version=&#8221;4.27.0&#8243; background_size=&#8221;initial&#8221; background_position=&#8221;top_left&#8221; background_repeat=&#8221;repeat&#8221; hover_enabled=&#8221;0&#8243; global_colors_info=&#8221;{}&#8221; sticky_enabled=&#8221;0&#8243;]<\/p>\n<h1>Pol\u00edtica de Cookies<\/h1>\n<p>A MITJANS ADVOCATS S.L.P. utilitzem cookies amb l&#8217;objectiu de prestar un millor servei i proporcionar-te una millor experi\u00e8ncia en la teva navegaci\u00f3. Volem informar-te de manera clara, transparent i concisa sobre les cookies que utilitzem, detallant a continuaci\u00f3 qu\u00e8 s\u00f3n les cookies, per a qu\u00e8 serveixen, quins tipus de cookies utilitzem, quines s\u00f3n les seves finalitats i com pots configurar-les o desactivar-les si aix\u00ed ho desitges.<\/p>\n<h2>QU\u00c8 S\u00d3N LES COOKIES?<\/h2>\n<p>Una cookie \u00e9s un petit arxiu o fitxer que es descarrega al teu ordinador, dispositiu m\u00f2bil (smartphones, tauletes, etc.) o qualsevol altre dispositiu amb informaci\u00f3 sobre la navegaci\u00f3 en accedir a determinades p\u00e0gines web o aplicacions m\u00f2bils. Les cookies permeten a una p\u00e0gina web, entre altres coses, emmagatzemar i recuperar informaci\u00f3 sobre els h\u00e0bits de navegaci\u00f3 d&#8217;un usuari o del seu equip i, depenent de la informaci\u00f3 que continguin i de la forma en qu\u00e8 utilitzi el seu equip, poden utilitzar-se per recon\u00e8ixer l&#8217;usuari.<\/p>\n<p>El conjunt de cookies de tots els nostres usuaris ens ajuda a millorar la qualitat de la nostra web, permetent-nos controlar quines p\u00e0gines s\u00f3n \u00fatils, quines no, i quines s\u00f3n susceptibles de millora. Les cookies s\u00f3n essencials per al funcionament d&#8217;internet, aportant innombrables avantatges en la prestaci\u00f3 de serveis interactius, facilitant-te la navegaci\u00f3 i usabilitat de la nostra web. En cap cas les cookies podran danyar el teu equip o dispositiu m\u00f2bil.<\/p>\n<p>Les cookies no t&#8217;identifiquen personalment i no suposen cap risc per al teu ordinador o dispositiu m\u00f2bil. No s\u00f3n virus ni programari espia. Simplement s\u00f3n eines utilitzades pels llocs web que visites per millorar la teva navegaci\u00f3, perqu\u00e8 les teves dades viatgin per la xarxa segurs, per ajudar-nos a entendre quina informaci\u00f3 de la nostra web \u00e9s m\u00e9s \u00fatil per als nostres usuaris o per saber quines ofertes poden ser de l&#8217;inter\u00e8s de cada usuari. I tot aix\u00f2 d&#8217;una manera totalment an\u00f2nima: mai no sabrem el teu nom, adre\u00e7a o tel\u00e8fon a menys que tu ens els facilitis. Tu decideixes si permets o no la instal\u00b7laci\u00f3 de les nostres cookies.<\/p>\n<p>A m\u00e9s, has de tenir en compte que si decideixes no permetre l&#8217;\u00fas de cookies, pot ser que algunes caracter\u00edstiques de la web no funcionin correctament i, a m\u00e9s, no podrem adaptar la informaci\u00f3 que t&#8217;oferim als teus interessos. En cap cas la no acceptaci\u00f3 de les cookies pot suposar que no puguis accedir i utilitzar les funcions b\u00e0siques de la nostra p\u00e0gina web.<\/p>\n<p>Tamb\u00e9 volem informar-te que, en aplicaci\u00f3 de la normativa europea i espanyola en mat\u00e8ria de privadesa i cookies, existeixen cookies que requereixen consentiment de l&#8217;usuari (p. ex.: cookies d&#8217;an\u00e0lisi o mesurament i cookies de publicitat comportamental) i altres que es troben exemptes de consentiment (p. ex.: cookies t\u00e8cniques o aquelles necess\u00e0ries per a la prestaci\u00f3 de serveis expressament sol\u00b7licitats per l&#8217;usuari).<\/p>\n<h2>QUI \u00c9S EL RESPONSABLE?<\/h2>\n<p>Les cookies utilitzades a <a href=\"http:\/\/www.ms-advocats.com\" target=\"_blank\" rel=\"noopener\">www.ms-advocats.com<\/a> s\u00f3n tractades per MITJANS ADVOCATS S.L.P. amb les finalitats i temps de conservaci\u00f3 exposats a l&#8217;apartat \u201cRelaci\u00f3 de cookies utilitzades\u201d.<\/p>\n<h2>QUINS TIPUS DE COOKIES UTILITZEM?<\/h2>\n<h3>Segons l&#8217;entitat que la gestiona les cookies poden ser:<\/h3>\n<ul>\n<li><strong>Cookies pr\u00f2pies:<\/strong> S\u00f3n aquelles que s&#8217;envien al teu equip des dels nostres propis equips o dominis i des dels quals prestem el servei que ens sol\u00b7licites.<\/li>\n<li><strong>Cookies de tercers:<\/strong> S\u00f3n aquelles que s&#8217;envien al teu equip des d&#8217;un equip o domini que no \u00e9s gestionat per nosaltres, sin\u00f3 per una altra entitat col\u00b7laboradora (tercer).<\/li>\n<\/ul>\n<h3>Segons el termini de temps que romanen activades:<\/h3>\n<ul>\n<li><strong>Cookies de sessi\u00f3:<\/strong> S\u00f3n cookies temporals que romanen a l&#8217;arxiu de cookies del teu navegador fins que abandones la p\u00e0gina web, per la qual cosa cap queda registrada al disc dur del teu ordinador o mem\u00f2ria del dispositiu m\u00f2bil. La informaci\u00f3 obtinguda per mitj\u00e0 d&#8217;aquestes cookies serveix per analitzar pautes de tr\u00e0nsit a la web. A la llarga aix\u00f2 ens permet proporcionar una millor experi\u00e8ncia per millorar el contingut i facilitar-ne l&#8217;\u00fas.<\/li>\n<li><strong>Cookies persistents:<\/strong> S\u00f3n les cookies emmagatzemades al disc dur del teu ordinador o mem\u00f2ria del teu dispositiu m\u00f2bil i a la informaci\u00f3 de les quals podem accedir durant un temps definit segons el tipus de cookie. Les cookies persistents deixaran de funcionar un cop arribi la seva data de caducitat o si abans d&#8217;arribar aquesta retires el consentiment.<\/li>\n<\/ul>\n<h3>Segons la seva finalitat:<\/h3>\n<ul>\n<li><strong>Cookies t\u00e8cniques:<\/strong> S\u00f3n aquelles necess\u00e0ries per a la navegaci\u00f3 i el bon funcionament de la nostra p\u00e0gina web. Permeten, per exemple, controlar el tr\u00e0nsit i la comunicaci\u00f3 de dades, accedir a parts d&#8217;acc\u00e9s restringit, utilitzar elements de seguretat, emmagatzemar continguts per poder difondre v\u00eddeos o compartir continguts a trav\u00e9s de xarxes socials.<\/li>\n<li><strong>Cookies de prefer\u00e8ncies o personalitzaci\u00f3:<\/strong> S\u00f3n aquelles que et permeten accedir al servei amb unes caracter\u00edstiques predefinides en funci\u00f3 d&#8217;una s\u00e8rie de criteris, com ara l&#8217;idioma, el tipus de navegador a trav\u00e9s del qual s&#8217;accedeix al servei, la configuraci\u00f3 regional des d&#8217;on s&#8217;accedeix al servei, etc.<\/li>\n<li><strong>Cookies d&#8217;an\u00e0lisi o mesurament:<\/strong> S\u00f3n aquelles que, tractades per nosaltres o per tercers, ens permeten quantificar el nombre d&#8217;usuaris que visiten la nostra web i aix\u00ed realitzar la mesura i an\u00e0lisi estad\u00edstica de la utilitzaci\u00f3 que fan els usuaris del servei ofert. Tamb\u00e9 poden servir per quantificar els impactes dels anuncis mostrats.<\/li>\n<li><strong>Cookies de publicitat comportamental:<\/strong> S\u00f3n totes aquelles cookies que emmagatzemen informaci\u00f3 del comportament dels usuaris obtinguda a trav\u00e9s de l&#8217;observaci\u00f3 continuada dels seus h\u00e0bits de navegaci\u00f3, la qual cosa permet desenvolupar un perfil espec\u00edfic per mostrar publicitat en funci\u00f3 d&#8217;aquest. Aquest tipus de cookies s\u00f3n les que ens permeten mostrar-te publicitat relacionada amb el teu perfil de navegaci\u00f3.<\/li>\n<\/ul>\n<h2>RELACI\u00d3 DE COOKIES UTILITZADES<\/h2>\n<p>A continuaci\u00f3 detallem les cookies utilitzades a la nostra web (<a href=\"http:\/\/www.ms-advocats.com\" target=\"_blank\" rel=\"noopener\">www.ms-advocats.com<\/a>) i la finalitat d&#8217;aquestes:<\/p>\n<table>\n<thead>\n<tr>\n<th>Nom de la cookie<\/th>\n<th>Pr\u00f2pia o de tercers<\/th>\n<th>Finalitat de la cookie<\/th>\n<th>Termini<\/th>\n<th>Exempta \/ no exempta del deure d&#8217;informaci\u00f3 i consentiment<\/th>\n<\/tr>\n<\/thead>\n<tbody>\n<tr>\n<td>__Secure-3PSIDCC<\/td>\n<td>Tercer<\/td>\n<td>Anal\u00edtica<\/td>\n<td>1 any<\/td>\n<td>No exempta<\/td>\n<\/tr>\n<tr>\n<td>__Secure-3PSIDTS<\/td>\n<td>Tercer<\/td>\n<td>Anal\u00edtica<\/td>\n<td>1 any<\/td>\n<td>No exempta<\/td>\n<\/tr>\n<tr>\n<td>__Secure-1PSIDCC<\/td>\n<td>Tercer<\/td>\n<td>Anal\u00edtica<\/td>\n<td>1 any<\/td>\n<td>No exempta<\/td>\n<\/tr>\n<tr>\n<td>__Secure-1PSIDTS<\/td>\n<td>Tercer<\/td>\n<td>Anal\u00edtica<\/td>\n<td>1 any<\/td>\n<td>No exempta<\/td>\n<\/tr>\n<tr>\n<td>SIDCC<\/td>\n<td>Tercer<\/td>\n<td>Anal\u00edtica<\/td>\n<td>1 any<\/td>\n<td>No exempta<\/td>\n<\/tr>\n<tr>\n<td>__Secure-3PAPISID<\/td>\n<td>Tercer<\/td>\n<td>Anal\u00edtica<\/td>\n<td>13 mesos<\/td>\n<td>No exempta<\/td>\n<\/tr>\n<tr>\n<td>__Secure-1PAPISID<\/td>\n<td>Tercer<\/td>\n<td>Anal\u00edtica<\/td>\n<td>13 mesos<\/td>\n<td>No exempta<\/td>\n<\/tr>\n<tr>\n<td>SAPISID<\/td>\n<td>Tercer<\/td>\n<td>Anal\u00edtica<\/td>\n<td>13 mesos<\/td>\n<td>No exempta<\/td>\n<\/tr>\n<tr>\n<td>HSID<\/td>\n<td>Tercer<\/td>\n<td>Anal\u00edtica<\/td>\n<td>13 mesos<\/td>\n<td>No exempta<\/td>\n<\/tr>\n<tr>\n<td>SEARCH_SAMESITE<\/td>\n<td>Tercer<\/td>\n<td>Anal\u00edtica<\/td>\n<td>4 mesos<\/td>\n<td>No exempta<\/td>\n<\/tr>\n<tr>\n<td>SOCS<\/td>\n<td>Tercer<\/td>\n<td>Anal\u00edtica<\/td>\n<td>11 mesos<\/td>\n<td>No exempta<\/td>\n<\/tr>\n<tr>\n<td>__Secure-3PSID<\/td>\n<td>Tercer<\/td>\n<td>Anal\u00edtica<\/td>\n<td>13 mesos<\/td>\n<td>No exempta<\/td>\n<\/tr>\n<tr>\n<td>__Secure-1PSID<\/td>\n<td>Tercer<\/td>\n<td>Anal\u00edtica<\/td>\n<td>13 mesos<\/td>\n<td>No exempta<\/td>\n<\/tr>\n<tr>\n<td>__Secure-BUCKET<\/td>\n<td>Tercer<\/td>\n<td>Anal\u00edtica<\/td>\n<td>4 mesos<\/td>\n<td>No exempta<\/td>\n<\/tr>\n<tr>\n<td>APISID<\/td>\n<td>Tercer<\/td>\n<td>Anal\u00edtica<\/td>\n<td>13 mesos<\/td>\n<td>No exempta<\/td>\n<\/tr>\n<tr>\n<td>SSID<\/td>\n<td>Tercer<\/td>\n<td>Anal\u00edtica<\/td>\n<td>13 mesos<\/td>\n<td>No exempta<\/td>\n<\/tr>\n<tr>\n<td>SID<\/td>\n<td>Tercer<\/td>\n<td>Anal\u00edtica<\/td>\n<td>13 mesos<\/td>\n<td>No exempta<\/td>\n<\/tr>\n<tr>\n<td>NID<\/td>\n<td>Tercer<\/td>\n<td>T\u00e8cnica<\/td>\n<td>6 mesos<\/td>\n<td>No exempta<\/td>\n<\/tr>\n<tr>\n<td>cookielawinfo-checkbox-necessary<\/td>\n<td>Pr\u00f2pia<\/td>\n<td>T\u00e8cnica<\/td>\n<td>11 mesos<\/td>\n<td>Exempta<\/td>\n<\/tr>\n<tr>\n<td>cookielawinfo-checkbox-non-necessary<\/td>\n<td>Pr\u00f2pia<\/td>\n<td>T\u00e8cnica<\/td>\n<td>11 mesos<\/td>\n<td>Exempta<\/td>\n<\/tr>\n<tr>\n<td>_ga<\/td>\n<td>Pr\u00f2pia<\/td>\n<td>Anal\u00edtica<\/td>\n<td>14 mesos<\/td>\n<td>No exempta<\/td>\n<\/tr>\n<tr>\n<td>_ga_1X0XQRMB4F<\/td>\n<td>Pr\u00f2pia<\/td>\n<td>Anal\u00edtica<\/td>\n<td>14 mesos<\/td>\n<td>No exempta<\/td>\n<\/tr>\n<tr>\n<td>_ga_L7G0ZP673W<\/td>\n<td>Pr\u00f2pia<\/td>\n<td>Anal\u00edtica<\/td>\n<td>14 mesos<\/td>\n<td>No exempta<\/td>\n<\/tr>\n<tr>\n<td>ar_debug<\/td>\n<td>Pr\u00f2pia<\/td>\n<td>Anal\u00edtica<\/td>\n<td>3 mesos<\/td>\n<td>No exempta<\/td>\n<\/tr>\n<tr>\n<td>nitroCachedPage<\/td>\n<td>Pr\u00f2pia<\/td>\n<td>T\u00e8cnica<\/td>\n<td>Sessi\u00f3<\/td>\n<td>Exempta<\/td>\n<\/tr>\n<tr>\n<td>viewed_cookie_policy<\/td>\n<td>Pr\u00f2pia<\/td>\n<td>T\u00e8cnica<\/td>\n<td>1 any<\/td>\n<td>Exempta<\/td>\n<\/tr>\n<tr>\n<td>AEC<\/td>\n<td>Tercer<\/td>\n<td>Seguretat<\/td>\n<td>4 mesos<\/td>\n<td>No exempta<\/td>\n<\/tr>\n<tr>\n<td>has_js<\/td>\n<td>Pr\u00f2pia<\/td>\n<td>T\u00e8cnica<\/td>\n<td>Sessi\u00f3<\/td>\n<td>Exempta<\/td>\n<\/tr>\n<tr>\n<td>_GRECAPTCHA<\/td>\n<td>Tercer<\/td>\n<td>T\u00e8cnica<\/td>\n<td>6 mesos<\/td>\n<td>Exempta<\/td>\n<\/tr>\n<\/tbody>\n<\/table>\n<h2>RELACI\u00d3 DE COOKIES DE TERCERS<\/h2>\n<p>A continuaci\u00f3 detallem la relaci\u00f3 de tercers prestadors de serveis de cookies a la nostra p\u00e0gina web (<a href=\"http:\/\/www.ms-advocats.com\" target=\"_blank\" rel=\"noopener\">www.ms-advocats.com<\/a>):<\/p>\n<table>\n<thead>\n<tr>\n<th>Nom prove\u00efdor<\/th>\n<th>M\u00e9s informaci\u00f3 sobre l&#8217;\u00fas de les cookies d&#8217;aquest tercer (adre\u00e7a web)<\/th>\n<\/tr>\n<\/thead>\n<tbody>\n<tr>\n<td>Google<\/td>\n<td><a href=\"https:\/\/support.google.com\/chrome\/answer\/95647?hl=es&#038;sjid=14756267942969774996-EU\" target=\"_blank\" rel=\"noopener\">https:\/\/support.google.com\/chrome\/answer\/95647?hl=es&#038;sjid=14756267942969774996-EU<\/a><\/td>\n<\/tr>\n<tr>\n<td>NitroPack<\/td>\n<td><a href=\"https:\/\/support.nitropack.io\/en\/articles\/8390438-when-does-nitropack-delete-cache-files\" target=\"_blank\" rel=\"noopener\">https:\/\/support.nitropack.io\/en\/articles\/8390438-when-does-nitropack-delete-cache-files<\/a><\/td>\n<\/tr>\n<tr>\n<td>Criteo<\/td>\n<td><a href=\"https:\/\/www.criteo.com\/privacy\/how-we-use-your-data\/\" target=\"_blank\" rel=\"noopener\">https:\/\/www.criteo.com\/privacy\/how-we-use-your-data\/<\/a><\/td>\n<\/tr>\n<tr>\n<td>Youtube<\/td>\n<td><a href=\"https:\/\/policies.google.com\/technologies\/cookies?hl=en-US\" target=\"_blank\" rel=\"noopener\">https:\/\/policies.google.com\/technologies\/cookies?hl=en-US<\/a><\/td>\n<\/tr>\n<\/tbody>\n<\/table>\n<h2>COM ES PODEN CONFIGURAR LES COOKIES A LA NOSTRA P\u00c0GINA WEB I REVOCAR EL CONSENTIMENT ATORGAT?<\/h2>\n<p>Quan accedeixes a la nostra p\u00e0gina web se&#8217;t mostra una finestra en la qual pots indicar si acceptes, rebutges o desitges configurar les cookies, excepte aquelles estrictament necess\u00e0ries, a trav\u00e9s del centre de prefer\u00e8ncies de privadesa o panell de configuraci\u00f3 al qual pots accedir directament des del b\u00e0ner o missatge emergent principal de la web. Tamb\u00e9 pots configurar les cookies i\/o revocar el consentiment atorgat en qualsevol moment des de l&#8217;enlla\u00e7 disponible a la web.<\/p>\n<p>Si acceptes cookies de tercers i posteriorment desitges eliminar-les del teu ordinador o dispositiu m\u00f2bil, pots utilitzar les eines de desactivaci\u00f3 de cookies dels diferents navegadors o a trav\u00e9s del sistema habilitat per aquests tercers per a aix\u00f2 a trav\u00e9s dels enlla\u00e7os que s&#8217;indiquen a l&#8217;apartat \u201cCom eliminar i bloquejar\/desactivar les cookies?\u201d.<\/p>\n<h2>COM ELIMINAR I BLOQUEJAR\/DESACTIVAR LES COOKIES?<\/h2>\n<p>Pots permetre, bloquejar o eliminar les cookies instal\u00b7lades al teu ordinador o dispositiu m\u00f2bil mitjan\u00e7ant la configuraci\u00f3 de les opcions del teu navegador d&#8217;Internet. En cas que no permetis la instal\u00b7laci\u00f3 de cookies al teu navegador \u00e9s possible que no puguis accedir a alguns dels serveis prestats i que la teva experi\u00e8ncia a la nostra web pugui resultar menys satisfact\u00f2ria.<\/p>\n<p>En els seg\u00fcents enlla\u00e7os tens a la teva disposici\u00f3 tota la informaci\u00f3 per configurar o desactivar les teves cookies segons el navegador utilitzat:<\/p>\n<ul>\n<li>Mozilla Firefox: <a href=\"https:\/\/support.mozilla.org\/es\/kb\/habilitar-y-deshabilitar-cookies-sitios-web-rastrear-preferencias?redirectlocale=es&#038;redirectslug=habilitar-y-deshabilitar-cookies-que-los-sitios-we\" target=\"_blank\" rel=\"noopener\">https:\/\/support.mozilla.org\/es\/kb\/habilitar-y-deshabilitar-cookies-sitios-web-rastrear-preferencias?redirectlocale=es&#038;redirectslug=habilitar-y-deshabilitar-cookies-que-los-sitios-we<\/a><\/li>\n<li>Chrome: <a href=\"https:\/\/support.google.com\/chrome\/answer\/95647?hl=es\" target=\"_blank\" rel=\"noopener\">https:\/\/support.google.com\/chrome\/answer\/95647?hl=es<\/a><\/li>\n<li>Internet Explorer: <a href=\"https:\/\/support.microsoft.com\/es-es\/help\/17442\/windows-internet-explorer-delete-manage-cookies\" target=\"_blank\" rel=\"noopener\">https:\/\/support.microsoft.com\/es-es\/help\/17442\/windows-internet-explorer-delete-manage-cookies<\/a><\/li>\n<li>Safari: <a href=\"http:\/\/support.apple.com\/kb\/ph5042\" target=\"_blank\" rel=\"noopener\">http:\/\/support.apple.com\/kb\/ph5042<\/a><\/li>\n<li>Opera: <a href=\"http:\/\/help.opera.com\/Windows\/11.50\/es-ES\/cookies.html\" target=\"_blank\" rel=\"noopener\">http:\/\/help.opera.com\/Windows\/11.50\/es-ES\/cookies.html<\/a><\/li>\n<\/ul>\n<p>Si accedeixes a la nostra p\u00e0gina web a trav\u00e9s d&#8217;un dispositiu m\u00f2bil (smartphone, tauleta, videoconsola port\u00e0til, etc.) \u00e9s possible que les opcions de cookies es trobin ubicades als ajustaments generals del dispositiu. Consulta el manual d&#8217;usuari del dispositiu per obtenir m\u00e9s informaci\u00f3 al respecte.<\/p>\n<h2>COM DESACTIVAR GOOGLE ANALYTICS?<\/h2>\n<p>La nostra p\u00e0gina web utilitza cookies de Google Analytics, un servei titularitat de Google Inc. Google Analyitics analitza l&#8217;\u00fas que els usuaris fan d&#8217;una p\u00e0gina web a trav\u00e9s de l&#8217;\u00fas de les cookies de Google. La informaci\u00f3 generada per les cookies de Google sobre l&#8217;\u00fas d&#8217;aquesta p\u00e0gina web per part dels usuaris sol ser transferida i emmagatzemada en servidors de Google ubicats als EUA.<\/p>\n<p>Per evitar aquest tipus de cookies existeixen eines o complements de desactivaci\u00f3 per a navegadors de Google Analytics. Pots trobar m\u00e9s informaci\u00f3 i tenir acc\u00e9s a aquestes eines a trav\u00e9s del seg\u00fcent enlla\u00e7: <a href=\"https:\/\/tools.google.com\/dlpage\/gaoptout?hl=es\" target=\"_blank\" rel=\"noopener\">https:\/\/tools.google.com\/dlpage\/gaoptout?hl=es<\/a><\/p>\n<h2>ALTRA INFORMACI\u00d3:<\/h2>\n<p>Per a tota aquella informaci\u00f3 en mat\u00e8ria de privadesa i protecci\u00f3 de dades exigida per l&#8217;article 13 del Reglament General de Protecci\u00f3 de Dades (RGPD) que no es refereixi de manera espec\u00edfica a les cookies, pots visitar la nostra Pol\u00edtica de privadesa.<\/p>\n<p>T&#8217;informem que en cas de no estar d&#8217;acord amb el tractament de dades realitzat per les cookies de la nostra web, pots presentar una reclamaci\u00f3 davant l&#8217;Ag\u00e8ncia Espanyola de Protecci\u00f3 de Dades (<a href=\"https:\/\/www.aepd.es\" target=\"_blank\" rel=\"noopener\">www.aepd.es<\/a>).<\/p>\n<p>[\/et_pb_text][\/et_pb_column][\/et_pb_row][\/et_pb_section]<\/p>\n","protected":false},"excerpt":{"rendered":"<p>Pol\u00edtica de Cookies A MITJANS ADVOCATS S.L.P. utilitzem cookies amb l&#8217;objectiu de prestar un millor servei i proporcionar-te una millor experi\u00e8ncia en la teva navegaci\u00f3. Volem informar-te de manera clara, transparent i concisa sobre les cookies que utilitzem, detallant a continuaci\u00f3 qu\u00e8 s\u00f3n les cookies, per a qu\u00e8 serveixen, quins tipus de cookies utilitzem, quines [&hellip;]<\/p>\n","protected":false},"author":2,"featured_media":0,"parent":0,"menu_order":0,"comment_status":"closed","ping_status":"closed","template":"","meta":{"_et_pb_use_builder":"on","_et_pb_old_content":"Les galetes s\u00f3n fitxers que es poden descarregar al teu equip a trav\u00e9s de les p\u00e0gines web que visites. S\u00f3n instruments amb un paper determinant per a la prestaci\u00f3 d\u2019alguns serveis de la societat de la informaci\u00f3. Per exemple, permeten a una p\u00e0gina web emmagatzemar i recuperar informaci\u00f3 sobre els h\u00e0bits de navegaci\u00f3 d\u2019un usuari o del teu equip i, en funci\u00f3 de la informaci\u00f3 obtinguda, es poden utilitzar per recon\u00e8ixer l\u2019usuari i millorar el servei ofert.\r\n\r\nA continuaci\u00f3, t\u2019informem sobre els diferents tipus de galetes:\r\n\r\n1) Segons l\u2019entitat responsable del domini des d\u2019on s\u2019envien les galetes i es tractin les dades que s\u2019obtinguin es poden distingir:\r\n\r\nGaletes pr\u00f2pies: s\u00f3n les que s\u2019envien a l\u2019equip terminal de l\u2019usuari des d\u2019un equip o domini gestionat per l\u2019editor mateix i des del qual es presta el servei sol\u00b7licitat per l\u2019usuari.\r\n\r\nGaletes de tercers: s\u00f3n les que s\u2019envien a l\u2019equip terminal de l\u2019usuari des d\u2019un equip o domini que no \u00e9s gestionat per l\u2019editor, sin\u00f3 per una altra entitat que tracta les dades obtingudes a trav\u00e9s de les galetes.\r\n\r\n2) Segons el termini de temps que romanen activades a l\u2019equip terminal, podem distingir:\r\n\r\nGaletes de sessi\u00f3: s\u00f3n un tipus de galetes dissenyades per obtenir i emmagatzemar dades mentre l\u2019usuari accedeix a una p\u00e0gina web. Se solen utilitzar per emmagatzemar informaci\u00f3 que nom\u00e9s interessa conservar per a la prestaci\u00f3 del servei sol\u00b7licitat per l\u2019usuari en una sola ocasi\u00f3 i caduquen en tancar la sessi\u00f3 o tancar el navegador.\r\n\r\nGaletes persistents: s\u00f3n un tipus de galetes en qu\u00e8 les dades continuen emmagatzemades al terminal per accedir-hi i utilitzar-les en m\u00e9s d\u2019una sessi\u00f3. Poden ser i tractades i s\u2019hi pot accedir durant un per\u00edode definit pel responsable de la galeta, que pot anar d\u2019uns minuts a diversos anys.\r\n\r\n3) Segons la finalitat per a la qual es tracten les dades obtingudes per mitj\u00e0 de les galetes, poden ser:\r\n\r\nGaletes t\u00e8cniques: s\u00f3n les que permeten a l\u2019usuari la navegaci\u00f3 per una p\u00e0gina web o plataforma i la utilitzaci\u00f3 de les diferents opcions o serveis que hi hagi, com, per exemple, controlar el tr\u00e0nsit i la comunicaci\u00f3 de dades, identificar la sessi\u00f3 o accedir a parts d\u2019acc\u00e9s restringit.\r\n\r\nGaletes de personalitzaci\u00f3: s\u00f3n les que permeten a l\u2019usuari accedir al servei amb algunes caracter\u00edstiques de car\u00e0cter general predefinides en funci\u00f3 d\u2019una s\u00e8rie de criteris al terminal de l\u2019usuari, com, per exemple, l\u2019idioma i el tipus de navegador.\r\n\r\nGaletes d\u2019an\u00e0lisi: s\u00f3n les que permeten al seu responsable el seguiment i l\u2019an\u00e0lisi del comportament dels usuaris als quals estan vinculades. La informaci\u00f3 recollida mitjan\u00e7ant aquest tipus de galetes s\u2019utilitza en el mesurament de l\u2019activitat dels llocs web, p\u00e0gina web o plataforma i per a l\u2019elaboraci\u00f3 de perfils de navegaci\u00f3 dels usuaris.\r\n\r\nGaletes publicit\u00e0ries: s\u00f3n les que permeten la gesti\u00f3, de la manera m\u00e9s efica\u00e7 possible, dels espais publicitaris.\r\n\r\nGaletes de publicitat comportamental: aquestes galetes emmagatzemen informaci\u00f3 sobre el comportament dels usuaris obtinguda per mitj\u00e0 de l\u2019observaci\u00f3 continuada dels seus h\u00e0bits de navegaci\u00f3, la qual cosa permet desenvolupar un perfil espec\u00edfic per mostrar publicitat.\r\n\r\nPer a m\u00e9s informaci\u00f3 sobre galetes pots consultar la informaci\u00f3 de l\u2019Ag\u00e8ncia Espanyola de Protecci\u00f3 de Dades (https:\/\/www.aepd.es).\r\n\r\nGaletes utilitzades a https:\/\/ms-advocats.com\r\n\r\nA continuaci\u00f3 t\u2019enumerem les galetes que s\u2019estan utilitzant en aquest lloc web, tipologia i funci\u00f3:\r\n\r\nGoogle Analytics: servei d\u2019an\u00e0lisi d\u2019accessos web, desenvolupada per Google, permet el mesurament i l\u2019an\u00e0lisi de la navegaci\u00f3 a les p\u00e0gines web. Segons la tipologia anterior es tracta de galetes pr\u00f2pies, de sessi\u00f3 i d\u2019an\u00e0lisi. Es pot obtenir informaci\u00f3 relativa al nombre d\u2019usuaris que accedeixen a la web, el nombre de p\u00e0gines vistes, la freq\u00fc\u00e8ncia i repetici\u00f3 de les visites, la seva durada, el navegador utilitzat, l\u2019operador que presta el servei, l\u2019idioma, el terminal que utilitza o la ciutat a qu\u00e8 est\u00e0 assignada l\u2019adre\u00e7a IP.\r\n\r\nAquesta informaci\u00f3 permet un millor servei per a la prestaci\u00f3 i la navegabilitat del lloc web.\r\n\r\nCom modificar la configuraci\u00f3 de les galetes\r\n\r\nSi ho consideres oport\u00fa, pots modificar, bloquejar o esborrar les galetes d\u2019aquest lloc o qualsevol altre lloc web que hagis visitat utilitzant el teu navegador.\r\n\r\nEn funci\u00f3 del navegador utilitzat, l\u2019acc\u00e9s i la modulaci\u00f3 del control de galetes pot ser diferent, per\u00f2 en tot cas oferir\u00e0 aquesta funcionalitat.","_et_gb_content_width":"","footnotes":""},"class_list":["post-2897","page","type-page","status-publish","hentry"],"_links":{"self":[{"href":"https:\/\/ms-advocats.com\/ca\/wp-json\/wp\/v2\/pages\/2897","targetHints":{"allow":["GET"]}}],"collection":[{"href":"https:\/\/ms-advocats.com\/ca\/wp-json\/wp\/v2\/pages"}],"about":[{"href":"https:\/\/ms-advocats.com\/ca\/wp-json\/wp\/v2\/types\/page"}],"author":[{"embeddable":true,"href":"https:\/\/ms-advocats.com\/ca\/wp-json\/wp\/v2\/users\/2"}],"replies":[{"embeddable":true,"href":"https:\/\/ms-advocats.com\/ca\/wp-json\/wp\/v2\/comments?post=2897"}],"version-history":[{"count":2,"href":"https:\/\/ms-advocats.com\/ca\/wp-json\/wp\/v2\/pages\/2897\/revisions"}],"predecessor-version":[{"id":9754,"href":"https:\/\/ms-advocats.com\/ca\/wp-json\/wp\/v2\/pages\/2897\/revisions\/9754"}],"wp:attachment":[{"href":"https:\/\/ms-advocats.com\/ca\/wp-json\/wp\/v2\/media?parent=2897"}],"curies":[{"name":"wp","href":"https:\/\/api.w.org\/{rel}","templated":true}]}}