{"id":2190,"date":"2017-09-07T13:27:30","date_gmt":"2017-09-07T11:27:30","guid":{"rendered":"http:\/\/ms-advocats.com\/?page_id=2190\/"},"modified":"2020-11-16T12:19:00","modified_gmt":"2020-11-16T10:19:00","slug":"politica-de-privacitat","status":"publish","type":"page","link":"https:\/\/ms-advocats.com\/ca\/politica-de-privacitat\/","title":{"rendered":"Politica de Privacitat"},"content":{"rendered":"<p>Per a MITJANS ADVOCATS \u00e9s molt important garantir el tractament de les dades personals de les persones interessades en els serveis que oferim i donar compliment al Reglament (UE) 2016\/679 del Parlament Europeu i del Consell de 27 d\u2019abril de 2016, relatiu a la protecci\u00f3 de les persones f\u00edsiques pel que fa al tractament de dades personals i a la lliure circulaci\u00f3 d\u2019aquestes dades, anomenat Reglament general de protecci\u00f3 de dades (d\u2019ara endavant, \u201cRGPD\u201d).<\/p>\n<p>Volem oferir-te tota la informaci\u00f3 necess\u00e0ria d\u2019una manera transparent i senzilla, per la qual cosa et recomanem llegir tranquil\u00b7lament aquesta pol\u00edtica de privacitat, i aix\u00ed poder con\u00e8ixer i entendre els tractaments de dades que duem a terme.<\/p>\n<p>El nostre m\u00e0xim comprom\u00eds \u00e9s la confidencialitat i la seguretat de les teves dades, i per aix\u00f2 ens esforcem dia a dia a millorar els nostres processos de tractament de dades personals.<\/p>\n<p>La pol\u00edtica de privacitat pot ser modificada per decisi\u00f3 unilateral de MITJANS ADVOCATS, per la qual cosa se\u2019n recomana la consulta de manera regular.<\/p>\n<p>Si tens cap dubte relatiu al tractament de les teves dades personals, no dubtis a contactar amb nosaltres per mitj\u00e0 del correu electr\u00f2nic info@ms-advocats.com.<\/p>\n<p>Qui \u00e9s el responsable del tractament de les teves dades?<\/p>\n<p>El responsable del tractament de dades personals de MITJANS ADVOCATS \u00e9s:<\/p>\n<p>&#8211; MITJANS ADVOCATS, SL, amb CIF B62930581.<\/p>\n<p>Com a punt de contacte \u00fanic per a les persones interessades, es designa el seg\u00fcent:<\/p>\n<p>&#8211; C\/ Enric Granados, 86-88 \u2013 08008 Barcelona. &#8211; Adre\u00e7a electr\u00f2nica: info@ms-advocats.com.<\/p>\n<p>&#8211; Tel\u00e8fon: 932688740.<\/p>\n<p>&nbsp;<\/p>\n<p>Qu\u00e8 fem amb les teves dades personals?<\/p>\n<p>Tot seguit t\u2019informem de les finalitats per a les quals tractem les teves dades personals, que, sense ser una relaci\u00f3 exhaustiva, es poden concretar en:<\/p>\n<p>1. Atenci\u00f3 a persones interessades o consultes sobre els serveis propis de MITJANS ADVOCATS.<\/p>\n<p>2. Gesti\u00f3 de la relaci\u00f3 contractual amb els clients i prove\u00efdors de MITJANS ADVOCATS: gesti\u00f3 econ\u00f2mica, facturaci\u00f3 i administraci\u00f3.<\/p>\n<p>3. Gesti\u00f3 i seguiment per a enviaments de comunicacions de car\u00e0cter comercial, informatiu o serveis que puguin ser d\u2019inter\u00e8s per a les persones interessades.<\/p>\n<p>&nbsp;<\/p>\n<p>Quines dades personals recollim?<\/p>\n<p>Les dades que recollim s\u00f3n les estrictament necess\u00e0ries per a la realitzaci\u00f3 de les finalitats descrites anteriorment i que es poden concretar en:<\/p>\n<p>1) Dades identificatives necess\u00e0ries per establir la relaci\u00f3 contractual, com ara nom i cognoms, NIF i altres dades fiscals.<\/p>\n<p>2) Dades identificatives per poder comunicar-nos, com ara tel\u00e8fon o correu electr\u00f2nic.<\/p>\n<p>Quan ens proporciones la teva informaci\u00f3, adquireixes el comprom\u00eds que la informaci\u00f3 i les dades que facilites s\u00f3n exactes i veraces i no contenen errors.<\/p>\n<p>Recorda que \u00e9s molt important que ens comuniquis, com m\u00e9s aviat millor, possibles modificacions i\/o rectificacions de les teves dades de car\u00e0cter personal al correu electr\u00f2nic info@ms-advocats.com.<\/p>\n<p>Quina \u00e9s la base jur\u00eddica per la qual tractem les teves dades?<\/p>\n<p>Les bases jur\u00eddiques que habiliten el tractament de les teves dades personals en relaci\u00f3 amb les finalitats descrites anteriorment s\u00f3n:<\/p>\n<p>Persones interessades en els serveis de MITJANS ADVOCATS: la base de legitimaci\u00f3 per al tractament de dades de contactes interessats \u00e9s el consentiment expr\u00e9s i inequ\u00edvoc que atorguen.<\/p>\n<p>Clients de MITJANS ADVOCATS: la base de legitimaci\u00f3 \u00e9s la relaci\u00f3 contractual que es formalitza en sol\u00b7licitar els serveis propis de MITJANS ADVOCATS.<\/p>\n<p>A qui comuniquem les teves dades personals?<\/p>\n<p>Les teves dades no se cediran a tercers, llevat que fos necessari per complir un requeriment legal.<\/p>\n<p>Fem transfer\u00e8ncies internacionals de les teves dades?<\/p>\n<p>No farem transfer\u00e8ncies internacionals de les teves dades personals per a cap de les finalitats indicades.<\/p>\n<p>Durant quant de temps conservem les teves dades?<\/p>\n<p>En funci\u00f3 de cadascuna de les finalitats de tractament que fem de les teves dades, conservem les dades amb relaci\u00f3 als terminis de conservaci\u00f3 marcats en la normativa vigent d\u2019aplicaci\u00f3, i fins que revoquis el teu consentiment si \u00e9s el cas.<\/p>\n<p>T\u2019informem que les teves dades es conservaran bloquejades en acabar el tractament a qu\u00e8 es destinen i durant els terminis de prescripci\u00f3 d\u2019obligacions definits per a cada finalitat del tractament indicada.<\/p>\n<p>Quins s\u00f3n els teus drets com a interessat?<\/p>\n<p>Des de MITJANS ADVOCATS volem garantir plenament l\u2019exercici de drets de qu\u00e8 disposes en virtut del RGPD. En aquest sentit, t\u2019informem que disposes dels drets seg\u00fcents:<\/p>\n<p>Dret d\u2019acc\u00e9s a les teves dades personals: per con\u00e8ixer quines dades personals tractem i les operacions de tractament que duem a terme.<\/p>\n<p>Dret de rectificaci\u00f3 de qualsevol dada personal inexacta.<\/p>\n<p>Dret de supressi\u00f3 de les teves dades personals: quan aix\u00f2 sigui possible i sense perjudici del bloqueig de la informaci\u00f3 amb reserva legal.<\/p>\n<p>Dret a sol\u00b7licitar la limitaci\u00f3 del tractament de les teves dades personals quan l\u2019exactitud, la legalitat o la necessitat del tractament de les dades resulti dubtosa; en aquest cas, les podrem conservar bloquejades per a l\u2019exercici o la defensa de reclamacions.<\/p>\n<p>Dret d\u2019oposici\u00f3 al tractament de les teves dades personals: al primer requeriment efectuat per la teva part, de forma fefaent, deixarem de tractar les teves dades, llevat que hi hagi un inter\u00e8s leg\u00edtim o siguin necess\u00e0ries per a la defensa de reclamacions.<\/p>\n<p>Dret a la portabilitat de les teves dades.<\/p>\n<p>Pots exercitar qualsevol dels drets quan ho creguis oport\u00fa i de manera gratu\u00efta enviant un correu electr\u00f2nic a info@ms-advocats.com indicant el dret que vols exercitar i les teves dades identificatives.<\/p>\n<p>Tamb\u00e9 t\u2019informem que tens dret a presentar una reclamaci\u00f3 davant l\u2019Ag\u00e8ncia Espanyola de Protecci\u00f3 de Dades si consideres que s\u2019ha com\u00e8s una infracci\u00f3 de la legislaci\u00f3 en mat\u00e8ria de protecci\u00f3 de dades respecte al tractament de les teves dades personals.<\/p>\n<p>&nbsp;<\/p>\n","protected":false},"excerpt":{"rendered":"<p>Per a MITJANS ADVOCATS \u00e9s molt important garantir el tractament de les dades personals de les persones interessades en els serveis que oferim i donar compliment al Reglament (UE) 2016\/679 del Parlament Europeu i del Consell de 27 d\u2019abril de 2016, relatiu a la protecci\u00f3 de les persones f\u00edsiques pel que fa al tractament de [&hellip;]<\/p>\n","protected":false},"author":2,"featured_media":0,"parent":0,"menu_order":0,"comment_status":"closed","ping_status":"closed","template":"","meta":{"_et_pb_use_builder":"","_et_pb_old_content":"","_et_gb_content_width":"","footnotes":""},"class_list":["post-2190","page","type-page","status-publish","hentry"],"_links":{"self":[{"href":"https:\/\/ms-advocats.com\/ca\/wp-json\/wp\/v2\/pages\/2190","targetHints":{"allow":["GET"]}}],"collection":[{"href":"https:\/\/ms-advocats.com\/ca\/wp-json\/wp\/v2\/pages"}],"about":[{"href":"https:\/\/ms-advocats.com\/ca\/wp-json\/wp\/v2\/types\/page"}],"author":[{"embeddable":true,"href":"https:\/\/ms-advocats.com\/ca\/wp-json\/wp\/v2\/users\/2"}],"replies":[{"embeddable":true,"href":"https:\/\/ms-advocats.com\/ca\/wp-json\/wp\/v2\/comments?post=2190"}],"version-history":[{"count":3,"href":"https:\/\/ms-advocats.com\/ca\/wp-json\/wp\/v2\/pages\/2190\/revisions"}],"predecessor-version":[{"id":2911,"href":"https:\/\/ms-advocats.com\/ca\/wp-json\/wp\/v2\/pages\/2190\/revisions\/2911"}],"wp:attachment":[{"href":"https:\/\/ms-advocats.com\/ca\/wp-json\/wp\/v2\/media?parent=2190"}],"curies":[{"name":"wp","href":"https:\/\/api.w.org\/{rel}","templated":true}]}}