{"id":1920,"date":"2017-04-04T09:28:20","date_gmt":"2017-04-04T09:28:20","guid":{"rendered":"http:\/\/ms-advocats.com\/ca\/?page_id=1920"},"modified":"2024-08-20T10:13:34","modified_gmt":"2024-08-20T08:13:34","slug":"avis-legal","status":"publish","type":"page","link":"https:\/\/ms-advocats.com\/ca\/avis-legal\/","title":{"rendered":"Av\u00eds Legal"},"content":{"rendered":"<p>Per tal de donar compliment a l&#8217;article 10 de la Llei 34\/2002 de Serveis de la Societat de la Informaci\u00f3 i de comer\u00e7 electr\u00f2nic (LSSI-CE) informem els usuaris de les nostres dades identificatives i de contacte:<\/p>\n<ul>\n<li><strong>Nom o Denominaci\u00f3 social:<\/strong> MITJANS ADVOCATS S.L.P.<\/li>\n<li><strong>Domicili social:<\/strong> C\/ ENRIC GRANADOS 86-88 5E 1r 2a CP 08008 BARCELONA (BARCELONA)<\/li>\n<li><strong>NIF:<\/strong> B62930581<\/li>\n<li><strong>Tel\u00e8fon:<\/strong> 932688740<\/li>\n<li><strong>E-Mail:<\/strong> info@ms-advocats.com<\/li>\n<\/ul>\n<h2>1.- OBJECTE<\/h2>\n<p>MITJANS ADVOCATS S.L.P. com a responsable del lloc web <a href=\"http:\/\/www.ms-advocats.com\" target=\"_blank\" rel=\"noopener\">www.ms-advocats.com<\/a> posa a disposici\u00f3 dels usuaris el present document, el qual regula l&#8217;\u00fas d&#8217;aquest lloc web amb el qual pretenem donar compliment a les obligacions que disposa la Llei 34\/2002 de Serveis de la Societat de la Informaci\u00f3 i comer\u00e7 electr\u00f2nic, aix\u00ed com informar a tots els usuaris respecte de quines s\u00f3n les condicions d&#8217;\u00fas i navegaci\u00f3 de la p\u00e0gina web.<\/p>\n<p>A trav\u00e9s d&#8217;aquest lloc web, MITJANS ADVOCATS S.L.P. facilita als usuaris l&#8217;acc\u00e9s i utilitzaci\u00f3 dels diferents serveis i continguts posats a la seva disposici\u00f3 mitjan\u00e7ant aquesta p\u00e0gina web.<\/p>\n<p>Tota persona que accedeixi a aquesta p\u00e0gina web ser\u00e0 considerada usuari (en endavant l&#8217;usuari) i implica l&#8217;acceptaci\u00f3 total i sense reserves de totes i cadascuna de les disposicions incloses en aquest Av\u00eds Legal, aix\u00ed com a qualssevol altres disposicions legals que puguin resultar d&#8217;aplicaci\u00f3.<\/p>\n<p>L&#8217;usuari haur\u00e0 de llegir atentament el present Av\u00eds Legal, recomanant-se la seva lectura abans de visitar la p\u00e0gina web i cada vegada que hi accedeixi amb la finalitat de con\u00e8ixer i comprendre les modificacions que el prestador hagu\u00e9s pogut realitzar.<br \/>\nEn aquest sentit, el prestador es reserva el dret de modificar les presents condicions sense que existeixi l&#8217; obligaci\u00f3 de preavisar o posar en coneixement dels usuaris les modificacions efectuades, essent suficient la publicaci\u00f3 de les mateixes en aquesta p\u00e0gina web.<br \/>\n\u00c9s responsabilitat de l&#8217; usuari accedir peri\u00f2dicament a aquestes condicions, ja que resultaran d&#8217; aplicaci\u00f3 les m\u00e9s recents, deixant-se sense efecte les condicions pr\u00e8vies.  <\/p>\n<h2>2.- CONDICIONS D&#8217; ACC\u00c9S I UTILITZACI\u00d3 DE LA P\u00c0GINA WEB<\/h2>\n<p>Mitjan\u00e7ant el present Av\u00eds Legal s&#8217;informa als usuaris de les condicions que regeixen l&#8217;acc\u00e9s i \u00fas d&#8217;aquesta p\u00e0gina web, tenint les mateixes la consideraci\u00f3 de condicions generals de la contractaci\u00f3.<\/p>\n<h3>2.1.<br \/>\nCar\u00e1cter gratuito del acceso y uso de la web. <\/h3>\n<p>La prestaci\u00f3 dels serveis per part de MITJANS ADVOCATS S.L.P. en aquest lloc web t\u00e9 car\u00e0cter gratu\u00eft per a tots els usuaris.<br \/>\nNo obstant aix\u00f2, alguns dels serveis subministrats pel prestador a trav\u00e9s d&#8217;aquesta p\u00e0gina web poden estar subjectes al pagament d&#8217;un preu determinat.<br \/>\nEn aquest sup\u00f2sit, sempre s&#8217; informar\u00e0 l&#8217; usuari del car\u00e0cter oner\u00f3s de determinats serveis, essent necess\u00e0ria la seva pr\u00e8via contractaci\u00f3 i resultant d&#8217; aplicaci\u00f3 les condicions generals de venda que en el seu cas existissin a la p\u00e0gina web, aix\u00ed com la normativa de consum vigent en cada moment.  <\/p>\n<h3>2.2.<br \/>\nRegistro de usuario. <\/h3>\n<p>Amb car\u00e0cter general, la prestaci\u00f3 dels serveis oferts en aquesta p\u00e0gina web no exigeix la pr\u00e8via subscripci\u00f3 o registre dels usuaris.<br \/>\nTot i aix\u00ed, \u00e9s possible que el prestador condicioni l&#8217; \u00fas d&#8217; alguns serveis a l&#8217; emplenament previ del corresponent registre d&#8217; usuaris.<br \/>\nAquest registre s&#8217; efectuar\u00e0 en la forma expressament indicada en la pr\u00f2pia secci\u00f3 del servei.<br \/>\nEl tractament de dades personals de l&#8217; usuari que pugui tenir lloc com a conseq\u00fc\u00e8ncia del registre o subscripci\u00f3 es regir\u00e0 per la nostra Pol\u00edtica de privacitat.   <\/p>\n<h3>2.3.<br \/>\nVeracidad de la informaci\u00f3n. <\/h3>\n<p>Tota la informaci\u00f3 que faciliti l&#8217;usuari a trav\u00e9s d&#8217;aquesta p\u00e0gina web haur\u00e0 de ser vera\u00e7.<br \/>\nA aquests efectes, l&#8217; usuari garanteix l&#8217; autenticitat de les dades comunicades a trav\u00e9s dels formularis de contacte habilitats.<br \/>\nSer\u00e0 responsabilitat de l&#8217; usuari mantenir tota la informaci\u00f3 facilitada a MITJANS ADVOCATS S.L.P. permanentment actualitzada de manera que respongui en cada moment a la seva situaci\u00f3 real.<br \/>\nEn tot cas, l&#8217; usuari ser\u00e0 l&#8217; \u00fanic responsable de les manifestacions falses o inexactes que realitzi i dels perjudicis que pugui causar al prestador o a tercers.   <\/p>\n<h3>2.4.<br \/>\nMenores de edad. <\/h3>\n<p>MITJANS ADVOCATS S.L.P. recomana l&#8217;\u00fas d&#8217;aquesta p\u00e0gina web a majors de 18 anys.<br \/>\nPer a l&#8217;\u00fas dels serveis d&#8217;aquesta p\u00e0gina web, els menors d&#8217;edat hauran d&#8217;obtenir sempre pr\u00e8viament el consentiment dels pares, tutors o representants legals, responsables \u00faltims de tots els actes realitzats pels menors al seu c\u00e0rrec.<br \/>\nLa responsabilitat en la determinaci\u00f3 de continguts concrets als quals accedeixin els menors correspon a aquells; \u00e9s per aix\u00f2 que si accedeixen a continguts no apropiats per Internet s&#8217;hauran de configurar en els seus ordinadors o dispositius m\u00f2bils mecanismes (filtres, bloquejos, etc.) que permetin limitar els continguts disponibles.  <\/p>\n<h3>2.5.<br \/>\nObligaciones de los usuarios. <\/h3>\n<p>L&#8217;usuari es compromet a utilitzar aquesta p\u00e0gina web de conformitat amb les presents Condicions, la llei, la moral i els bons costums.<br \/>\nA tal efecte, l&#8217;usuari s&#8217;abstindr\u00e0 d&#8217;utilitzar aquest lloc web amb finalitats il\u00b7l\u00edcites o prohibides, lesives de drets i interessos del prestador, altres usuaris i tercers, o que de qualsevol forma puguin danyar, inutilitzar, sobrecarregar, deteriorar o impedir la normal utilitzaci\u00f3 d&#8217;equips inform\u00e0tics o documents, arxius i tota classe de continguts emmagatzemats en qualsevol equip inform\u00e0tic del prestador o tercers. <\/p>\n<p>En particular, i a t\u00edtol indicatiu per\u00f2 no exhaustiu, l&#8217; usuari es compromet a no transmetre, difondre o posar a disposici\u00f3 de terceres persones informacions, dades, continguts, missatges, gr\u00e0fics, dibuixos, arxius de so o imatge, fotografies, enregistraments, programari i en general qualsevol classe de material que:<\/p>\n<ul>\n<li>Sigui contrari, menyspre\u00ef o atempti contra els drets fonamentals i llibertats p\u00fabliques reconegudes constitucionalment en tractats internacionals i altres normes vigents.<\/li>\n<li>Indueixi, inciti o promogui actuacions delictives, denigrants, difamat\u00f2ries, violentes o en general contr\u00e0ries a les lleis, la moral i l&#8217; ordre p\u00fablic.<\/li>\n<li>Indueixi, inciti o promogui actuacions, actituds o pensaments discriminatoris per ra\u00f3 de sexe, ra\u00e7a, religi\u00f3, creences, edat, orientaci\u00f3 sexual o condici\u00f3, entre d&#8217; altres.<\/li>\n<li>Sigui contrari al dret a l&#8217; honor, a la intimitat personal o familiar o a la pr\u00f2pia imatge de les persones.<\/li>\n<li>De qualsevol manera que perjudiqui la credibilitat del prestador o de tercers.<\/li>\n<li>Que constitueixi publicitat il\u00b7l\u00edcita, enganyosa o deslleial.<\/li>\n<\/ul>\n<h2>3.- EXCLUSI\u00d3 DE GARANTIES I RESPONSABILITAT<\/h2>\n<p>El contingut del present lloc web \u00e9s de car\u00e0cter general i t\u00e9 una finalitat merament informativa, sense que es garanteixi plenament l&#8217;acc\u00e9s a tots els continguts ni la seva exhaustivitat, correcci\u00f3, vig\u00e8ncia o actualitat; ni la seva idone\u00eftat o utilitat per a un objectiu espec\u00edfic.<\/p>\n<p>El prestador s&#8217; eximeix de qualsevol tipus de responsabilitat derivada de la informaci\u00f3 publicada a la nostra p\u00e0gina web sempre que aquesta informaci\u00f3 hagi estat manipulada o introdu\u00efda per un tercer ali\u00e8.<\/p>\n<p>Aquest lloc web ha estat revisat i provat perqu\u00e8 funcioni correctament.<br \/>\nNo obstant aix\u00f2, el prestador no descarta la possibilitat que existeixin determinats errors de programaci\u00f3 o que succeeixin causes de for\u00e7a major, cat\u00e0strofes naturals, vagues o circumst\u00e0ncies similars que facin impossible de forma temporal l&#8217;acc\u00e9s a la p\u00e0gina web. <\/p>\n<p>El prestador exclou fins on permet l&#8217; ordenament jur\u00eddic qualsevol responsabilitat pels danys i perjudicis de tota naturalesa derivats de:<\/p>\n<ul>\n<li>La impossibilitat d&#8217;acc\u00e9s al lloc web o la falta de veracitat, exactitud, exhaustivitat i\/o actualitat dels continguts, aix\u00ed com l&#8217;exist\u00e8ncia de vicis i defectes de tota classe dels continguts transmesos, difosos, emmagatzemats, posats a disposici\u00f3 als quals s&#8217;hagi accedit a trav\u00e9s del lloc web o dels serveis que s&#8217;ofereixen.<\/li>\n<li>La pres\u00e8ncia de virus o d&#8217; altres elements en els continguts que puguin produir alteracions en els sistemes inform\u00e0tics, documents electr\u00f2nics o dades dels usuaris.<\/li>\n<li>L&#8217;incompliment de les lleis, la bona fe, l&#8217;ordre p\u00fablic, els usos del tr\u00e0nsit i el present Av\u00eds Legal com a conseq\u00fc\u00e8ncia de l&#8217;\u00fas incorrecte del lloc web.<br \/>\nEn particular i a tall d&#8217;exemple, el prestador no es fa responsable de les actuacions de tercers que vulnerin drets de propietat intel\u00b7lectual i industrial, secrets empresarials, drets a l&#8217;honor, a la intimitat personal i familiar i a la pr\u00f2pia imatge, aix\u00ed com la normativa en mat\u00e8ria de compet\u00e8ncia deslleial i publicitat il\u00b7l\u00edcita. <\/li>\n<li>El prestador no garanteix la disponibilitat cont\u00ednua i permanent dels serveis, quedant d&#8217; aquesta manera exonerat de qualsevol responsabilitat per possibles danys i perjudicis causats com a conseq\u00fc\u00e8ncia de la manca de disponibilitat del servei per motius de for\u00e7a major o errors en les xarxes telem\u00e0tiques de transfer\u00e8ncia de dades alienes a la seva voluntat o per desconnexions realitzades per treballs de millora o manteniment dels equips i sistemes inform\u00e0tics.<br \/>\nEl prestador no ser\u00e0 responsable per la interrupci\u00f3, suspensi\u00f3 o finalitzaci\u00f3 de la informaci\u00f3 o serveis.<br \/>\nAix\u00ed mateix, no es responsabilitza de les possibles omissions, p\u00e8rdues d&#8217; informaci\u00f3, dades, configuracions, accessos indeguts o vulneraci\u00f3 de la confidencialitat que tinguin origen en problemes t\u00e8cnics de comunicacions o omissions humanes causades per tercers o no imputables al prestador.<br \/>\nTampoc respondr\u00e0 dels danys produ\u00efts per atacs inform\u00e0tics o causats per virus que afectin programes inform\u00e0tics, sistemes de comunicacions o equips utilitzats pel prestador per\u00f2 fabricats o facilitats per un tercer.<br \/>\nEl prestador podr\u00e0 a la seva sola discreci\u00f3 denegar, retirar, suspendre i\/o bloquejar en qualsevol moment i sense necessitat de previ av\u00eds l&#8217;acc\u00e9s a la informaci\u00f3 i serveis a aquells usuaris que incompleixin les presents condicions.    <\/li>\n<\/ul>\n<p>El prestador no es fa responsable sota cap concepte dels danys que puguin dimanar de l&#8217;\u00fas il\u00b7legal o indegut de la present p\u00e0gina web.<\/p>\n<p>En tot cas, el prestador exclou qualsevol responsabilitat pels danys i perjudicis que puguin deure&#8217;s a la informaci\u00f3 i\/o serveis prestats o subministrats per tercers diferents dels oferts pel prestador.<br \/>\nTota responsabilitat recaur\u00e0 sobre el tercer, ja sigui aquest prove\u00efdor, col\u00b7laborador o un altre. <\/p>\n<h2>4.- ENLLA\u00c7OS (LINKS)<\/h2>\n<p>\u00c9s possible que aquest lloc web inclogui enlla\u00e7os o hipervincles que permetin als usuaris ser redirigits a continguts de p\u00e0gines web i llocs d&#8217;Internet pertanyents a tercers aliens al prestador.<br \/>\nAt\u00e8s que des de la nostra p\u00e0gina web no podem controlar sempre els continguts introdu\u00efts pels tercers, MITJANS ADVOCATS S.L.P. no assumeix cap tipus de responsabilitat respecte a aquests continguts.<br \/>\nEn tot cas, el prestador manifesta que procedir\u00e0 a la retirada immediata de qualsevol contingut que pogu\u00e9s contravenir la legislaci\u00f3 nacional i\/o internacional, la moral o l&#8217;ordre p\u00fablic, procedint a la retirada immediata de l&#8217;enlla\u00e7 a webs de tercers i posant en coneixement de les autoritats competents el contingut en q\u00fcesti\u00f3.  <\/p>\n<p>El prestador no es responsabilitza de la informaci\u00f3 i continguts emmagatzemats a t\u00edtol enunciatiu per\u00f2 no limitatiu en f\u00f2rums, xats, generadors de blogs, comentaris, xarxes socials o qualsevol altre mitj\u00e0 que permeti a tercers publicar continguts de forma independent a la p\u00e0gina web del prestador.<br \/>\nTanmateix, i en compliment del que disposa els articles 11 i 16 LSSI-CE, el prestador es posa a disposici\u00f3 dels usuaris, autoritats i forces de seguretat, i col\u00b7laborant de forma activa en la retirada o quan sigui necessari el bloqueig de tots aquells continguts que puguin afectar o contravenir la legislaci\u00f3 nacional o internacional,  drets de tercers o la moral i l&#8217; ordre p\u00fablic.<br \/>\nEn cas que l&#8217;usuari consideri que pugui existir algun contingut que pogu\u00e9s ser susceptible d&#8217;aquesta classificaci\u00f3, es prega ho notifiqui com m\u00e9s aviat millor a l&#8217;administrador del lloc web.  <\/p>\n<h2>5.- PROPIETAT INTEL\u00b7LECTUAL<\/h2>\n<p>Aquest lloc web, incloent a t\u00edtol enunciatiu per\u00f2 no limitatiu la programaci\u00f3, edici\u00f3, compilaci\u00f3 i altres elements necessaris per al seu funcionament; els dissenys, logotips, textos, fotografies i\/o elements gr\u00e0fics i sonors s\u00f3n propietat del prestador o, en el seu defecte, disposa de les llic\u00e8ncies i\/o autoritzacions concedides pels seus autors per al seu \u00fas leg\u00edtim.<br \/>\nTots els continguts del lloc web es troben degudament protegits per la normativa sobre propietat intel\u00b7lectual i industrial aplicable. <\/p>\n<p>Independentment de la finalitat per la qual fossin destinats, la reproducci\u00f3 total o parcial, \u00fas, distribuci\u00f3 i comunicaci\u00f3 p\u00fablica requereixen de l&#8217; autoritzaci\u00f3 escrita pr\u00e8via per part del prestador.<br \/>\nQualsevol \u00fas no autoritzat pr\u00e8viament per part del prestador ser\u00e0 considerat un incompliment greu dels drets de propietat intel\u00b7lectual i industrial del seu leg\u00edtim propietari. <\/p>\n<p>Els dissenys, logotips, textos, gr\u00e0fics, entre altres aliens al prestador i que puguin apar\u00e8ixer en aquest lloc web pertanyen als seus respectius propietaris, sent ells mateixos els responsables de qualsevol possible controv\u00e8rsia que pogu\u00e9s esdevenir respecte dels mateixos.<br \/>\nEn tot cas, el prestador compta amb l&#8217; autoritzaci\u00f3 expressa i pr\u00e8via per part dels mateixos per a la seva utilitzaci\u00f3 en aquesta p\u00e0gina web. <\/p>\n<p>El prestador reconeix a favor dels seus titulars els corresponents drets de propietat industrial i intel\u00b7lectual, no implicant la seva menci\u00f3 o aparici\u00f3 en el lloc web de l&#8217;exist\u00e8ncia de drets o cap responsabilitat del prestador sobre els mateixos, com tampoc recolzament, patrocini o recomanaci\u00f3 per part d&#8217;aquest.<\/p>\n<h2>6.- XARXES SOCIALS<\/h2>\n<p>L&#8217;informem que MITJANS ADVOCATS S.L.P. pot estar present en diverses xarxes socials.<br \/>\nEl tractament de les dades que els usuaris incloguin en les mateixes -sent seguidors dels perfils de MITJANS ADVOCATS S.L.P. o realitzant qualsevol vincle o acci\u00f3 de connexi\u00f3 a trav\u00e9s d&#8217;aquestes- es regir\u00e0 pel present apartat d&#8217;aquest Av\u00eds Legal.<br \/>\nQuan l&#8217;usuari es trobi en el perfil de MITJANS ADVOCATS S.L.P. a les diverses xarxes socials en qu\u00e8 tingui pres\u00e8ncia, li resultaran d&#8217;aplicaci\u00f3 les condicions d&#8217;\u00fas i les pol\u00edtiques de privacitat de les diferents xarxes socials.<br \/>\nMITJANS ADVOCATS S.L.P. no es far\u00e0 responsable dels comentaris que altres usuaris de les xarxes socials puguin publicar en el perfil de l&#8217;empresa, tot aix\u00f2 sense perjudici de les possibles accions que MITJANS ADVOCATS S.L.P. pugui exercir davant els titulars de les xarxes socials (per exemple, sol\u00b7licitud d&#8217;eliminaci\u00f3 de comentaris inapropiats, ofensius o lesius de drets d&#8217;altres usuaris).   <\/p>\n<p>MITJANS ADVOCATS S.L.P. tindr\u00e0 acc\u00e9s a les dades personals que l&#8217;usuari hagi publicat en els seus perfils de les xarxes socials de la mateixa manera que altres usuaris de les xarxes socials puguin tenir acc\u00e9s.<\/p>\n<p>Queda prohibida la publicaci\u00f3 del seg\u00fcent contingut en el perfil de MITJANS ADVOCATS S.L.P. en xarxes socials, tot aix\u00f2 sense perjudici de les normes de conducta i condicions d&#8217; \u00fas del servei imposades pels titulars de les diferents xarxes socials:<\/p>\n<ul>\n<li>Publicacions que incompleixin la normativa nacional, comunit\u00e0ria i internacional aplicable o que suposin la realitzaci\u00f3 d&#8217; activitats il\u00b7l\u00edcites o que contravinguin els principis de la bona fe.<\/li>\n<li>Publicacions que atemptin contra els drets fonamentals i llibertats p\u00fabliques de les persones, faltin a la cortesia a la xarxa, al respecte o al bon nom.<\/li>\n<\/ul>\n<p>Aix\u00ed mateix, MITJANS ADVOCATS S.L.P. es reserva la potestat de retirar de la p\u00e0gina web o de les xarxes socials aquells continguts que es considerin inapropiats.<\/p>\n<h2>7.- PROTECCI\u00d3 DE DADES<\/h2>\n<p>\u00c9s possible que el prestador obtingui dades personals dels usuaris a trav\u00e9s de formularis de contacte, formularis de registre o altres mitjans similars.<br \/>\nL&#8217;usuari podr\u00e0 obtenir m\u00e9s informaci\u00f3 sobre el tractament de les seves dades personals en la nostra Pol\u00edtica de privacitat o dirigint-se al prestador a trav\u00e9s de les dades de contacte contingudes en el present Av\u00eds Legal i a trav\u00e9s dels formularis de contacte que en el seu cas hagin estat habilitats a l&#8217;efecte. <\/p>\n<h2>8.- COOKIES<\/h2>\n<p>Aquest lloc web utilitza cookies pr\u00f2pies i de tercers.<br \/>\nPer con\u00e8ixer m\u00e9s informaci\u00f3 sobre qu\u00e8 s\u00f3n les cookies i per a qu\u00e8 les utilitzem pots accedir a la nostra <a href=\"https:\/\/ms-advocats.com\/politica-de-cookies\/\" target=\"_blank\" rel=\"noopener\">Pol\u00edtica de Cookies<\/a>. <\/p>\n<h2>9.- NUL\u00b7LITAT PARCIAL<\/h2>\n<p>Si alguna de les condicions del present Av\u00eds Legal fos declarada nul\u00b7la o inefica\u00e7 per resoluci\u00f3 ferma dictada per autoritat competent, els restants termes i condicions romandran en vigor sense que quedin afectats per l&#8217;esmentada declaraci\u00f3 de nul\u00b7litat.<\/p>\n<h2>10.- LLEI APLICABLE I JURISDICCI\u00d3<\/h2>\n<p>Per a la resoluci\u00f3 de les controv\u00e8rsies o q\u00fcestions relacionades amb les presents condicions resultar\u00e0 d&#8217; aplicaci\u00f3 la legislaci\u00f3 espanyola, essent competent per al coneixement dels conflictes que poguessin sorgir en la interpretaci\u00f3 i aplicaci\u00f3 de les presents condicions els Jutjats i Tribunals del domicili del prestador o de l&#8217; usuari a elecci\u00f3 d&#8217; aquest \u00faltim.<\/p>\n","protected":false},"excerpt":{"rendered":"<p>Per tal de donar compliment a l&#8217;article 10 de la Llei 34\/2002 de Serveis de la Societat de la Informaci\u00f3 i de comer\u00e7 electr\u00f2nic (LSSI-CE) informem els usuaris de les nostres dades identificatives i de contacte: Nom o Denominaci\u00f3 social: MITJANS ADVOCATS S.L.P. Domicili social: C\/ ENRIC GRANADOS 86-88 5E 1r 2a CP 08008 BARCELONA [&hellip;]<\/p>\n","protected":false},"author":2,"featured_media":0,"parent":0,"menu_order":0,"comment_status":"closed","ping_status":"closed","template":"","meta":{"_et_pb_use_builder":"","_et_pb_old_content":"","_et_gb_content_width":"","footnotes":""},"class_list":["post-1920","page","type-page","status-publish","hentry"],"_links":{"self":[{"href":"https:\/\/ms-advocats.com\/ca\/wp-json\/wp\/v2\/pages\/1920","targetHints":{"allow":["GET"]}}],"collection":[{"href":"https:\/\/ms-advocats.com\/ca\/wp-json\/wp\/v2\/pages"}],"about":[{"href":"https:\/\/ms-advocats.com\/ca\/wp-json\/wp\/v2\/types\/page"}],"author":[{"embeddable":true,"href":"https:\/\/ms-advocats.com\/ca\/wp-json\/wp\/v2\/users\/2"}],"replies":[{"embeddable":true,"href":"https:\/\/ms-advocats.com\/ca\/wp-json\/wp\/v2\/comments?post=1920"}],"version-history":[{"count":4,"href":"https:\/\/ms-advocats.com\/ca\/wp-json\/wp\/v2\/pages\/1920\/revisions"}],"predecessor-version":[{"id":9767,"href":"https:\/\/ms-advocats.com\/ca\/wp-json\/wp\/v2\/pages\/1920\/revisions\/9767"}],"wp:attachment":[{"href":"https:\/\/ms-advocats.com\/ca\/wp-json\/wp\/v2\/media?parent=1920"}],"curies":[{"name":"wp","href":"https:\/\/api.w.org\/{rel}","templated":true}]}}